{"id":97616,"date":"2022-10-12T07:14:34","date_gmt":"2022-10-12T05:14:34","guid":{"rendered":"http:\/\/dev.claret.cat\/producte\/explicacion-a-doce-salmos\/"},"modified":"2024-05-22T22:57:51","modified_gmt":"2024-05-22T20:57:51","slug":"explicacion-a-doce-salmos-9788497154895","status":"publish","type":"product","link":"https:\/\/www.claret.cat\/es\/libro\/explicacion-a-doce-salmos-9788497154895\/","title":{"rendered":"EXPLICACI\u00d3N A DOCE SALMOS"},"content":{"rendered":"<p>La Explicaci\u00f3n a doce salmos recogida en este volumen procede en su mayor parte de homil\u00edas pronunciadas por san Ambrosio de Mil\u00e1n a lo largo de los diez \u00faltimos a\u00f1os de su vida (387-397), transcritas taquigr\u00e1ficamente por sus oyentes y sometidas por \u00e9l mismo a una cuidadosa revisi\u00f3n antes de ser publicadas, como era su costumbre.<\/p>\n<p> Pertenecen al g\u00e9nero de las homil\u00edas exeg\u00e9ticas o textuales, ya cultivado por Or\u00edgenes y Basilio el Grande en griego.<\/p>\n","protected":false},"excerpt":{"rendered":"<p>AMBROSIO DE MIL\u00c1N<\/p>\n","protected":false},"featured_media":387781,"template":"","meta":{"_acf_changed":false,"om_disable_all_campaigns":false,"rs_blank_template":"","rs_page_bg_color":"","slide_template_v7":"","inline_featured_image":false,"_monsterinsights_skip_tracking":false,"_monsterinsights_sitenote_active":false,"_monsterinsights_sitenote_note":"","_monsterinsights_sitenote_category":0},"product_brand":[],"product_cat":[383,198],"product_tag":[],"class_list":{"0":"post-97616","1":"product","2":"type-product","3":"status-publish","4":"has-post-thumbnail","6":"product_cat-salmos-y-libros-poeticos","7":"product_cat-salms-i-llibres-poetics","9":"first","10":"instock","11":"taxable","12":"shipping-taxable","13":"purchasable","14":"product-type-simple"},"acf":{"editorial":[{"ID":6157,"post_author":"3","post_date":"2022-07-28 17:46:07","post_date_gmt":"2022-07-28 15:46:07","post_content":"","post_title":"Ciudad Nueva","post_excerpt":"","post_status":"publish","comment_status":"closed","ping_status":"closed","post_password":"","post_name":"ciudad-nueva","to_ping":"","pinged":"","post_modified":"2022-07-28 17:46:07","post_modified_gmt":"2022-07-28 15:46:07","post_content_filtered":"","post_parent":0,"guid":"http:\/\/dev.claret.cat\/editorial\/ciudad-nueva\/","menu_order":0,"post_type":"editorial","post_mime_type":"","comment_count":"0","filter":"raw"}],"autor":"AMBROSIO DE MIL\u00c1N","codart":"849715489","libros-coleccion":"Biblioteca de Patr\u00edstica","ediciones":"1","encuadernacion":"R\u00fastica","fecha_de_publicacion":"29\/01\/2021","novedad":"1","paginas":"584","subtitulo":"","orden":"0","portada":"0","idioma":"spa","autores-libros":[{"ID":149995,"post_author":"3","post_date":"2022-10-14 14:29:23","post_date_gmt":"2022-10-14 12:29:23","post_content":"","post_title":"AMBROSIO DE MIL\u00c1N","post_excerpt":"","post_status":"publish","comment_status":"closed","ping_status":"closed","post_password":"","post_name":"ambrosio-de-milan","to_ping":"","pinged":"","post_modified":"2022-10-14 14:29:23","post_modified_gmt":"2022-10-14 12:29:23","post_content_filtered":"","post_parent":0,"guid":"http:\/\/dev.claret.cat\/autor\/ambrosio-de-milan\/","menu_order":0,"post_type":"autor","post_mime_type":"","comment_count":"0","filter":"raw"}]},"aioseo_notices":[],"_links":{"self":[{"href":"https:\/\/www.claret.cat\/es\/wp-json\/wp\/v2\/product\/97616","targetHints":{"allow":["GET"]}}],"collection":[{"href":"https:\/\/www.claret.cat\/es\/wp-json\/wp\/v2\/product"}],"about":[{"href":"https:\/\/www.claret.cat\/es\/wp-json\/wp\/v2\/types\/product"}],"wp:featuredmedia":[{"embeddable":true,"href":"https:\/\/www.claret.cat\/es\/wp-json\/wp\/v2\/media\/387781"}],"wp:attachment":[{"href":"https:\/\/www.claret.cat\/es\/wp-json\/wp\/v2\/media?parent=97616"}],"wp:term":[{"taxonomy":"product_brand","embeddable":true,"href":"https:\/\/www.claret.cat\/es\/wp-json\/wp\/v2\/product_brand?post=97616"},{"taxonomy":"product_cat","embeddable":true,"href":"https:\/\/www.claret.cat\/es\/wp-json\/wp\/v2\/product_cat?post=97616"},{"taxonomy":"product_tag","embeddable":true,"href":"https:\/\/www.claret.cat\/es\/wp-json\/wp\/v2\/product_tag?post=97616"}],"curies":[{"name":"wp","href":"https:\/\/api.w.org\/{rel}","templated":true}]}}