{"id":976363,"date":"2024-08-26T17:35:47","date_gmt":"2024-08-26T15:35:47","guid":{"rendered":"https:\/\/www.claret.cat\/llibre\/inteligencias-9788410523807\/"},"modified":"2024-08-26T17:41:09","modified_gmt":"2024-08-26T15:41:09","slug":"inteligencias-9788410523807","status":"publish","type":"product","link":"https:\/\/www.claret.cat\/es\/libro\/inteligencias-9788410523807\/","title":{"rendered":"INTELIGENCIAS"},"content":{"rendered":"<p>La inteligencia artificial, la inteligencia humana y la inteligencia colectiva son tres pilares fundamentales en la construcci\u00f3n de nuestro futuro. Cada una de estas inteligencias tiene sus propias fortalezas y desaf\u00edos, y su interacci\u00f3n puede producir resultados tanto positivos como negativos. La IA ofrece herramientas poderosas, pero tambi\u00e9n plantea preguntas \u00e9ticas y existenciales profundas. La inteligencia humana, con su capacidad para la curiosidad y el juicio moral, sigue siendo esencial en un mundo cada vez m\u00e1s tecnol\u00f3gico. Por \u00faltimo, la inteligencia colectiva, potenciada por las tecnolog\u00edas digitales, posee el potencial de transformar nuestras sociedades, siempre y cuando abordemos sus desaf\u00edos con esmero y responsabilidad.  Veinte expertos reflexionan en estas p\u00e1ginas sobre la forma de entender el poder humano en la construcci\u00f3n de sociedades abiertas, cr\u00edticas y \u00e9ticas, lo cual es la base para desarrollar un progreso inteligente y justo.  \u00abLa misi\u00f3n principal del lenguaje humano es comunicar, la de la inteligencia artificial es responder\u00bb.  Yolanda Rom\u00e1n Gonz\u00e1lez  \u00abLa \u00e9tica de la inteligencia art<\/p>\n","protected":false},"excerpt":{"rendered":"<p>AA.VV.<\/p>\n","protected":false},"featured_media":976364,"template":"","meta":{"_acf_changed":false,"om_disable_all_campaigns":false,"rs_blank_template":"","rs_page_bg_color":"","slide_template_v7":"","inline_featured_image":false,"_monsterinsights_skip_tracking":false,"_monsterinsights_sitenote_active":false,"_monsterinsights_sitenote_note":"","_monsterinsights_sitenote_category":0},"product_brand":[],"product_cat":[169,440,175,445],"product_tag":[],"class_list":{"0":"post-976363","1":"product","2":"type-product","3":"status-publish","4":"has-post-thumbnail","6":"product_cat-de-la-ciencia","7":"product_cat-de-la-ciencia-filosofia-2_humanidades","8":"product_cat-etica","9":"product_cat-etica-filosofia-2_humanidades","11":"first","12":"instock","13":"taxable","14":"shipping-taxable","15":"purchasable","16":"product-type-simple"},"acf":{"autor":"AA.VV.","codart":"841052380","libros-coleccion":"Ensayo","ediciones":"1","encuadernacion":"Carpeta","fecha_de_publicacion":"01\/08\/2024","novedad":"1","paginas":"195","subtitulo":"","orden":"0","portada":"0","idioma":"spa","editorial":[{"ID":147919,"post_author":"3","post_date":"2022-10-14 11:54:15","post_date_gmt":"2022-10-14 09:54:15","post_content":"","post_title":"EDITORIAL ALMUZARA","post_excerpt":"","post_status":"publish","comment_status":"closed","ping_status":"closed","post_password":"","post_name":"editorial-almuzara","to_ping":"","pinged":"","post_modified":"2022-10-14 11:54:15","post_modified_gmt":"2022-10-14 09:54:15","post_content_filtered":"","post_parent":0,"guid":"http:\/\/dev.claret.cat\/editorial\/editorial-almuzara\/","menu_order":0,"post_type":"editorial","post_mime_type":"","comment_count":"0","filter":"raw"}]},"aioseo_notices":[],"_links":{"self":[{"href":"https:\/\/www.claret.cat\/es\/wp-json\/wp\/v2\/product\/976363","targetHints":{"allow":["GET"]}}],"collection":[{"href":"https:\/\/www.claret.cat\/es\/wp-json\/wp\/v2\/product"}],"about":[{"href":"https:\/\/www.claret.cat\/es\/wp-json\/wp\/v2\/types\/product"}],"wp:featuredmedia":[{"embeddable":true,"href":"https:\/\/www.claret.cat\/es\/wp-json\/wp\/v2\/media\/976364"}],"wp:attachment":[{"href":"https:\/\/www.claret.cat\/es\/wp-json\/wp\/v2\/media?parent=976363"}],"wp:term":[{"taxonomy":"product_brand","embeddable":true,"href":"https:\/\/www.claret.cat\/es\/wp-json\/wp\/v2\/product_brand?post=976363"},{"taxonomy":"product_cat","embeddable":true,"href":"https:\/\/www.claret.cat\/es\/wp-json\/wp\/v2\/product_cat?post=976363"},{"taxonomy":"product_tag","embeddable":true,"href":"https:\/\/www.claret.cat\/es\/wp-json\/wp\/v2\/product_tag?post=976363"}],"curies":[{"name":"wp","href":"https:\/\/api.w.org\/{rel}","templated":true}]}}