{"id":976402,"date":"2024-08-26T19:50:12","date_gmt":"2024-08-26T17:50:12","guid":{"rendered":"https:\/\/www.claret.cat\/llibre\/poesia-completa-19572023-9788491365433\/"},"modified":"2025-06-02T21:05:26","modified_gmt":"2025-06-02T19:05:26","slug":"poesia-completa-19572023-9788491365433","status":"publish","type":"product","link":"https:\/\/www.claret.cat\/es\/libro\/poesia-completa-19572023-9788491365433\/","title":{"rendered":"POESIA COMPLETA (1957-2023)"},"content":{"rendered":"<p><em>Poesia Completa<\/em> de <strong>Josep Ruaix<\/strong> recopila m\u00e9s de sis d\u00e8cades de producci\u00f3 po\u00e8tica d\u2019aquest reconegut eclesi\u00e0stic, escriptor i gram\u00e0tic catal\u00e0. Dividida en dues seccions \u2014poesia can\u00f2nica i composicions no can\u00f2niques\u2014, l\u2019obra ofereix una experi\u00e8ncia \u00fanica per als amants de la poesia i els estudiosos de la cultura catalana.<\/p>\n<p>Aquest volum no nom\u00e9s emociona per la seva profunditat est\u00e8tica, sin\u00f3 que tamb\u00e9 actua com un testimoni viu d&#8217;una \u00e8poca, reflectint la societat, les persones i els llocs que han marcat la vida de l&#8217;autor.<\/p>\n","protected":false},"excerpt":{"rendered":"<p>RUAIX I VINYET, JOSEP<\/p>\n","protected":false},"featured_media":995121,"template":"","meta":{"_acf_changed":false,"om_disable_all_campaigns":false,"rs_blank_template":"","rs_page_bg_color":"","slide_template_v7":"","inline_featured_image":false,"_monsterinsights_skip_tracking":false,"_monsterinsights_sitenote_active":false,"_monsterinsights_sitenote_note":"","_monsterinsights_sitenote_category":0},"product_brand":[],"product_cat":[581,340,121,358,128],"product_tag":[],"class_list":{"0":"post-976402","1":"product","2":"type-product","3":"status-publish","4":"has-post-thumbnail","6":"product_cat-editorial-claret","7":"product_cat-poesia-5_otras","8":"product_cat-poesia","9":"product_cat-poesia-contemporanea","10":"product_cat-poesia-contemporania","12":"first","13":"instock","14":"taxable","15":"shipping-taxable","16":"purchasable","17":"product-type-simple"},"acf":{"autor":"RUAIX I VINYET, JOSEP","codart":"849136543","libros-coleccion":"FORA DE COL.LECCI\u00d3","ediciones":"1","encuadernacion":"R\u00fastica","fecha_de_publicacion":"10\/09\/2024","novedad":"1","paginas":"290","subtitulo":"","orden":"0","portada":"1","idioma":"cat","editorial":[{"ID":6158,"post_author":"3","post_date":"2022-07-28 17:46:08","post_date_gmt":"2022-07-28 15:46:08","post_content":"","post_title":"CLARET","post_excerpt":"","post_status":"publish","comment_status":"closed","ping_status":"closed","post_password":"","post_name":"claret","to_ping":"","pinged":"","post_modified":"2022-07-28 17:46:08","post_modified_gmt":"2022-07-28 15:46:08","post_content_filtered":"","post_parent":0,"guid":"http:\/\/dev.claret.cat\/editorial\/claret\/","menu_order":0,"post_type":"editorial","post_mime_type":"","comment_count":"0","filter":"raw"}],"autores-libros":[{"ID":8368,"post_author":"3","post_date":"2022-09-30 09:48:03","post_date_gmt":"2022-09-30 07:48:03","post_content":"Eclesi\u00e0stic, gram\u00e0tic i escriptor. Estudi\u00e0\u00a0la carrera eclesi\u00e0stica i la de magisteri al\u00a0Seminari de Vic i a la Facultat de Teologia de Catalunya; es llicenci\u00e0 en humanitats al Pontifici Institut Superior de\u00a0Llatinitat en 1969 i en filologia cl\u00e0ssica a\u00a0la Universitat de Barcelona en 1979. Ordenat de prevere en 1966, ha exercit el ministeri sacerdotal en diverses parr\u00f2quies de Roma i del bisbat de Vic. Ha exercit\u00a0com a docent en nombrosos centres i ha publicat una\u00a0seixantena de t\u00edtols d\u2019obres sobre gram\u00e0tica.","post_title":"JOSEP RUAIX I VINYET","post_excerpt":"","post_status":"publish","comment_status":"closed","ping_status":"closed","post_password":"","post_name":"josep-ruaix-i-vinyet","to_ping":"","pinged":"","post_modified":"2023-06-14 12:30:22","post_modified_gmt":"2023-06-14 10:30:22","post_content_filtered":"","post_parent":0,"guid":"http:\/\/dev.claret.cat\/autor\/josep-ruaix-i-vinyet\/","menu_order":0,"post_type":"autor","post_mime_type":"","comment_count":"0","filter":"raw"}],"booktrailer":"","linkebook":"","ficha":"849136543_1725362482.pdf","muestra":"","precioebook":"0","presentacion":"","resenas":"<p>Catalunya Religi\u00f3, 10\/09\/2024<\/p>\n<p><a href=\"https:\/\/www.catalunyareligio.cat\/ca\/editorial-claret-publica-poesia-completa-josep\" rel=\"noopener noreferrer\" target=\"_blank\">https:\/\/www.catalunyareligio.cat\/ca\/editorial-claret-publica-poesia-completa-josep<\/a><\/p>\n<p><\/p>\n<p>Catalunya Religi\u00f3, 23\/09\/2024<\/p>\n<p><a href=\"https:\/\/www.catalunyareligio.cat\/ca\/blog\/llibres-recomanats\/poesia-completa-315548\" rel=\"noopener noreferrer\" target=\"_blank\">https:\/\/www.catalunyareligio.cat\/ca\/blog\/llibres-recomanats\/poesia-completa-315548<\/a><\/p>\n<p><\/p>\n<p>Regi\u00f3 7, 27\/09\/2024<\/p>\n<p><a href=\"https:\/\/www.regio7.cat\/opinio\/2024\/09\/27\/ruaix-vinyet-poeta-108623767.html\" rel=\"noopener noreferrer\" target=\"_blank\">https:\/\/www.regio7.cat\/opinio\/2024\/09\/27\/ruaix-vinyet-poeta-108623767.html<\/a><\/p>\n<p><\/p>\n<p>Catalunya Cristiana (catal\u00e0), 20\/10\/2024<\/p>\n<p><a href=\"https:\/\/drive.google.com\/file\/d\/1p9DqN_5jiRy9DWeoDoZQryXpPbj9pLXo\/view?usp=sharing\" rel=\"noopener noreferrer\" target=\"_blank\">https:\/\/drive.google.com\/file\/d\/1p9DqN_5jiRy9DWeoDoZQryXpPbj9pLXo\/view?usp=sharing<\/a><\/p>\n<p><\/p>\n<p>Catalunya Cristiana (castellano), 20\/10\/2024<\/p>\n<p><a href=\"https:\/\/drive.google.com\/file\/d\/1p9DqN_5jiRy9DWeoDoZQryXpPbj9pLXo\/view?usp=sharing\" rel=\"noopener noreferrer\" target=\"_blank\">https:\/\/drive.google.com\/file\/d\/1IHzi4ggyBvjD17GsX9qDXpqiB5qEs0ZU\/view?usp=sharing<\/a><\/p>\n<p><\/p>\n<p>Catalunya Cristiana (catal\u00e0), 15\/10\/2024<\/p>\n<p><a href=\"https:\/\/www.catalunyacristiana.cat\/mn-josep-ruaix-i-vinyet-faig-a-la-cultura-catalana-una-aportacio-benintencionada\/\" rel=\"noopener noreferrer\" target=\"_blank\">https:\/\/www.catalunyacristiana.cat\/mn-josep-ruaix-i-vinyet-faig-a-la-cultura-catalana-una-aportacio-benintencionada\/<\/a><\/p>\n<p><\/p>\n<p>El9nou, 18\/11\/2024<\/p>\n<p><a href=\"https:\/\/drive.google.com\/file\/d\/1RlbSRpTNZZ8G3eyvqRSB2Zl8CQEqIdxo\/view?usp=sharing\" rel=\"noopener noreferrer\" target=\"_blank\">https:\/\/drive.google.com\/file\/d\/1RlbSRpTNZZ8G3eyvqRSB2Zl8CQEqIdxo\/view?usp=sharing<\/a><\/p>\n<p><\/p>\n<p>Regi\u00f3 7, 11\/12\/2024<\/p>\n<p><a href=\"https:\/\/drive.google.com\/file\/d\/1YzHYtrHicpo_4Y2MBzulxHA5bM7qzXHb\/view?usp=sharing\" rel=\"noopener noreferrer\" target=\"_blank\">https:\/\/drive.google.com\/file\/d\/1YzHYtrHicpo_4Y2MBzulxHA5bM7qzXHb\/view?usp=sharing<\/a><\/p>\n<p><\/p>\n<p>Vilaweb, 12\/12\/2024<\/p>\n<p><a href=\"https:\/\/www.vilaweb.cat\/noticies\/josep-ruaix-normativa-afavorir-genuinitat\/\" rel=\"noopener noreferrer\" target=\"_blank\">https:\/\/www.vilaweb.cat\/noticies\/josep-ruaix-normativa-afavorir-genuinitat\/<\/a><\/p>\n<p><\/p>\n<p>Revista Serra d&#8217;Or, 05\/05\/2025<\/p>\n<p><a href=\"https:\/\/drive.google.com\/file\/d\/1uYdCuZ2aD9RrjSDxwxaELrjv4V6ooKlw\/view?usp=sharing\" rel=\"noopener noreferrer\" target=\"_blank\">https:\/\/drive.google.com\/file\/d\/1uYdCuZ2aD9RrjSDxwxaELrjv4V6ooKlw\/view?usp=sharing<\/a><\/p>\n","traductores-libros":"","ilustradores-libros":"","formato":"","ebookportada":false,"recomendamos":"","mas_vendido":""},"aioseo_notices":[],"_links":{"self":[{"href":"https:\/\/www.claret.cat\/es\/wp-json\/wp\/v2\/product\/976402","targetHints":{"allow":["GET"]}}],"collection":[{"href":"https:\/\/www.claret.cat\/es\/wp-json\/wp\/v2\/product"}],"about":[{"href":"https:\/\/www.claret.cat\/es\/wp-json\/wp\/v2\/types\/product"}],"wp:featuredmedia":[{"embeddable":true,"href":"https:\/\/www.claret.cat\/es\/wp-json\/wp\/v2\/media\/995121"}],"wp:attachment":[{"href":"https:\/\/www.claret.cat\/es\/wp-json\/wp\/v2\/media?parent=976402"}],"wp:term":[{"taxonomy":"product_brand","embeddable":true,"href":"https:\/\/www.claret.cat\/es\/wp-json\/wp\/v2\/product_brand?post=976402"},{"taxonomy":"product_cat","embeddable":true,"href":"https:\/\/www.claret.cat\/es\/wp-json\/wp\/v2\/product_cat?post=976402"},{"taxonomy":"product_tag","embeddable":true,"href":"https:\/\/www.claret.cat\/es\/wp-json\/wp\/v2\/product_tag?post=976402"}],"curies":[{"name":"wp","href":"https:\/\/api.w.org\/{rel}","templated":true}]}}