{"id":976434,"date":"2024-08-27T11:00:32","date_gmt":"2024-08-27T09:00:32","guid":{"rendered":"https:\/\/www.claret.cat\/llibre\/el-jardin-suspendido-en-el-tiempo-cinco-mujeres-un-jardin-lleno-de-secretos-b-9788410080713\/"},"modified":"2024-08-27T11:00:50","modified_gmt":"2024-08-27T09:00:50","slug":"el-jardin-suspendido-en-el-tiempo-cinco-mujeres-un-jardin-lleno-de-secretos-b-9788410080713","status":"publish","type":"product","link":"https:\/\/www.claret.cat\/es\/libro\/el-jardin-suspendido-en-el-tiempo-cinco-mujeres-un-jardin-lleno-de-secretos-b-9788410080713\/","title":{"rendered":"EL JARD\u00cdN SUSPENDIDO EN EL TIEMPO. CINCO MUJERES, UN JARD\u00cdN LLENO DE SECRETOS. B"},"content":{"rendered":"<p>CINCO MUJERES, TRES \u00c9POCAS, UN JARD\u00cdN LLENO DE SECRETOSPresente. Emma Lovett acaba de recibir una gran oportunidad profesional: restaurar los jardines de Highbury House, de m\u00e1s de un siglo de antig\u00fcedad. Ha dedicado mucho tiempo a estudiar la obra de Venetia Smith, la reconocida creadora de exuberantes paisajes, y ahora tiene la oportunidad de rendirle homenaje. Pero Emma no imagina que, en realidad, los jardines a los que deber\u00e1 devolver todo su esplendor esconden un secreto?<br \/>1907. Venetia Smith es una ambiciosa artista con talento que trabaja para hombres ricos de gran estatus social. Cuando la contratan para trabajar en el jard\u00edn de Highbury House est\u00e1 entusiasmada: ese puede ser su salto al estrellato. Ella a\u00fan no lo sabe, pero el lugar cambiar\u00e1 su vida para siempre.<br \/>1944. La vida de Beth Pedley ha dado un vuelco a causa de la guerra, por lo que, cuando llega a Highbury, lo \u00fanico que desea es encontrar paz. Pero la destrucci\u00f3n amenaza con llegar a la finca, que ahora se ha convertido en un hospital para soldados heridos. Y la propietaria de Highbury House har\u00e1 todo lo posible para salvar su hogar y sus felices recuerdos.BESTSELLER EN EL REINO UNIDO<br \/>TRADUCIDO A 13 IDIOMAS\u00abUn equilibrio perfecto entre misterio, drama y amor. Tiene todo lo que se espera de ella.\u00bb Publishers Weekly<br \/>\u00abUna lectura conmovedora y envolvente. Perfecta para las fans de Downton Abbey.\u00bb Booklist<br \/>\u00abSi te gustan las flores, te encantar\u00e1 este libro.\u00bb Library Journal<\/p>\n","protected":false},"excerpt":{"rendered":"<p>KELLY, JULIA<\/p>\n","protected":false},"featured_media":976435,"template":"","meta":{"_acf_changed":false,"om_disable_all_campaigns":false,"rs_blank_template":"","rs_page_bg_color":"","slide_template_v7":"","inline_featured_image":false,"_monsterinsights_skip_tracking":false,"_monsterinsights_sitenote_active":false,"_monsterinsights_sitenote_note":"","_monsterinsights_sitenote_category":0},"product_brand":[],"product_cat":[127,357],"product_tag":[],"class_list":{"0":"post-976434","1":"product","2":"type-product","3":"status-publish","4":"has-post-thumbnail","6":"product_cat-novella-contemporania","7":"product_cat-novela-contemporanea","9":"first","10":"instock","11":"taxable","12":"shipping-taxable","13":"purchasable","14":"product-type-simple"},"acf":{"autor":"KELLY, JULIA","codart":"841008071","libros-coleccion":"FORA DE COL.LECCI\u00d3","ediciones":"1","encuadernacion":"Carpeta","fecha_de_publicacion":"01\/09\/2024","novedad":"1","paginas":"410","subtitulo":"","orden":"0","portada":"0","idioma":"spa","editorial":[{"ID":386718,"post_author":"3","post_date":"2023-02-10 19:28:07","post_date_gmt":"2023-02-10 18:28:07","post_content":"","post_title":"Newton Compton Editores","post_excerpt":"","post_status":"publish","comment_status":"closed","ping_status":"closed","post_password":"","post_name":"newton-compton-editores","to_ping":"","pinged":"","post_modified":"2023-02-10 19:28:07","post_modified_gmt":"2023-02-10 18:28:07","post_content_filtered":"","post_parent":0,"guid":"https:\/\/www.claret.cat\/editorial\/newton-compton-editores\/","menu_order":0,"post_type":"editorial","post_mime_type":"","comment_count":"0","filter":"raw"}]},"aioseo_notices":[],"_links":{"self":[{"href":"https:\/\/www.claret.cat\/es\/wp-json\/wp\/v2\/product\/976434","targetHints":{"allow":["GET"]}}],"collection":[{"href":"https:\/\/www.claret.cat\/es\/wp-json\/wp\/v2\/product"}],"about":[{"href":"https:\/\/www.claret.cat\/es\/wp-json\/wp\/v2\/types\/product"}],"wp:featuredmedia":[{"embeddable":true,"href":"https:\/\/www.claret.cat\/es\/wp-json\/wp\/v2\/media\/976435"}],"wp:attachment":[{"href":"https:\/\/www.claret.cat\/es\/wp-json\/wp\/v2\/media?parent=976434"}],"wp:term":[{"taxonomy":"product_brand","embeddable":true,"href":"https:\/\/www.claret.cat\/es\/wp-json\/wp\/v2\/product_brand?post=976434"},{"taxonomy":"product_cat","embeddable":true,"href":"https:\/\/www.claret.cat\/es\/wp-json\/wp\/v2\/product_cat?post=976434"},{"taxonomy":"product_tag","embeddable":true,"href":"https:\/\/www.claret.cat\/es\/wp-json\/wp\/v2\/product_tag?post=976434"}],"curies":[{"name":"wp","href":"https:\/\/api.w.org\/{rel}","templated":true}]}}