{"id":976472,"date":"2024-08-27T11:50:17","date_gmt":"2024-08-27T09:50:17","guid":{"rendered":"https:\/\/www.claret.cat\/llibre\/drila-cocodrila-6-compartir-es-viure-9788413898865\/"},"modified":"2025-10-20T20:18:31","modified_gmt":"2025-10-20T18:18:31","slug":"drila-cocodrila-6-compartir-es-viure-9788413898865","status":"publish","type":"product","link":"https:\/\/www.claret.cat\/es\/libro\/drila-cocodrila-6-compartir-es-viure-9788413898865\/","title":{"rendered":"DRILA COCODRILA 6. COMPARTIR \u00c9S VIURE"},"content":{"rendered":"<p>DRILA COCODRILA \u00e9s una col\u00b7lecci\u00f3 de llibres en lletra maj\u00fascula per aprendre a llegir\u00a0protagonitzada per cinc animals peculiars que viuen en un prat molt especial.<br \/> La Drila viu amb els seus amics Mapi, Cuc i les Ovelles a Pratverd, un lloc min\u00fascul on succeeixen aventures MAJ\u00daSCULES.<br \/> A\u00a0COMPARTIR \u00c9S VIURE, la Drila i el Mapi ensenyen als habitants de Patverd la import\u00e0ncia de compartir i de ser emp\u00e0tics. Tot i que al principi alguns no ho entenen i fan trampes, el fet de cuinar junts una sopa de pedra, on cadasc\u00fa hi afegeix un ingredient, els fa descobrir una realitat meravellosa: compartir \u00e9s viure!<br \/> PER QU\u00c8 \u00c9S PERFECTE PERQU\u00c8 ES LLANCIN A LLEGIR SOLS?<\/p>\n<p> -Amb\u00a04 vinyetes\u00a0a cada p\u00e0gina i poc text, permet passar de p\u00e0gina amb rapidesa, cosa que fa la sensaci\u00f3 d&#8221;avan\u00e7ar en la lectura,\u00a0refor\u00e7a la motivaci\u00f3 i evita la frustraci\u00f3\u00a0dels aprenents de lector.\u00a0<br \/> -La lletra maj\u00fascula\u00a0\u00e9s m\u00e9s f\u00e0cil de recon\u00e8ixer pels aprenents de lector.<br \/> -Els nens i les nenes de 5 anys\u00a0ja estan acostumats a veure s\u00e8ries i pel\u00b7lis amb\u00a0trames complexes\u00a0i amb un sentit de l&#8221;humor molt desenvolupat. Per\u00f2 encara no saben llegir sols. Per aix\u00f2\u00a0el format en vinyetes els permet entrar en una hist\u00f2ria amb una trama i un sentit de l&#8221;humor ajustats al seu nivell, i alhora fa possible que llegeixin sols amb facilitat.<br \/> PER QU\u00c8 ELS ENCANTARAN LES AVENTURES DE LA DRILA I ELS SEUS AMICS?<\/p>\n<p> -En cada llibre, trobaran\u00a0situacions que s&#8221;assemblen molt a les que es poden trobar al pati d&#8221;una escola: amistat, baralles, jocs i trampes, gesti\u00f3 de la frustraci\u00f3, descobrir els propis talents&#8230;<br \/> -La Drila, el Mapi, el Cuc i les ovelles s\u00f3n cinc personatges\u00a0entranyables i divertid\u00edssims, tots\u00a0amb una personalitat \u00fanica que els robar\u00e0 el cor.<br \/> -Se submergiran en un m\u00f3n de diversi\u00f3, amistat i descobriments mentre aprenen a con\u00e8ixer-se ells mateixos i l&#8221;entorn on viuen.<\/p>\n","protected":false},"excerpt":{"rendered":"<p>G\u00d3MEZ<\/p>\n","protected":false},"featured_media":977006,"template":"","meta":{"_acf_changed":false,"om_disable_all_campaigns":false,"rs_blank_template":"","rs_page_bg_color":"","slide_template_v7":"","inline_featured_image":false,"_monsterinsights_skip_tracking":false,"_monsterinsights_sitenote_active":false,"_monsterinsights_sitenote_note":"","_monsterinsights_sitenote_category":0},"product_brand":[],"product_cat":[131,361],"product_tag":[],"class_list":{"0":"post-976472","1":"product","2":"type-product","3":"status-publish","4":"has-post-thumbnail","6":"product_cat-contes-per-infants-0-6-anys","7":"product_cat-cuentos-para-ninos-0-6-anos","9":"first","10":"instock","11":"taxable","12":"shipping-taxable","13":"purchasable","14":"product-type-simple"},"acf":{"autor":"G\u00d3MEZ","codart":"841389886","libros-coleccion":"Primers lectors","ediciones":"1","encuadernacion":"Carton\u00e9","fecha_de_publicacion":"01\/08\/2024","novedad":"1","paginas":"62","subtitulo":"","orden":"0","portada":"0","idioma":"cat","editorial":[{"ID":6249,"post_author":"3","post_date":"2022-07-28 17:48:09","post_date_gmt":"2022-07-28 15:48:09","post_content":"","post_title":"Estrella Polar","post_excerpt":"","post_status":"publish","comment_status":"closed","ping_status":"closed","post_password":"","post_name":"estrella-polar","to_ping":"","pinged":"","post_modified":"2022-07-28 17:48:09","post_modified_gmt":"2022-07-28 15:48:09","post_content_filtered":"","post_parent":0,"guid":"http:\/\/dev.claret.cat\/editorial\/estrella-polar\/","menu_order":0,"post_type":"editorial","post_mime_type":"","comment_count":"0","filter":"raw"}],"booktrailer":"","resenas":""},"aioseo_notices":[],"_links":{"self":[{"href":"https:\/\/www.claret.cat\/es\/wp-json\/wp\/v2\/product\/976472","targetHints":{"allow":["GET"]}}],"collection":[{"href":"https:\/\/www.claret.cat\/es\/wp-json\/wp\/v2\/product"}],"about":[{"href":"https:\/\/www.claret.cat\/es\/wp-json\/wp\/v2\/types\/product"}],"wp:featuredmedia":[{"embeddable":true,"href":"https:\/\/www.claret.cat\/es\/wp-json\/wp\/v2\/media\/977006"}],"wp:attachment":[{"href":"https:\/\/www.claret.cat\/es\/wp-json\/wp\/v2\/media?parent=976472"}],"wp:term":[{"taxonomy":"product_brand","embeddable":true,"href":"https:\/\/www.claret.cat\/es\/wp-json\/wp\/v2\/product_brand?post=976472"},{"taxonomy":"product_cat","embeddable":true,"href":"https:\/\/www.claret.cat\/es\/wp-json\/wp\/v2\/product_cat?post=976472"},{"taxonomy":"product_tag","embeddable":true,"href":"https:\/\/www.claret.cat\/es\/wp-json\/wp\/v2\/product_tag?post=976472"}],"curies":[{"name":"wp","href":"https:\/\/api.w.org\/{rel}","templated":true}]}}