{"id":976498,"date":"2024-08-27T12:45:02","date_gmt":"2024-08-27T10:45:02","guid":{"rendered":"https:\/\/www.claret.cat\/llibre\/el-diario-de-gero-1-no-faltes-al-cole-9788408290209\/"},"modified":"2024-09-02T13:22:19","modified_gmt":"2024-09-02T11:22:19","slug":"el-diario-de-gero-1-no-faltes-al-cole-9788408290209","status":"publish","type":"product","link":"https:\/\/www.claret.cat\/es\/libro\/el-diario-de-gero-1-no-faltes-al-cole-9788408290209\/","title":{"rendered":"EL DIARIO DE GERO 1. \u00a1NO FALTES AL COLE!"},"content":{"rendered":"<p>\u00a1El diario m\u00e1s loco de Gero!\u00a1Hola! Si a\u00fan no me conoces, soy Geronimo Stilton. S\u00e9 que es un nombre demasiado largo, as\u00ed que ll\u00e1mame Gero. Vivo en Ratonia y, cuando no me queda m\u00e1s remedio, voy al colegio. Eso si no me cruzo con alguna se\u00f1al de \u00abProhibido\u00bb. Ah\u00ed solo se me ocurre hacer una cosa. \u00a1\u00a1\u00a1IGNORARLA!!!<\/p>\n","protected":false},"excerpt":{"rendered":"<p>STILTON, GERONIMO<\/p>\n","protected":false},"featured_media":977201,"template":"","meta":{"_acf_changed":false,"om_disable_all_campaigns":false,"rs_blank_template":"","rs_page_bg_color":"","slide_template_v7":"","inline_featured_image":false,"_monsterinsights_skip_tracking":false,"_monsterinsights_sitenote_active":false,"_monsterinsights_sitenote_note":"","_monsterinsights_sitenote_category":0},"product_brand":[],"product_cat":[132,362],"product_tag":[],"class_list":{"0":"post-976498","1":"product","2":"type-product","3":"status-publish","4":"has-post-thumbnail","6":"product_cat-lectures-per-preadolescents-6-12-anys","7":"product_cat-libros-preadolescentes-6-12-anos","9":"first","10":"instock","11":"taxable","12":"shipping-taxable","13":"purchasable","14":"product-type-simple"},"acf":{"autor":"STILTON, GERONIMO","codart":"840829020","libros-coleccion":"FORA DE COL.LECCI\u00d3","ediciones":"1","encuadernacion":"Carton\u00e9","fecha_de_publicacion":"01\/08\/2024","novedad":"1","paginas":"192","subtitulo":"","orden":"0","portada":"1","idioma":"spa","editorial":[{"ID":6233,"post_author":"3","post_date":"2022-07-28 17:47:48","post_date_gmt":"2022-07-28 15:47:48","post_content":"","post_title":"EDITORIAL PLANETA","post_excerpt":"","post_status":"publish","comment_status":"closed","ping_status":"closed","post_password":"","post_name":"editorial-planeta","to_ping":"","pinged":"","post_modified":"2022-07-28 17:47:48","post_modified_gmt":"2022-07-28 15:47:48","post_content_filtered":"","post_parent":0,"guid":"http:\/\/dev.claret.cat\/editorial\/editorial-planeta\/","menu_order":0,"post_type":"editorial","post_mime_type":"","comment_count":"0","filter":"raw"}]},"aioseo_notices":[],"_links":{"self":[{"href":"https:\/\/www.claret.cat\/es\/wp-json\/wp\/v2\/product\/976498","targetHints":{"allow":["GET"]}}],"collection":[{"href":"https:\/\/www.claret.cat\/es\/wp-json\/wp\/v2\/product"}],"about":[{"href":"https:\/\/www.claret.cat\/es\/wp-json\/wp\/v2\/types\/product"}],"wp:featuredmedia":[{"embeddable":true,"href":"https:\/\/www.claret.cat\/es\/wp-json\/wp\/v2\/media\/977201"}],"wp:attachment":[{"href":"https:\/\/www.claret.cat\/es\/wp-json\/wp\/v2\/media?parent=976498"}],"wp:term":[{"taxonomy":"product_brand","embeddable":true,"href":"https:\/\/www.claret.cat\/es\/wp-json\/wp\/v2\/product_brand?post=976498"},{"taxonomy":"product_cat","embeddable":true,"href":"https:\/\/www.claret.cat\/es\/wp-json\/wp\/v2\/product_cat?post=976498"},{"taxonomy":"product_tag","embeddable":true,"href":"https:\/\/www.claret.cat\/es\/wp-json\/wp\/v2\/product_tag?post=976498"}],"curies":[{"name":"wp","href":"https:\/\/api.w.org\/{rel}","templated":true}]}}