{"id":976524,"date":"2024-08-27T16:10:02","date_gmt":"2024-08-27T14:10:02","guid":{"rendered":"https:\/\/www.claret.cat\/llibre\/los-ojos-de-la-fe-9788413392066\/"},"modified":"2024-08-30T17:15:15","modified_gmt":"2024-08-30T15:15:15","slug":"los-ojos-de-la-fe-9788413392066","status":"publish","type":"product","link":"https:\/\/www.claret.cat\/es\/libro\/los-ojos-de-la-fe-9788413392066\/","title":{"rendered":"LOS OJOS DE LA FE"},"content":{"rendered":"<p>A pesar de su lejan\u00eda (1910), Los ojos de la fe contin\u00faa representando una concepci\u00f3n teol\u00f3gica muy significativa en la historia moderna de las explicaciones acerca de la fe cristiana. En medio de la multiplicidad de estas, centradas unas veces en las condiciones objetivas que la acreditan o en las condiciones subjetivas que la posibilitan, la posici\u00f3n de Rousselot es clara y decididamente \u00abteol\u00f3gica\u00bb: marca una etapa capital en la historia de las discusiones modernas sobre el tema.<\/p>\n","protected":false},"excerpt":{"rendered":"<p>ROUSSELOT, PIERRE<\/p>\n","protected":false},"featured_media":976572,"template":"","meta":{"_acf_changed":false,"om_disable_all_campaigns":false,"rs_blank_template":"","rs_page_bg_color":"","slide_template_v7":"","inline_featured_image":false,"_monsterinsights_skip_tracking":false,"_monsterinsights_sitenote_active":false,"_monsterinsights_sitenote_note":"","_monsterinsights_sitenote_category":0},"product_brand":[],"product_cat":[418,284],"product_tag":[],"class_list":{"0":"post-976524","1":"product","2":"type-product","3":"status-publish","4":"has-post-thumbnail","6":"product_cat-espiritual-teologia-1_espiritualidad","7":"product_cat-espiritual","9":"first","10":"instock","11":"taxable","12":"shipping-taxable","13":"purchasable","14":"product-type-simple"},"acf":{"autor":"ROUSSELOT, PIERRE","codart":"841339206","libros-coleccion":"BOLSILLO","ediciones":"1","encuadernacion":"R\u00fastica","fecha_de_publicacion":"01\/07\/2024","novedad":"1","paginas":"128","subtitulo":"","orden":"0","portada":"0","idioma":"spa","editorial":[{"ID":6201,"post_author":"3","post_date":"2022-07-28 17:47:01","post_date_gmt":"2022-07-28 15:47:01","post_content":"","post_title":"Ediciones Encuentro","post_excerpt":"","post_status":"publish","comment_status":"closed","ping_status":"closed","post_password":"","post_name":"ediciones-encuentro","to_ping":"","pinged":"","post_modified":"2022-07-28 17:47:01","post_modified_gmt":"2022-07-28 15:47:01","post_content_filtered":"","post_parent":0,"guid":"http:\/\/dev.claret.cat\/editorial\/ediciones-encuentro\/","menu_order":0,"post_type":"editorial","post_mime_type":"","comment_count":"0","filter":"raw"}]},"aioseo_notices":[],"_links":{"self":[{"href":"https:\/\/www.claret.cat\/es\/wp-json\/wp\/v2\/product\/976524","targetHints":{"allow":["GET"]}}],"collection":[{"href":"https:\/\/www.claret.cat\/es\/wp-json\/wp\/v2\/product"}],"about":[{"href":"https:\/\/www.claret.cat\/es\/wp-json\/wp\/v2\/types\/product"}],"wp:featuredmedia":[{"embeddable":true,"href":"https:\/\/www.claret.cat\/es\/wp-json\/wp\/v2\/media\/976572"}],"wp:attachment":[{"href":"https:\/\/www.claret.cat\/es\/wp-json\/wp\/v2\/media?parent=976524"}],"wp:term":[{"taxonomy":"product_brand","embeddable":true,"href":"https:\/\/www.claret.cat\/es\/wp-json\/wp\/v2\/product_brand?post=976524"},{"taxonomy":"product_cat","embeddable":true,"href":"https:\/\/www.claret.cat\/es\/wp-json\/wp\/v2\/product_cat?post=976524"},{"taxonomy":"product_tag","embeddable":true,"href":"https:\/\/www.claret.cat\/es\/wp-json\/wp\/v2\/product_tag?post=976524"}],"curies":[{"name":"wp","href":"https:\/\/api.w.org\/{rel}","templated":true}]}}