{"id":9766,"date":"2022-09-30T19:43:57","date_gmt":"2022-09-30T17:43:57","guid":{"rendered":"http:\/\/dev.claret.cat\/producte\/anna-karenina-el-manga\/"},"modified":"2026-01-28T11:45:37","modified_gmt":"2026-01-28T10:45:37","slug":"anna-karenina-el-manga-9788416763320","status":"publish","type":"product","link":"https:\/\/www.claret.cat\/es\/libro\/anna-karenina-el-manga-9788416763320\/","title":{"rendered":"ANNA KARENINA &#8211; EL MANGA"},"content":{"rendered":"<p>Adaptaci\u00f3n al manga de la obra m\u00e1s representativa del gran escritor ruso Le\u00f3n Tolst\u00f3i.<br \/>Anna Karenina mantiene una apasionada historia de amor ad\u00faltero con el conde Aleks\u00e9i Vronsky. Una relaci\u00f3n que presagia lo peor y que lleva a sus protagonistas a uno de los finales m\u00e1s famosos y cargados de simbolismo de la literatura universal.<br \/>El manga est\u00e1 centrado en la peripecia sentimental de Anna y Aleks\u00e9i \u2013idilio al cual asisten el marido de Anna, el conde Karenin, y el hijo de ambos, Seryozha\u2013, pero tambi\u00e9n se  centra en las relaciones de las otras dos parejas protagonistas: Dolly y Stiva, por un lado, y Kitty y Levin, por el otro. Probablemente, el antagonismo decisivo en la historia se cifre en las trayectorias divergentes de Levin y Anna. Levin, al ver rechazada su propuesta de matrimonio por Kitty, retorna al campo, recupera la seguridad en s\u00ed mismo y encuentra sentido a su vida en contacto con los campesinos, lo cual le permite  sobreponerse, volver a pedir la mano de Kitty y comenzar una vida juntos, mientras que Anna, fascinada por el lujo de la vida urbana y enamorada del amor, se siente tentada por Vronsky, una relaci\u00f3n que ya presagia desgracia, pero a la que es incapaz de sustraerse.<br \/>\u00abEn la vida no existe nada m\u00e1s aparte del sufrimiento. Todos nacemos \u00fanicamente para sufrir.\u00bb<\/p>\n","protected":false},"excerpt":{"rendered":"<p>TOLST\u00d3I, LE\u00d3N<\/p>\n","protected":false},"featured_media":330179,"template":"","meta":{"_acf_changed":false,"om_disable_all_campaigns":false,"rs_blank_template":"","rs_page_bg_color":"","slide_template_v7":"","inline_featured_image":false,"_monsterinsights_skip_tracking":false,"_monsterinsights_sitenote_active":false,"_monsterinsights_sitenote_note":"","_monsterinsights_sitenote_category":0},"product_brand":[],"product_cat":[558,108,87,353],"product_tag":[],"class_list":{"0":"post-9766","1":"product","2":"type-product","3":"status-publish","4":"has-post-thumbnail","6":"product_cat-comic-3_infantil-juvenil-spa-spa","7":"product_cat-comic","8":"product_cat-literatura","9":"product_cat-literatura-2_humanidades","11":"first","12":"instock","13":"taxable","14":"shipping-taxable","15":"purchasable","16":"product-type-simple"},"acf":{"autor":"TOLST\u00d3I, LE\u00d3N","codart":"841676332","libros-coleccion":"FORA DE COL.LECCI\u00d3","ediciones":"1","encuadernacion":"R\u00fastica","fecha_de_publicacion":"11\/05\/2017","novedad":"1","paginas":"196","subtitulo":"","orden":"0","portada":"0","idioma":"spa","editorial":[{"ID":6266,"post_author":"3","post_date":"2022-07-28 17:48:31","post_date_gmt":"2022-07-28 15:48:31","post_content":"","post_title":"HERDER","post_excerpt":"","post_status":"publish","comment_status":"closed","ping_status":"closed","post_password":"","post_name":"herder","to_ping":"","pinged":"","post_modified":"2022-07-28 17:48:31","post_modified_gmt":"2022-07-28 15:48:31","post_content_filtered":"","post_parent":0,"guid":"http:\/\/dev.claret.cat\/editorial\/herder\/","menu_order":0,"post_type":"editorial","post_mime_type":"","comment_count":"0","filter":"raw"}],"autores-libros":[{"ID":162121,"post_author":"3","post_date":"2022-10-14 17:28:31","post_date_gmt":"2022-10-14 15:28:31","post_content":"","post_title":"LEON TOLSTOI","post_excerpt":"","post_status":"publish","comment_status":"closed","ping_status":"closed","post_password":"","post_name":"leon-tolstoi","to_ping":"","pinged":"","post_modified":"2022-10-14 17:28:31","post_modified_gmt":"2022-10-14 15:28:31","post_content_filtered":"","post_parent":0,"guid":"http:\/\/dev.claret.cat\/autor\/leon-tolstoi\/","menu_order":0,"post_type":"autor","post_mime_type":"","comment_count":"0","filter":"raw"}],"booktrailer":"","resenas":""},"aioseo_notices":[],"_links":{"self":[{"href":"https:\/\/www.claret.cat\/es\/wp-json\/wp\/v2\/product\/9766","targetHints":{"allow":["GET"]}}],"collection":[{"href":"https:\/\/www.claret.cat\/es\/wp-json\/wp\/v2\/product"}],"about":[{"href":"https:\/\/www.claret.cat\/es\/wp-json\/wp\/v2\/types\/product"}],"wp:featuredmedia":[{"embeddable":true,"href":"https:\/\/www.claret.cat\/es\/wp-json\/wp\/v2\/media\/330179"}],"wp:attachment":[{"href":"https:\/\/www.claret.cat\/es\/wp-json\/wp\/v2\/media?parent=9766"}],"wp:term":[{"taxonomy":"product_brand","embeddable":true,"href":"https:\/\/www.claret.cat\/es\/wp-json\/wp\/v2\/product_brand?post=9766"},{"taxonomy":"product_cat","embeddable":true,"href":"https:\/\/www.claret.cat\/es\/wp-json\/wp\/v2\/product_cat?post=9766"},{"taxonomy":"product_tag","embeddable":true,"href":"https:\/\/www.claret.cat\/es\/wp-json\/wp\/v2\/product_tag?post=9766"}],"curies":[{"name":"wp","href":"https:\/\/api.w.org\/{rel}","templated":true}]}}