{"id":97661,"date":"2022-10-12T07:15:11","date_gmt":"2022-10-12T05:15:11","guid":{"rendered":"http:\/\/dev.claret.cat\/producte\/que-es-el-orientalismo\/"},"modified":"2023-01-28T19:51:15","modified_gmt":"2023-01-28T18:51:15","slug":"que-es-el-orientalismo-9788418205576","status":"publish","type":"product","link":"https:\/\/www.claret.cat\/es\/libro\/que-es-el-orientalismo-9788418205576\/","title":{"rendered":"QU\u00c9 ES EL ORIENTALISMO?"},"content":{"rendered":"<p>\u00bfQu\u00e9 es el orientalismo? A pesar de los a\u00f1os transcurridos desde la publicaci\u00f3n del c\u00e9lebre libro de Edward Said, a finales de los setenta, que tuvo una gran repercusi\u00f3n mundial, y que a\u00fan hoy d\u00eda es referente para cualquier estudio sobre el fen\u00f3meno imaginario del ?Oriente?, la pregunta sigue en el aire. El polimorfismo del orientalismo ha contribuido a mantenerlo activo en muchas \u00e1reas del conocimiento, sea en las artes pl\u00e1sticas, en la literatura, en la ciencia human\u00edstica, en la arquitectura, en la  fotograf\u00eda, en la m\u00fasica o en el cine. El orientalismo identificado con el mundo isl\u00e1mico, en particular, se nutre del exotismo, pero tambi\u00e9n de varias y complejas fuentes, como del concepto de decadencia de Occidente y la anhelada regeneraci\u00f3n oriental de este, del fanatismo pol\u00edtico-religioso, del misterio, de la supremac\u00eda del deseo sexual, de la ciudad desordenada y laber\u00edntica, etc.  El orientalismo, considerado en su generalidad, nos enfrenta a problemas que conciernen directamente a la identidad de Occidente, m\u00e1s all\u00e1 de cualquier discurso estereotipado, en particular al deseo latente en este de retor<\/p>\n","protected":false},"excerpt":{"rendered":"<p>GONZ\u00c1LEZ ALCANTUD,JOS\u00c9 ANTONIO<\/p>\n","protected":false},"featured_media":97662,"template":"","meta":{"_acf_changed":false,"om_disable_all_campaigns":false,"rs_blank_template":"","rs_page_bg_color":"","slide_template_v7":"","inline_featured_image":false,"_monsterinsights_skip_tracking":false,"_monsterinsights_sitenote_active":false,"_monsterinsights_sitenote_note":"","_monsterinsights_sitenote_category":0},"product_brand":[],"product_cat":[148],"product_tag":[],"class_list":{"0":"post-97661","1":"product","2":"type-product","3":"status-publish","4":"has-post-thumbnail","6":"product_cat-antiga","8":"first","9":"instock","10":"taxable","11":"shipping-taxable","12":"purchasable","13":"product-type-simple"},"acf":{"autor":"GONZ\u00c1LEZ ALCANTUD,JOS\u00c9 ANTONIO","codart":"841820557","libros-coleccion":"Historia","ediciones":"1","encuadernacion":"R\u00fastica","fecha_de_publicacion":"01\/01\/2021","novedad":"1","paginas":"496","subtitulo":"","orden":"0","portada":"0","idioma":"spa","editorial":[{"ID":147919,"post_author":"3","post_date":"2022-10-14 11:54:15","post_date_gmt":"2022-10-14 09:54:15","post_content":"","post_title":"EDITORIAL ALMUZARA","post_excerpt":"","post_status":"publish","comment_status":"closed","ping_status":"closed","post_password":"","post_name":"editorial-almuzara","to_ping":"","pinged":"","post_modified":"2022-10-14 11:54:15","post_modified_gmt":"2022-10-14 09:54:15","post_content_filtered":"","post_parent":0,"guid":"http:\/\/dev.claret.cat\/editorial\/editorial-almuzara\/","menu_order":0,"post_type":"editorial","post_mime_type":"","comment_count":"0","filter":"raw"}],"autores-libros":[{"ID":160164,"post_author":"3","post_date":"2022-10-14 15:50:49","post_date_gmt":"2022-10-14 13:50:49","post_content":"","post_title":"JOSE ANTONIO GONZALEZ ALCANTUD","post_excerpt":"","post_status":"publish","comment_status":"closed","ping_status":"closed","post_password":"","post_name":"jose-antonio-gonzalez-alcantud","to_ping":"","pinged":"","post_modified":"2022-10-14 15:50:49","post_modified_gmt":"2022-10-14 13:50:49","post_content_filtered":"","post_parent":0,"guid":"http:\/\/dev.claret.cat\/autor\/jose-antonio-gonzalez-alcantud\/","menu_order":0,"post_type":"autor","post_mime_type":"","comment_count":"0","filter":"raw"}]},"aioseo_notices":[],"_links":{"self":[{"href":"https:\/\/www.claret.cat\/es\/wp-json\/wp\/v2\/product\/97661","targetHints":{"allow":["GET"]}}],"collection":[{"href":"https:\/\/www.claret.cat\/es\/wp-json\/wp\/v2\/product"}],"about":[{"href":"https:\/\/www.claret.cat\/es\/wp-json\/wp\/v2\/types\/product"}],"wp:featuredmedia":[{"embeddable":true,"href":"https:\/\/www.claret.cat\/es\/wp-json\/wp\/v2\/media\/97662"}],"wp:attachment":[{"href":"https:\/\/www.claret.cat\/es\/wp-json\/wp\/v2\/media?parent=97661"}],"wp:term":[{"taxonomy":"product_brand","embeddable":true,"href":"https:\/\/www.claret.cat\/es\/wp-json\/wp\/v2\/product_brand?post=97661"},{"taxonomy":"product_cat","embeddable":true,"href":"https:\/\/www.claret.cat\/es\/wp-json\/wp\/v2\/product_cat?post=97661"},{"taxonomy":"product_tag","embeddable":true,"href":"https:\/\/www.claret.cat\/es\/wp-json\/wp\/v2\/product_tag?post=97661"}],"curies":[{"name":"wp","href":"https:\/\/api.w.org\/{rel}","templated":true}]}}