{"id":976754,"date":"2024-08-28T16:50:02","date_gmt":"2024-08-28T14:50:02","guid":{"rendered":"https:\/\/www.claret.cat\/llibre\/maimai-el-caracol-de-taro-9788410200586\/"},"modified":"2024-09-26T09:45:34","modified_gmt":"2024-09-26T07:45:34","slug":"maimai-el-caracol-de-taro-9788410200586","status":"publish","type":"product","link":"https:\/\/www.claret.cat\/es\/libro\/maimai-el-caracol-de-taro-9788410200586\/","title":{"rendered":"MA\u00cfMA\u00cf, EL CARACOL DE TAR\u00d4"},"content":{"rendered":"<p>Ma\u00efma\u00ef, el caracol de Tar\u00f4, es la esperada quinta parte de la pentalog\u00eda<strong> La sombra del cardo<\/strong>, de<a href=\"https:\/\/www.claret.cat\/es\/catalogo\/?b=Aki+Shimazaki\"><strong> Aki Shimazaki<\/strong> <\/a>una de las series m\u00e1s exitosas de la<strong> literatura japonesa<\/strong> de las \u00faltimas d\u00e9cadas.<\/p>\n<p>La repentina muerte de la atractiva Mitsuko Tsuji sorprende a todos, incluidos los clientes de su librer\u00eda, Kit\u00f4. Cuando llegan visitantes para presentar sus \u00faltimos respetos, Tar\u00f4, el hijo sordomudo de Mitsuko, est\u00e1 preocupado por ciertos detalles de su historia familiar. Pero esto pierde importancia cuando llega a darle el p\u00e9same una joven que despierta en \u00e9l una profunda inquietud, algo como un amor incipiente, algo como un recuerdo precioso.<\/p>\n<p>\u00abEs hora de decir alto y claro la felicidad que conlleva cada publicaci\u00f3n de un nuevo libro de Aki Shimazaki [\u2026]. Sus enigm\u00e1ticas novelas ocupan menos de doscientas p\u00e1ginas y se guardan f\u00e1cilmente cerca del coraz\u00f3n\u00bb.<br \/>\nT\u00e9l\u00e9rama<\/p>\n","protected":false},"excerpt":{"rendered":"<p>Aki Shimazaki<\/p>\n","protected":false},"featured_media":976755,"template":"","meta":{"_acf_changed":false,"om_disable_all_campaigns":false,"rs_blank_template":"","rs_page_bg_color":"","slide_template_v7":"","inline_featured_image":false,"_monsterinsights_skip_tracking":false,"_monsterinsights_sitenote_active":false,"_monsterinsights_sitenote_note":"","_monsterinsights_sitenote_category":0},"product_brand":[],"product_cat":[127,357],"product_tag":[],"class_list":{"0":"post-976754","1":"product","2":"type-product","3":"status-publish","4":"has-post-thumbnail","6":"product_cat-novella-contemporania","7":"product_cat-novela-contemporanea","9":"first","10":"instock","11":"taxable","12":"shipping-taxable","13":"purchasable","14":"product-type-simple"},"acf":{"autor":"SHIMAZAKI, AKI","codart":"841020058","libros-coleccion":"Otras Latitudes","ediciones":"1","encuadernacion":"R\u00fastica","fecha_de_publicacion":"01\/09\/2024","novedad":"1","paginas":"190","subtitulo":"","orden":"0","portada":"0","idioma":"spa","editorial":[{"ID":148581,"post_author":"3","post_date":"2022-10-14 11:59:22","post_date_gmt":"2022-10-14 09:59:22","post_content":"","post_title":"N\u00d3RDICA LIBROS","post_excerpt":"","post_status":"publish","comment_status":"closed","ping_status":"closed","post_password":"","post_name":"nordica-libros","to_ping":"","pinged":"","post_modified":"2022-10-14 11:59:22","post_modified_gmt":"2022-10-14 09:59:22","post_content_filtered":"","post_parent":0,"guid":"http:\/\/dev.claret.cat\/editorial\/nordica-libros\/","menu_order":0,"post_type":"editorial","post_mime_type":"","comment_count":"0","filter":"raw"}],"autores-libros":"","traductores-libros":"","ilustradores-libros":"","formato":"","linkebook":"","precioebook":"","ebookportada":false,"ficha":"","muestra":"","presentacion":"","booktrailer":"","resenas":"","recomendamos":"","mas_vendido":""},"aioseo_notices":[],"_links":{"self":[{"href":"https:\/\/www.claret.cat\/es\/wp-json\/wp\/v2\/product\/976754","targetHints":{"allow":["GET"]}}],"collection":[{"href":"https:\/\/www.claret.cat\/es\/wp-json\/wp\/v2\/product"}],"about":[{"href":"https:\/\/www.claret.cat\/es\/wp-json\/wp\/v2\/types\/product"}],"wp:featuredmedia":[{"embeddable":true,"href":"https:\/\/www.claret.cat\/es\/wp-json\/wp\/v2\/media\/976755"}],"wp:attachment":[{"href":"https:\/\/www.claret.cat\/es\/wp-json\/wp\/v2\/media?parent=976754"}],"wp:term":[{"taxonomy":"product_brand","embeddable":true,"href":"https:\/\/www.claret.cat\/es\/wp-json\/wp\/v2\/product_brand?post=976754"},{"taxonomy":"product_cat","embeddable":true,"href":"https:\/\/www.claret.cat\/es\/wp-json\/wp\/v2\/product_cat?post=976754"},{"taxonomy":"product_tag","embeddable":true,"href":"https:\/\/www.claret.cat\/es\/wp-json\/wp\/v2\/product_tag?post=976754"}],"curies":[{"name":"wp","href":"https:\/\/api.w.org\/{rel}","templated":true}]}}