{"id":976843,"date":"2024-08-29T11:55:36","date_gmt":"2024-08-29T09:55:36","guid":{"rendered":"https:\/\/www.claret.cat\/llibre\/aprendre-a-llegir-3-un-detectiu-molt-viu-9788466157964\/"},"modified":"2026-02-25T11:15:24","modified_gmt":"2026-02-25T10:15:24","slug":"aprendre-a-llegir-3-un-detectiu-molt-viu-9788466157964","status":"publish","type":"product","link":"https:\/\/www.claret.cat\/es\/libro\/aprendre-a-llegir-3-un-detectiu-molt-viu-9788466157964\/","title":{"rendered":"APRENDRE A LLEGIR 3. UN DETECTIU MOLT VIU"},"content":{"rendered":"<p>Al supermercat hi passen coses molt estranyes. El gos Noc hi anir\u00e0 de seguida per investigar qui est\u00e0 provocant tots aquests desastres.\u00a0 <br \/>   Una col\u00b7lecci\u00f3 per aprendre a llegir. Amb unes hist\u00f2ries molt divertides amb\u00a0text rimat,\u00a0lletra maj\u00fascula i activitats finals de comprensi\u00f3.<\/p>\n","protected":false},"excerpt":{"rendered":"<p>GIL MART\u00cdNEZ, CARMEN<\/p>\n","protected":false},"featured_media":976952,"template":"","meta":{"_acf_changed":false,"om_disable_all_campaigns":false,"rs_blank_template":"","rs_page_bg_color":"","slide_template_v7":"","inline_featured_image":false,"_monsterinsights_skip_tracking":false,"_monsterinsights_sitenote_active":false,"_monsterinsights_sitenote_note":"","_monsterinsights_sitenote_category":0},"product_brand":[],"product_cat":[131,361],"product_tag":[],"class_list":{"0":"post-976843","1":"product","2":"type-product","3":"status-publish","4":"has-post-thumbnail","6":"product_cat-contes-per-infants-0-6-anys","7":"product_cat-cuentos-para-ninos-0-6-anos","9":"first","10":"instock","11":"taxable","12":"shipping-taxable","13":"purchasable","14":"product-type-simple"},"acf":{"autor":"GIL MART\u00cdNEZ, CARMEN","codart":"846615796","libros-coleccion":"FORA DE COL.LECCI\u00d3","ediciones":"1","encuadernacion":"R\u00fastica","fecha_de_publicacion":"01\/08\/2024","novedad":"1","paginas":"50","subtitulo":"","orden":"0","portada":"0","idioma":"cat","editorial":[{"ID":147679,"post_author":"3","post_date":"2022-10-14 11:52:25","post_date_gmt":"2022-10-14 09:52:25","post_content":"","post_title":"CRUILLA \/SM-EDICIONS -VALENCIANO\/CATALAN","post_excerpt":"","post_status":"publish","comment_status":"closed","ping_status":"closed","post_password":"","post_name":"cruilla-sm-edicions-valenciano-catalan","to_ping":"","pinged":"","post_modified":"2022-10-14 11:52:25","post_modified_gmt":"2022-10-14 09:52:25","post_content_filtered":"","post_parent":0,"guid":"http:\/\/dev.claret.cat\/editorial\/cruilla-sm-edicions-valenciano-catalan\/","menu_order":0,"post_type":"editorial","post_mime_type":"","comment_count":"0","filter":"raw"}],"booktrailer":"","resenas":""},"aioseo_notices":[],"_links":{"self":[{"href":"https:\/\/www.claret.cat\/es\/wp-json\/wp\/v2\/product\/976843","targetHints":{"allow":["GET"]}}],"collection":[{"href":"https:\/\/www.claret.cat\/es\/wp-json\/wp\/v2\/product"}],"about":[{"href":"https:\/\/www.claret.cat\/es\/wp-json\/wp\/v2\/types\/product"}],"wp:featuredmedia":[{"embeddable":true,"href":"https:\/\/www.claret.cat\/es\/wp-json\/wp\/v2\/media\/976952"}],"wp:attachment":[{"href":"https:\/\/www.claret.cat\/es\/wp-json\/wp\/v2\/media?parent=976843"}],"wp:term":[{"taxonomy":"product_brand","embeddable":true,"href":"https:\/\/www.claret.cat\/es\/wp-json\/wp\/v2\/product_brand?post=976843"},{"taxonomy":"product_cat","embeddable":true,"href":"https:\/\/www.claret.cat\/es\/wp-json\/wp\/v2\/product_cat?post=976843"},{"taxonomy":"product_tag","embeddable":true,"href":"https:\/\/www.claret.cat\/es\/wp-json\/wp\/v2\/product_tag?post=976843"}],"curies":[{"name":"wp","href":"https:\/\/api.w.org\/{rel}","templated":true}]}}