{"id":976912,"date":"2024-08-30T11:00:02","date_gmt":"2024-08-30T09:00:02","guid":{"rendered":"https:\/\/www.claret.cat\/llibre\/youcat-catequesis-en-dialogo-9788413391991\/"},"modified":"2026-04-24T14:29:54","modified_gmt":"2026-04-24T12:29:54","slug":"youcat-catequesis-en-dialogo-9788413391991","status":"publish","type":"product","link":"https:\/\/www.claret.cat\/es\/libro\/youcat-catequesis-en-dialogo-9788413391991\/","title":{"rendered":"YOUCAT CATEQUESIS EN DI\u00c1LOGO"},"content":{"rendered":"<p>Catequesis en di\u00e1logo. Un m\u00e9todo innovador es el manual para todo el que quiera saber c\u00f3mo hacer la catequesis de una forma nueva dejando una huella profunda en la gente joven.<br \/> Una introducci\u00f3n general a la catequesis moderna, pero tambi\u00e9n, y muy especialmente, un complemento ideal para todos aquellos que trabajan hoy con YOUCAT, el catecismo joven de la Iglesia cat\u00f3lica. El libro contiene:<br \/> &#8211; La fundamentaci\u00f3n te\u00f3rica de la catequesis en di\u00e1logo<br \/> &#8211; MISSIO JOVEN: la propuesta formativa de un a\u00f1o y medio de duraci\u00f3n para j\u00f3venes catequistas<br \/> &#8211; Un curso de siete d\u00edas de \u00abForma al formador\u00bb: una formaci\u00f3n para sacerdotes, catequistas y gu\u00edas espirituales que quieran aprender c\u00f3mo establecer un contacto m\u00e1s cercano con sus grupos.<br \/> Adem\u00e1s, tambi\u00e9n incluye una serie de indicaciones para ejercicios pr\u00e1cticos, aparte de est\u00edmulos para las ponencias, juegos y muchas cosas m\u00e1s.<br \/> Todos los materiales de trabajo que se incluyen se pueden descargar en la p\u00e1gina web de YOUCAT. El libro ha sido elaborado con la participaci\u00f3n de experimentados catequistas de todo el mundo procedentes del grupo de trabajo YOUCAT.<\/p>\n","protected":false},"excerpt":{"rendered":"<p>VV.AA.<\/p>\n","protected":false},"featured_media":976913,"template":"","meta":{"_acf_changed":false,"om_disable_all_campaigns":false,"rs_blank_template":"","rs_page_bg_color":"","slide_template_v7":"","inline_featured_image":false,"_monsterinsights_skip_tracking":false,"_monsterinsights_sitenote_active":false,"_monsterinsights_sitenote_note":"","_monsterinsights_sitenote_category":0},"product_brand":[],"product_cat":[225,483,218,477,582],"product_tag":[],"class_list":{"0":"post-976912","1":"product","2":"type-product","3":"status-publish","4":"has-post-thumbnail","6":"product_cat-catecismes","7":"product_cat-catecismos","8":"product_cat-confirmacio","9":"product_cat-confirmacion","10":"product_cat-portada-es","12":"first","13":"instock","14":"taxable","15":"shipping-taxable","16":"purchasable","17":"product-type-simple"},"acf":{"autor":"VV.AA.","codart":"841339199","libros-coleccion":"YOUCAT","ediciones":"1","encuadernacion":"R\u00fastica","fecha_de_publicacion":"01\/08\/2024","novedad":"1","paginas":"104","subtitulo":"UN M\u00c9TODO INNOVADOR","orden":"0","portada":"0","idioma":"spa","editorial":[{"ID":6201,"post_author":"3","post_date":"2022-07-28 17:47:01","post_date_gmt":"2022-07-28 15:47:01","post_content":"","post_title":"Ediciones Encuentro","post_excerpt":"","post_status":"publish","comment_status":"closed","ping_status":"closed","post_password":"","post_name":"ediciones-encuentro","to_ping":"","pinged":"","post_modified":"2022-07-28 17:47:01","post_modified_gmt":"2022-07-28 15:47:01","post_content_filtered":"","post_parent":0,"guid":"http:\/\/dev.claret.cat\/editorial\/ediciones-encuentro\/","menu_order":0,"post_type":"editorial","post_mime_type":"","comment_count":"0","filter":"raw"}],"booktrailer":"","resenas":""},"aioseo_notices":[],"_links":{"self":[{"href":"https:\/\/www.claret.cat\/es\/wp-json\/wp\/v2\/product\/976912","targetHints":{"allow":["GET"]}}],"collection":[{"href":"https:\/\/www.claret.cat\/es\/wp-json\/wp\/v2\/product"}],"about":[{"href":"https:\/\/www.claret.cat\/es\/wp-json\/wp\/v2\/types\/product"}],"wp:featuredmedia":[{"embeddable":true,"href":"https:\/\/www.claret.cat\/es\/wp-json\/wp\/v2\/media\/976913"}],"wp:attachment":[{"href":"https:\/\/www.claret.cat\/es\/wp-json\/wp\/v2\/media?parent=976912"}],"wp:term":[{"taxonomy":"product_brand","embeddable":true,"href":"https:\/\/www.claret.cat\/es\/wp-json\/wp\/v2\/product_brand?post=976912"},{"taxonomy":"product_cat","embeddable":true,"href":"https:\/\/www.claret.cat\/es\/wp-json\/wp\/v2\/product_cat?post=976912"},{"taxonomy":"product_tag","embeddable":true,"href":"https:\/\/www.claret.cat\/es\/wp-json\/wp\/v2\/product_tag?post=976912"}],"curies":[{"name":"wp","href":"https:\/\/api.w.org\/{rel}","templated":true}]}}