{"id":976943,"date":"2024-08-30T13:40:21","date_gmt":"2024-08-30T11:40:21","guid":{"rendered":"https:\/\/www.claret.cat\/llibre\/la-supraconciencia-existe-9788408291282\/"},"modified":"2026-03-25T12:50:39","modified_gmt":"2026-03-25T11:50:39","slug":"la-supraconciencia-existe-9788408291282","status":"publish","type":"product","link":"https:\/\/www.claret.cat\/es\/libro\/la-supraconciencia-existe-9788408291282\/","title":{"rendered":"LA SUPRACONCIENCIA EXISTE"},"content":{"rendered":"<p><strong class='ql-size-large'>El libro definitivo sobre el fen\u00f3meno de las Experiencias Cercanas a la Muerte (ECM) y su poder para transformar nuestras vidas<\/strong><\/p>\n<p>\u00bfQu\u00e9 ocurre despu\u00e9s de la muerte? \u00bfExiste la conciencia m\u00e1s all\u00e1 del cuerpo? El Dr. Manuel Sans Segarra, prestigioso cirujano e investigador de la supraconciencia, junto con el periodista Juan Carlos Cebri\u00e1n, exploran las <strong>Experiencias Cercanas a la Muerte (ECM)<\/strong> desde una perspectiva <strong>cient\u00edfica, espiritual y filos\u00f3fica<\/strong>.<\/p>\n<p>Basado en casos documentados y en los \u00faltimos avances en <strong>f\u00edsica cu\u00e1ntica y neurociencia<\/strong>, este libro desaf\u00eda las creencias tradicionales y abre un debate profundo sobre la <strong>vida despu\u00e9s de la muerte<\/strong>. Una obra reveladora que responde a las grandes preguntas de la humanidad, ayud\u00e1ndonos a superar el miedo a la muerte y a comprender el prop\u00f3sito de nuestra existencia.<\/p>\n<p>Si buscas respuestas sobre la <strong>conciencia, la fe y la trascendencia<\/strong>, este libro es una lectura imprescindible.<\/p>\n","protected":false},"excerpt":{"rendered":"<p>DR. MANUEL SANS SEGARRA \/ CEBRI\u00c1N, JUAN CARLOS<\/p>\n","protected":false},"featured_media":1006450,"template":"","meta":{"_acf_changed":false,"om_disable_all_campaigns":false,"rs_blank_template":"","rs_page_bg_color":"","slide_template_v7":"","inline_featured_image":false,"_monsterinsights_skip_tracking":false,"_monsterinsights_sitenote_active":false,"_monsterinsights_sitenote_note":"","_monsterinsights_sitenote_category":0},"product_brand":[],"product_cat":[90,308,540],"product_tag":[],"class_list":{"0":"post-976943","1":"product","2":"type-product","3":"status-publish","4":"has-post-thumbnail","6":"product_cat-altres","7":"product_cat-castella","8":"product_cat-otros","10":"first","11":"instock","12":"taxable","13":"shipping-taxable","14":"purchasable","15":"product-type-simple"},"acf":{"autor":"DR. MANUEL SANS SEGARRA \/ CEBRI\u00c1N, JUAN CARLOS","codart":"840829128","libros-coleccion":"NO FICCION","ediciones":"1","encuadernacion":"R\u00fastica","fecha_de_publicacion":"16\/09\/2024","novedad":"1","paginas":"240","subtitulo":"VIDA DESPU\u00c9S DE LA VIDA","orden":"8","portada":"1","idioma":"spa","editorial":[{"ID":6233,"post_author":"3","post_date":"2022-07-28 17:47:48","post_date_gmt":"2022-07-28 15:47:48","post_content":"","post_title":"EDITORIAL PLANETA","post_excerpt":"","post_status":"publish","comment_status":"closed","ping_status":"closed","post_password":"","post_name":"editorial-planeta","to_ping":"","pinged":"","post_modified":"2022-07-28 17:47:48","post_modified_gmt":"2022-07-28 15:47:48","post_content_filtered":"","post_parent":0,"guid":"http:\/\/dev.claret.cat\/editorial\/editorial-planeta\/","menu_order":0,"post_type":"editorial","post_mime_type":"","comment_count":"0","filter":"raw"}],"autores-libros":"","traductores-libros":"","ilustradores-libros":"","formato":"","linkebook":"","precioebook":"0","ebookportada":false,"ficha":"","muestra":"","presentacion":"","booktrailer":"","resenas":"","recomendamos":"","mas_vendido":""},"aioseo_notices":[],"_links":{"self":[{"href":"https:\/\/www.claret.cat\/es\/wp-json\/wp\/v2\/product\/976943","targetHints":{"allow":["GET"]}}],"collection":[{"href":"https:\/\/www.claret.cat\/es\/wp-json\/wp\/v2\/product"}],"about":[{"href":"https:\/\/www.claret.cat\/es\/wp-json\/wp\/v2\/types\/product"}],"wp:featuredmedia":[{"embeddable":true,"href":"https:\/\/www.claret.cat\/es\/wp-json\/wp\/v2\/media\/1006450"}],"wp:attachment":[{"href":"https:\/\/www.claret.cat\/es\/wp-json\/wp\/v2\/media?parent=976943"}],"wp:term":[{"taxonomy":"product_brand","embeddable":true,"href":"https:\/\/www.claret.cat\/es\/wp-json\/wp\/v2\/product_brand?post=976943"},{"taxonomy":"product_cat","embeddable":true,"href":"https:\/\/www.claret.cat\/es\/wp-json\/wp\/v2\/product_cat?post=976943"},{"taxonomy":"product_tag","embeddable":true,"href":"https:\/\/www.claret.cat\/es\/wp-json\/wp\/v2\/product_tag?post=976943"}],"curies":[{"name":"wp","href":"https:\/\/api.w.org\/{rel}","templated":true}]}}