{"id":977237,"date":"2024-09-02T13:45:26","date_gmt":"2024-09-02T11:45:26","guid":{"rendered":"https:\/\/www.claret.cat\/llibre\/caure-del-cavall-9788410188105\/"},"modified":"2025-01-13T17:55:17","modified_gmt":"2025-01-13T16:55:17","slug":"caure-del-cavall-9788410188105","status":"publish","type":"product","link":"https:\/\/www.claret.cat\/es\/libro\/caure-del-cavall-9788410188105\/","title":{"rendered":"CAURE DEL CAVALL"},"content":{"rendered":"<p>De cam\u00ed a Damasc, Saule sent la veu de Jes\u00fas i cau del cavall. \u00c9s aix\u00ed com aquell que havia estat un furibund perseguidor de cristians va convertir-se en el gran predicador del cristia\u00adnisme. Des d&#x2019;aleshores, \u00abcaure del cavall\u00bb \u00e9s sin\u00ad\u00f2nim de patir una transformaci\u00f3 profunda. \u00bfPer\u00f2 qu\u00e8 vol dir, canviar? \u00bfHi ha cap difer\u00e8ncia profunda, entre Saule i Pau? \u00bfCanviem, les persones, al llarg de la vida? \u00bfO simplement tenim una personalitat estable que orientem cap a objectius diferents segons les circumst\u00e0ncies del moment? Comparant la traject\u00f2ria de sant Pau amb la de l&#x2019;intrigant Joseph Fouch\u00e9 o les diferents etapes pict\u00f2riques de pintors com Pablo Picasso, l&#x2019;escriptor Pere Antoni Pons analitza diversos aspectes de la idea de canvi.<br \/> La col\u00b7lecci\u00f3 Assaltar la B\u00edblia ofereix llibres d&#x2019;assaig sobre temes contemporanis per mitj\u00e0 de la relectura de passatges b\u00edblics c\u00e8lebres. Amb un estil fresc, amb una mirada humanista i transversal, amb el convenciment que els textos cl\u00e0ssics s\u00f3n grans eines per pensar els reptes del present.<\/p>\n","protected":false},"excerpt":{"rendered":"<p>PONS, PERE ANTONI<\/p>\n","protected":false},"featured_media":985812,"template":"","meta":{"_acf_changed":false,"om_disable_all_campaigns":false,"rs_blank_template":"","rs_page_bg_color":"","slide_template_v7":"","inline_featured_image":false,"_monsterinsights_skip_tracking":false,"_monsterinsights_sitenote_active":false,"_monsterinsights_sitenote_note":"","_monsterinsights_sitenote_category":0},"product_brand":[],"product_cat":[467,206],"product_tag":[],"class_list":{"0":"post-977237","1":"product","2":"type-product","3":"status-publish","4":"has-post-thumbnail","6":"product_cat-epistolas-de-san-pablo","7":"product_cat-epistoles-de-sant-pau","9":"first","10":"instock","11":"taxable","12":"shipping-taxable","13":"purchasable","14":"product-type-simple"},"acf":{"autor":"PONS, PERE ANTONI","codart":"841018810","libros-coleccion":"Assaig","ediciones":"1","encuadernacion":"R\u00fastica","fecha_de_publicacion":"01\/09\/2024","novedad":"1","paginas":"76","subtitulo":"","orden":"0","portada":"1","idioma":"cat","editorial":[{"ID":6258,"post_author":"3","post_date":"2022-07-28 17:48:20","post_date_gmt":"2022-07-28 15:48:20","post_content":"","post_title":"FRAGMENTA EDITORIAL","post_excerpt":"","post_status":"publish","comment_status":"closed","ping_status":"closed","post_password":"","post_name":"fragmenta-editorial","to_ping":"","pinged":"","post_modified":"2022-07-28 17:48:20","post_modified_gmt":"2022-07-28 15:48:20","post_content_filtered":"","post_parent":0,"guid":"http:\/\/dev.claret.cat\/editorial\/fragmenta-editorial\/","menu_order":0,"post_type":"editorial","post_mime_type":"","comment_count":"0","filter":"raw"}]},"aioseo_notices":[],"_links":{"self":[{"href":"https:\/\/www.claret.cat\/es\/wp-json\/wp\/v2\/product\/977237","targetHints":{"allow":["GET"]}}],"collection":[{"href":"https:\/\/www.claret.cat\/es\/wp-json\/wp\/v2\/product"}],"about":[{"href":"https:\/\/www.claret.cat\/es\/wp-json\/wp\/v2\/types\/product"}],"wp:featuredmedia":[{"embeddable":true,"href":"https:\/\/www.claret.cat\/es\/wp-json\/wp\/v2\/media\/985812"}],"wp:attachment":[{"href":"https:\/\/www.claret.cat\/es\/wp-json\/wp\/v2\/media?parent=977237"}],"wp:term":[{"taxonomy":"product_brand","embeddable":true,"href":"https:\/\/www.claret.cat\/es\/wp-json\/wp\/v2\/product_brand?post=977237"},{"taxonomy":"product_cat","embeddable":true,"href":"https:\/\/www.claret.cat\/es\/wp-json\/wp\/v2\/product_cat?post=977237"},{"taxonomy":"product_tag","embeddable":true,"href":"https:\/\/www.claret.cat\/es\/wp-json\/wp\/v2\/product_tag?post=977237"}],"curies":[{"name":"wp","href":"https:\/\/api.w.org\/{rel}","templated":true}]}}