{"id":977315,"date":"2024-09-02T15:40:28","date_gmt":"2024-09-02T13:40:28","guid":{"rendered":"https:\/\/www.claret.cat\/llibre\/la-veterinaria-grandes-suenos-la-veterinaria-1-9788413148342\/"},"modified":"2026-02-26T13:10:55","modified_gmt":"2026-02-26T12:10:55","slug":"la-veterinaria-grandes-suenos-la-veterinaria-1-9788413148342","status":"publish","type":"product","link":"https:\/\/www.claret.cat\/es\/libro\/la-veterinaria-grandes-suenos-la-veterinaria-1-9788413148342\/","title":{"rendered":"LA VETERINARIA. GRANDES SUE\u00d1OS (LA VETERINARIA 1)"},"content":{"rendered":"<p>Atravesando d\u00e9cadas y continentes, una maravillosa historia de amor, de amistad y de mujeres que rompen barreras. DOS AMIGAS.<br \/>UNA PROMESA. Corre el a\u00f1o 1912 y, para poder trabajar como veterinaria, Nellie se casa con su amigo Phipps, quien va a heredar la consulta de su padre. Aunque no est\u00e1 enamorada de \u00e9l, los une desde la infancia una estrecha amistad y Nellie le promete liberarlo del matrimonio en cuanto surja la oportunidad de que \u00e9l haga realidad su verdadera vocaci\u00f3n de m\u00fasico. La ocasi\u00f3n se presenta al finalizar la Primera Guerra Mundial y Phipps desaparece de repente de la vida de Nellie. Esta lucha ahora con su compa\u00f1era de trabajo, Maria, por establecer una consulta veterinaria en Berl\u00edn. Pero el pasado y el amor pronto volver\u00e1n a alcanzarla&#8230;<\/p>\n","protected":false},"excerpt":{"rendered":"<p>LARK, SARAH<\/p>\n","protected":false},"featured_media":1086572,"template":"","meta":{"_acf_changed":false,"om_disable_all_campaigns":false,"rs_blank_template":"","rs_page_bg_color":"","slide_template_v7":"","inline_featured_image":false,"_monsterinsights_skip_tracking":false,"_monsterinsights_sitenote_active":false,"_monsterinsights_sitenote_note":"","_monsterinsights_sitenote_category":0},"product_brand":[],"product_cat":[127,357],"product_tag":[],"class_list":{"0":"post-977315","1":"product","2":"type-product","3":"status-publish","4":"has-post-thumbnail","6":"product_cat-novella-contemporania","7":"product_cat-novela-contemporanea","9":"first","10":"outofstock","11":"taxable","12":"shipping-taxable","13":"purchasable","14":"product-type-simple"},"acf":{"autor":"LARK, SARAH","codart":"841314834","libros-coleccion":"Ficci\u00f3n","ediciones":"1","encuadernacion":"R\u00fastica","fecha_de_publicacion":"01\/09\/2024","novedad":"1","paginas":"589","subtitulo":"","orden":"0","portada":"0","idioma":"spa","editorial":[{"ID":6137,"post_author":"3","post_date":"2022-07-28 17:45:41","post_date_gmt":"2022-07-28 15:45:41","post_content":"","post_title":"B de Bolsillo","post_excerpt":"","post_status":"publish","comment_status":"closed","ping_status":"closed","post_password":"","post_name":"b-de-bolsillo","to_ping":"","pinged":"","post_modified":"2022-07-28 17:45:41","post_modified_gmt":"2022-07-28 15:45:41","post_content_filtered":"","post_parent":0,"guid":"http:\/\/dev.claret.cat\/editorial\/b-de-bolsillo\/","menu_order":0,"post_type":"editorial","post_mime_type":"","comment_count":"0","filter":"raw"}],"booktrailer":"","resenas":""},"aioseo_notices":[],"_links":{"self":[{"href":"https:\/\/www.claret.cat\/es\/wp-json\/wp\/v2\/product\/977315","targetHints":{"allow":["GET"]}}],"collection":[{"href":"https:\/\/www.claret.cat\/es\/wp-json\/wp\/v2\/product"}],"about":[{"href":"https:\/\/www.claret.cat\/es\/wp-json\/wp\/v2\/types\/product"}],"wp:featuredmedia":[{"embeddable":true,"href":"https:\/\/www.claret.cat\/es\/wp-json\/wp\/v2\/media\/1086572"}],"wp:attachment":[{"href":"https:\/\/www.claret.cat\/es\/wp-json\/wp\/v2\/media?parent=977315"}],"wp:term":[{"taxonomy":"product_brand","embeddable":true,"href":"https:\/\/www.claret.cat\/es\/wp-json\/wp\/v2\/product_brand?post=977315"},{"taxonomy":"product_cat","embeddable":true,"href":"https:\/\/www.claret.cat\/es\/wp-json\/wp\/v2\/product_cat?post=977315"},{"taxonomy":"product_tag","embeddable":true,"href":"https:\/\/www.claret.cat\/es\/wp-json\/wp\/v2\/product_tag?post=977315"}],"curies":[{"name":"wp","href":"https:\/\/api.w.org\/{rel}","templated":true}]}}