{"id":977325,"date":"2024-09-02T15:45:14","date_gmt":"2024-09-02T13:45:14","guid":{"rendered":"https:\/\/www.claret.cat\/llibre\/viure-entre-pantalles-9788419756589\/"},"modified":"2025-01-08T13:20:16","modified_gmt":"2025-01-08T12:20:16","slug":"viure-entre-pantalles-9788419756589","status":"publish","type":"product","link":"https:\/\/www.claret.cat\/es\/libro\/viure-entre-pantalles-9788419756589\/","title":{"rendered":"VIURE ENTRE PANTALLES"},"content":{"rendered":"<p>Tot el que cal saber per acompanyar els adolescents en l&#8221;\u00fas responsable i conscient de les pantalles. Vivim en un m\u00f3n envoltat de pantalles. Les noves tecnologies s&#8221;han tornat imprescindibles en el nostre dia a dia, sobretot despr\u00e9s de la pand\u00e8mia, i \u00e9s indiscutible que ens han aportat molts avantatges. Per\u00f2 n&#8221;hem perdut el control? Com hem d&#8221;acompanyar els adolescents, que ja han nascut en l&#8221;era digital, en aquest m\u00f3n? Quins riscos i perills suposen per als joves les pantalles? Darrerament totes les preocupacions s&#8221;han bolcat sobre aquesta generaci\u00f3, per\u00f2 les pantalles s\u00f3n les \u00faniques culpables dels malestars dels adolescents? Com podem fer front al repte d&#8221;assolir el benestar digital? El debat \u00e9s ampli i complex. Josep Matal\u00ed i Jordi Bernabeu, psic\u00f2legs experts en addiccions, q\u00fcestionen en aquest assaig algunes idees preconcebudes, aporten el seu coneixement sobre les addicions i generen arguments per afrontar aquest debat sobre l&#8221;\u00fas de les pantalles.<\/p>\n","protected":false},"excerpt":{"rendered":"<p>MATAL\u00cd, JOSEP \/ BERNABEU, JORDI<\/p>\n","protected":false},"featured_media":977377,"template":"","meta":{"_acf_changed":false,"om_disable_all_campaigns":false,"rs_blank_template":"","rs_page_bg_color":"","slide_template_v7":"","inline_featured_image":false,"_monsterinsights_skip_tracking":false,"_monsterinsights_sitenote_active":false,"_monsterinsights_sitenote_note":"","_monsterinsights_sitenote_category":0},"product_brand":[],"product_cat":[451,186],"product_tag":[],"class_list":{"0":"post-977325","1":"product","2":"type-product","3":"status-publish","4":"has-post-thumbnail","6":"product_cat-estudios-e-investigacion-pedagogia-2_humanidades","7":"product_cat-estudis-i-investigacio-pedagogia-2_humanitats","9":"first","10":"instock","11":"taxable","12":"shipping-taxable","13":"purchasable","14":"product-type-simple"},"acf":{"autor":"MATAL\u00cd, JOSEP \/ BERNABEU, JORDI","codart":"841975658","libros-coleccion":"FORA DE COL.LECCI\u00d3","ediciones":"1","encuadernacion":"R\u00fastica","fecha_de_publicacion":"01\/09\/2024","novedad":"1","paginas":"155","subtitulo":"ENTENDRE I ACOMPANYAR ELS JOVES EN EL M\u00d3N DIGITAL","orden":"0","portada":"0","idioma":"cat","editorial":[{"ID":6350,"post_author":"3","post_date":"2022-07-28 17:50:18","post_date_gmt":"2022-07-28 15:50:18","post_content":"","post_title":"ROSA DELS VENTS","post_excerpt":"","post_status":"publish","comment_status":"closed","ping_status":"closed","post_password":"","post_name":"rosa-dels-vents","to_ping":"","pinged":"","post_modified":"2022-07-28 17:50:18","post_modified_gmt":"2022-07-28 15:50:18","post_content_filtered":"","post_parent":0,"guid":"http:\/\/dev.claret.cat\/editorial\/rosa-dels-vents\/","menu_order":0,"post_type":"editorial","post_mime_type":"","comment_count":"0","filter":"raw"}]},"aioseo_notices":[],"_links":{"self":[{"href":"https:\/\/www.claret.cat\/es\/wp-json\/wp\/v2\/product\/977325","targetHints":{"allow":["GET"]}}],"collection":[{"href":"https:\/\/www.claret.cat\/es\/wp-json\/wp\/v2\/product"}],"about":[{"href":"https:\/\/www.claret.cat\/es\/wp-json\/wp\/v2\/types\/product"}],"wp:featuredmedia":[{"embeddable":true,"href":"https:\/\/www.claret.cat\/es\/wp-json\/wp\/v2\/media\/977377"}],"wp:attachment":[{"href":"https:\/\/www.claret.cat\/es\/wp-json\/wp\/v2\/media?parent=977325"}],"wp:term":[{"taxonomy":"product_brand","embeddable":true,"href":"https:\/\/www.claret.cat\/es\/wp-json\/wp\/v2\/product_brand?post=977325"},{"taxonomy":"product_cat","embeddable":true,"href":"https:\/\/www.claret.cat\/es\/wp-json\/wp\/v2\/product_cat?post=977325"},{"taxonomy":"product_tag","embeddable":true,"href":"https:\/\/www.claret.cat\/es\/wp-json\/wp\/v2\/product_tag?post=977325"}],"curies":[{"name":"wp","href":"https:\/\/api.w.org\/{rel}","templated":true}]}}