{"id":977482,"date":"2024-09-02T17:45:02","date_gmt":"2024-09-02T15:45:02","guid":{"rendered":"https:\/\/www.claret.cat\/llibre\/calendario-pared-con-faldillas-sagrado-corazon-2025-9788427148314\/"},"modified":"2025-10-27T11:38:39","modified_gmt":"2025-10-27T10:38:39","slug":"calendario-pared-con-faldillas-sagrado-corazon-2025-9788427148314","status":"publish","type":"product","link":"https:\/\/www.claret.cat\/es\/libro\/calendario-pared-con-faldillas-sagrado-corazon-2025-9788427148314\/","title":{"rendered":"CALENDARIO PARED CON FALDILLAS SAGRADO CORAZ\u00d3N 2025"},"content":{"rendered":"<p><span style='color: black'>Calendario con faldilla y hoja mensual.<\/span><\/p>\n<p><span style='color: black'>Ofrece una imagen del Sagrado Coraz\u00f3n de Jes\u00fas en la parte superior y una hoja para cada mes del a\u00f1o en la parte inferior.<\/span><\/p>\n<p><span style='color: black'>Ofrece santoral, festivos y fases de la luna.<\/span><\/p>\n","protected":false},"excerpt":{"rendered":"<p>MENSAJERO<\/p>\n","protected":false},"featured_media":1061913,"template":"","meta":{"_acf_changed":false,"om_disable_all_campaigns":false,"rs_blank_template":"","rs_page_bg_color":"","slide_template_v7":"","inline_featured_image":false,"_monsterinsights_skip_tracking":false,"_monsterinsights_sitenote_active":false,"_monsterinsights_sitenote_note":"","_monsterinsights_sitenote_category":0},"product_brand":[],"product_cat":[552,102],"product_tag":[],"class_list":{"0":"post-977482","1":"product","2":"type-product","3":"status-publish","4":"has-post-thumbnail","6":"product_cat-calendarios-y-agendas","7":"product_cat-calendaris-i-agendes","9":"first","10":"outofstock","11":"taxable","12":"shipping-taxable","13":"purchasable","14":"product-type-simple"},"acf":{"autor":"MENSAJERO","codart":"842714831","libros-coleccion":"CALENDARIOS ","ediciones":"1","encuadernacion":"Grapado","fecha_de_publicacion":"20\/06\/2024","novedad":"1","paginas":"26","subtitulo":"","orden":"0","portada":"0","idioma":"spa","editorial":[{"ID":8258,"post_author":"3","post_date":"2022-09-30 09:21:32","post_date_gmt":"2022-09-30 07:21:32","post_content":"","post_title":"MENSAJERO","post_excerpt":"","post_status":"publish","comment_status":"closed","ping_status":"closed","post_password":"","post_name":"mensajero","to_ping":"","pinged":"","post_modified":"2022-09-30 09:21:32","post_modified_gmt":"2022-09-30 07:21:32","post_content_filtered":"","post_parent":0,"guid":"http:\/\/dev.claret.cat\/editorial\/mensajero\/","menu_order":0,"post_type":"editorial","post_mime_type":"","comment_count":"0","filter":"raw"}],"booktrailer":"","resenas":""},"aioseo_notices":[],"_links":{"self":[{"href":"https:\/\/www.claret.cat\/es\/wp-json\/wp\/v2\/product\/977482","targetHints":{"allow":["GET"]}}],"collection":[{"href":"https:\/\/www.claret.cat\/es\/wp-json\/wp\/v2\/product"}],"about":[{"href":"https:\/\/www.claret.cat\/es\/wp-json\/wp\/v2\/types\/product"}],"wp:featuredmedia":[{"embeddable":true,"href":"https:\/\/www.claret.cat\/es\/wp-json\/wp\/v2\/media\/1061913"}],"wp:attachment":[{"href":"https:\/\/www.claret.cat\/es\/wp-json\/wp\/v2\/media?parent=977482"}],"wp:term":[{"taxonomy":"product_brand","embeddable":true,"href":"https:\/\/www.claret.cat\/es\/wp-json\/wp\/v2\/product_brand?post=977482"},{"taxonomy":"product_cat","embeddable":true,"href":"https:\/\/www.claret.cat\/es\/wp-json\/wp\/v2\/product_cat?post=977482"},{"taxonomy":"product_tag","embeddable":true,"href":"https:\/\/www.claret.cat\/es\/wp-json\/wp\/v2\/product_tag?post=977482"}],"curies":[{"name":"wp","href":"https:\/\/api.w.org\/{rel}","templated":true}]}}