{"id":977559,"date":"2024-09-03T11:00:11","date_gmt":"2024-09-03T09:00:11","guid":{"rendered":"https:\/\/www.claret.cat\/llibre\/el-examen-final-9788432168260\/"},"modified":"2024-10-21T17:48:03","modified_gmt":"2024-10-21T15:48:03","slug":"el-examen-final-9788432168260","status":"publish","type":"product","link":"https:\/\/www.claret.cat\/es\/libro\/el-examen-final-9788432168260\/","title":{"rendered":"EL EXAMEN FINAL"},"content":{"rendered":"<p>El prop\u00f3sito de este libro es ayudarnos a preparar el juicio final: qu\u00e9 criterios usar\u00e1 Dios para juzgarnos, c\u00f3mo vivir con la mirada puesta en ese momento y c\u00f3mo asegurar el premio.<\/p>\n<p>Hay un examen que todos vamos a hacer, y que supondr\u00e1 el fin del mundo, al menos para nosotros. Es el examen de nuestra vida ante Dios en el juicio, cuando muramos. Es nuestro examen final, el m\u00e1s importante de nuestra vida, y en el que no podemos permitirnos el lujo de suspender. El prop\u00f3sito de este libro es ayudarnos a prepararlo: qu\u00e9 criterios usar\u00e1 Dios para juzgarnos, c\u00f3mo vivir con la mirada puesta en ese momento y c\u00f3mo asegurar el premio, m\u00e1s valioso que ning\u00fan otro, que recibiremos tambi\u00e9n en esta vida.<\/p>\n","protected":false},"excerpt":{"rendered":"<p>FLADER, JOHN<\/p>\n","protected":false},"featured_media":977560,"template":"","meta":{"_acf_changed":false,"om_disable_all_campaigns":false,"rs_blank_template":"","rs_page_bg_color":"","slide_template_v7":"","inline_featured_image":false,"_monsterinsights_skip_tracking":false,"_monsterinsights_sitenote_active":false,"_monsterinsights_sitenote_note":"","_monsterinsights_sitenote_category":0},"product_brand":[],"product_cat":[416,281,89,308],"product_tag":[],"class_list":{"0":"post-977559","1":"product","2":"type-product","3":"status-publish","4":"has-post-thumbnail","6":"product_cat-escatologia-teologia-1_espiritualidad","7":"product_cat-escatologia","8":"product_cat-els-mes-venuts","9":"product_cat-castella","11":"first","12":"instock","13":"taxable","14":"shipping-taxable","15":"purchasable","16":"product-type-simple"},"acf":{"autor":"FLADER, JOHN","codart":"843216826","libros-coleccion":"","ediciones":"1","encuadernacion":"R\u00fastica","fecha_de_publicacion":"02\/09\/2024","novedad":"1","paginas":"198","subtitulo":"LA PREPARACI\u00d3N DEL JUICIO","orden":"6","portada":"0","idioma":"spa","editorial":[{"ID":6348,"post_author":"3","post_date":"2022-07-28 17:50:16","post_date_gmt":"2022-07-28 15:50:16","post_content":"","post_title":"Rialp","post_excerpt":"","post_status":"publish","comment_status":"closed","ping_status":"closed","post_password":"","post_name":"rialp","to_ping":"","pinged":"","post_modified":"2022-07-28 17:50:16","post_modified_gmt":"2022-07-28 15:50:16","post_content_filtered":"","post_parent":0,"guid":"http:\/\/dev.claret.cat\/editorial\/rialp\/","menu_order":0,"post_type":"editorial","post_mime_type":"","comment_count":"0","filter":"raw"}],"booktrailer":"","linkebook":"","ficha":"","muestra":"","precioebook":"0","presentacion":"","resenas":""},"aioseo_notices":[],"_links":{"self":[{"href":"https:\/\/www.claret.cat\/es\/wp-json\/wp\/v2\/product\/977559","targetHints":{"allow":["GET"]}}],"collection":[{"href":"https:\/\/www.claret.cat\/es\/wp-json\/wp\/v2\/product"}],"about":[{"href":"https:\/\/www.claret.cat\/es\/wp-json\/wp\/v2\/types\/product"}],"wp:featuredmedia":[{"embeddable":true,"href":"https:\/\/www.claret.cat\/es\/wp-json\/wp\/v2\/media\/977560"}],"wp:attachment":[{"href":"https:\/\/www.claret.cat\/es\/wp-json\/wp\/v2\/media?parent=977559"}],"wp:term":[{"taxonomy":"product_brand","embeddable":true,"href":"https:\/\/www.claret.cat\/es\/wp-json\/wp\/v2\/product_brand?post=977559"},{"taxonomy":"product_cat","embeddable":true,"href":"https:\/\/www.claret.cat\/es\/wp-json\/wp\/v2\/product_cat?post=977559"},{"taxonomy":"product_tag","embeddable":true,"href":"https:\/\/www.claret.cat\/es\/wp-json\/wp\/v2\/product_tag?post=977559"}],"curies":[{"name":"wp","href":"https:\/\/api.w.org\/{rel}","templated":true}]}}