{"id":977562,"date":"2024-09-03T11:00:27","date_gmt":"2024-09-03T09:00:27","guid":{"rendered":"https:\/\/www.claret.cat\/llibre\/el-alfabeto-de-los-afectos-9788432168451\/"},"modified":"2024-09-20T10:10:44","modified_gmt":"2024-09-20T08:10:44","slug":"el-alfabeto-de-los-afectos-9788432168451","status":"publish","type":"product","link":"https:\/\/www.claret.cat\/es\/libro\/el-alfabeto-de-los-afectos-9788432168451\/","title":{"rendered":"EL ALFABETO DE LOS AFECTOS"},"content":{"rendered":"<p>Ternura, mal humor, envidia, ansiedad, libertad, gratitud, prejuicios, imperfecci\u00f3n, paciencia, intimidad, diferencia, sinton\u00eda? un texto para aprender a mirar dentro de uno mismo, y redescubrir los afectos.<\/p>\n<p>?Conocer y definir las propias emociones y afectos no es algo obvio: hay que saber mirar dentro de uno mismo, pero tambi\u00e9n disponer de un lenguaje que exprese en palabras lo que se siente. El mundo interior es una realidad compleja y apremiante, a la que no siempre somos capaces de dar voz por falta de palabras?.<\/p>\n<p><\/p>\n<p>La apreciada psicoterapeuta se inspira en los acontecimientos de la vida cotidiana para ayudarnos a descifrar la polifon\u00eda de nuestras emociones m\u00e1s profundas: traza as\u00ed un camino concreto y rico en experiencias para redescubrir los afectos y afrontar las angustias de nuestro tiempo con una mirada abierta a la esperanza.<\/p>\n","protected":false},"excerpt":{"rendered":"<p>CERIOTTI MIGLIARESE, MARIOLINA<\/p>\n","protected":false},"featured_media":980802,"template":"","meta":{"_acf_changed":false,"om_disable_all_campaigns":false,"rs_blank_template":"","rs_page_bg_color":"","slide_template_v7":"","inline_featured_image":false,"_monsterinsights_skip_tracking":false,"_monsterinsights_sitenote_active":false,"_monsterinsights_sitenote_note":"","_monsterinsights_sitenote_category":0},"product_brand":[],"product_cat":[176,446],"product_tag":[],"class_list":{"0":"post-977562","1":"product","2":"type-product","3":"status-publish","4":"has-post-thumbnail","6":"product_cat-historia-i-corrents-psicologia-2_humanitats","7":"product_cat-historia-y-corrientes-psicologia-2_humanidades","9":"first","10":"instock","11":"taxable","12":"shipping-taxable","13":"purchasable","14":"product-type-simple"},"acf":{"autor":"CERIOTTI MIGLIARESE, MARIOLINA","codart":"843216845","libros-coleccion":"","ediciones":"2","encuadernacion":"R\u00fastica","fecha_de_publicacion":"03\/09\/2024","novedad":"1","paginas":"148","subtitulo":"","orden":"0","portada":"0","idioma":"spa","editorial":[{"ID":6348,"post_author":"3","post_date":"2022-07-28 17:50:16","post_date_gmt":"2022-07-28 15:50:16","post_content":"","post_title":"Rialp","post_excerpt":"","post_status":"publish","comment_status":"closed","ping_status":"closed","post_password":"","post_name":"rialp","to_ping":"","pinged":"","post_modified":"2022-07-28 17:50:16","post_modified_gmt":"2022-07-28 15:50:16","post_content_filtered":"","post_parent":0,"guid":"http:\/\/dev.claret.cat\/editorial\/rialp\/","menu_order":0,"post_type":"editorial","post_mime_type":"","comment_count":"0","filter":"raw"}]},"aioseo_notices":[],"_links":{"self":[{"href":"https:\/\/www.claret.cat\/es\/wp-json\/wp\/v2\/product\/977562","targetHints":{"allow":["GET"]}}],"collection":[{"href":"https:\/\/www.claret.cat\/es\/wp-json\/wp\/v2\/product"}],"about":[{"href":"https:\/\/www.claret.cat\/es\/wp-json\/wp\/v2\/types\/product"}],"wp:featuredmedia":[{"embeddable":true,"href":"https:\/\/www.claret.cat\/es\/wp-json\/wp\/v2\/media\/980802"}],"wp:attachment":[{"href":"https:\/\/www.claret.cat\/es\/wp-json\/wp\/v2\/media?parent=977562"}],"wp:term":[{"taxonomy":"product_brand","embeddable":true,"href":"https:\/\/www.claret.cat\/es\/wp-json\/wp\/v2\/product_brand?post=977562"},{"taxonomy":"product_cat","embeddable":true,"href":"https:\/\/www.claret.cat\/es\/wp-json\/wp\/v2\/product_cat?post=977562"},{"taxonomy":"product_tag","embeddable":true,"href":"https:\/\/www.claret.cat\/es\/wp-json\/wp\/v2\/product_tag?post=977562"}],"curies":[{"name":"wp","href":"https:\/\/api.w.org\/{rel}","templated":true}]}}