{"id":97775,"date":"2022-10-12T07:16:43","date_gmt":"2022-10-12T05:16:43","guid":{"rendered":"http:\/\/dev.claret.cat\/producte\/acompanar-para-iniciar-en-la-vida-cristina\/"},"modified":"2024-05-02T05:44:03","modified_gmt":"2024-05-02T03:44:03","slug":"acompanar-para-iniciar-en-la-vida-cristina-9788428836500","status":"publish","type":"product","link":"https:\/\/www.claret.cat\/es\/libro\/acompanar-para-iniciar-en-la-vida-cristina-9788428836500\/","title":{"rendered":"ACOMPA\u00d1AR PARA INICIAR EN LA VIDA CRISTINA"},"content":{"rendered":"<p>Este libro recoge el material escrito de las XXVIII Jornadas anuales de la Asociaci\u00f3n AECA (Asociaci\u00f3n Espa\u00f1ola de Catequetas) celebrada en Madrid los d\u00edas 5-7 de diciembre de 2019.En estas Jornadas se pone el \u00e9nfasis en el acompa\u00f1amiento en la catequesis como inici\u00e1tico, es decir, un acompa\u00f1amiento parecido al de un entrenador que orienta el entrenamiento, lo dosifica, lo encauza, con el objetivo de vivir la vida cristiana de manera integral.\u00a0El entrenador no juega despu\u00e9sel partido. Son los entrenados los verdaderos protagonistas del \u201cpartido de la vida cristiana\u201d en el terreno del mundo, con su originalidad ydotes personales.El catequista entrenador inicia (entrena) a los bautizandos o catec\u00famenos en la vida quetienen que vivir como cristianos en medio de la realidad del mundo. \u00c9l los introduce, de manera pedag\u00f3gica y progresiva, en esas \u201ctareas de la catequesis\u201d que los capacitan para vivir la vida cristiana de manera integral,de modo que puedan ser servidores del Reino y testigos de Jes\u00fas.<\/p>\n","protected":false},"excerpt":{"rendered":"<p>PPC<\/p>\n","protected":false},"featured_media":338161,"template":"","meta":{"_acf_changed":false,"om_disable_all_campaigns":false,"rs_blank_template":"","rs_page_bg_color":"","slide_template_v7":"","inline_featured_image":false,"_monsterinsights_skip_tracking":false,"_monsterinsights_sitenote_active":false,"_monsterinsights_sitenote_note":"","_monsterinsights_sitenote_category":0},"product_brand":[],"product_cat":[90,540],"product_tag":[],"class_list":{"0":"post-97775","1":"product","2":"type-product","3":"status-publish","4":"has-post-thumbnail","6":"product_cat-altres","7":"product_cat-otros","9":"first","10":"instock","11":"taxable","12":"shipping-taxable","13":"purchasable","14":"product-type-simple"},"acf":{"editorial":[{"ID":6335,"post_author":"3","post_date":"2022-07-28 17:49:59","post_date_gmt":"2022-07-28 15:49:59","post_content":"","post_title":"PPC altres","post_excerpt":"","post_status":"publish","comment_status":"closed","ping_status":"closed","post_password":"","post_name":"ppc-altres","to_ping":"","pinged":"","post_modified":"2022-07-28 17:49:59","post_modified_gmt":"2022-07-28 15:49:59","post_content_filtered":"","post_parent":0,"guid":"http:\/\/dev.claret.cat\/editorial\/ppc-altres\/","menu_order":0,"post_type":"editorial","post_mime_type":"","comment_count":"0","filter":"raw"}],"autores-libros":[{"ID":5953,"post_author":"3","post_date":"2022-07-28 17:35:03","post_date_gmt":"2022-07-28 15:35:03","post_content":"","post_title":"PPC","post_excerpt":"","post_status":"publish","comment_status":"closed","ping_status":"closed","post_password":"","post_name":"ppc","to_ping":"","pinged":"","post_modified":"2022-07-28 17:35:03","post_modified_gmt":"2022-07-28 15:35:03","post_content_filtered":"","post_parent":0,"guid":"http:\/\/dev.claret.cat\/autor\/ppc\/","menu_order":0,"post_type":"autor","post_mime_type":"","comment_count":"0","filter":"raw"}],"autor":"PPC","codart":"842883650","libros-coleccion":"Didaj\u00e9","ediciones":"1","encuadernacion":"R\u00fastica","fecha_de_publicacion":"26\/01\/2020","novedad":"1","paginas":"152","subtitulo":"","orden":"0","portada":"0","idioma":"spa"},"aioseo_notices":[],"_links":{"self":[{"href":"https:\/\/www.claret.cat\/es\/wp-json\/wp\/v2\/product\/97775","targetHints":{"allow":["GET"]}}],"collection":[{"href":"https:\/\/www.claret.cat\/es\/wp-json\/wp\/v2\/product"}],"about":[{"href":"https:\/\/www.claret.cat\/es\/wp-json\/wp\/v2\/types\/product"}],"wp:featuredmedia":[{"embeddable":true,"href":"https:\/\/www.claret.cat\/es\/wp-json\/wp\/v2\/media\/338161"}],"wp:attachment":[{"href":"https:\/\/www.claret.cat\/es\/wp-json\/wp\/v2\/media?parent=97775"}],"wp:term":[{"taxonomy":"product_brand","embeddable":true,"href":"https:\/\/www.claret.cat\/es\/wp-json\/wp\/v2\/product_brand?post=97775"},{"taxonomy":"product_cat","embeddable":true,"href":"https:\/\/www.claret.cat\/es\/wp-json\/wp\/v2\/product_cat?post=97775"},{"taxonomy":"product_tag","embeddable":true,"href":"https:\/\/www.claret.cat\/es\/wp-json\/wp\/v2\/product_tag?post=97775"}],"curies":[{"name":"wp","href":"https:\/\/api.w.org\/{rel}","templated":true}]}}