{"id":977921,"date":"2024-09-04T10:25:09","date_gmt":"2024-09-04T08:25:09","guid":{"rendered":"https:\/\/www.claret.cat\/llibre\/crim-i-castig-9788499309651\/"},"modified":"2026-01-03T11:15:17","modified_gmt":"2026-01-03T10:15:17","slug":"crim-i-castig-9788499309651","status":"publish","type":"product","link":"https:\/\/www.claret.cat\/es\/libro\/crim-i-castig-9788499309651\/","title":{"rendered":"CRIM I C\u00c0STIG"},"content":{"rendered":"<p>Crim i c\u00e0stig, la gran novel\u00b7la de Dostoievski, narra l&#8221;experi\u00e8ncia d&#8221;un jove estudiant rus que viu en la mis\u00e8ria i \u00e9s emp\u00e8s per la necessitat i, sobretot, per consideracions te\u00f2riques, a assassinar una vella usurera de vida execrable. Per\u00f2 t\u00e9 realment justificaci\u00f3 el crim que comet Rask\u00f2lnikov? La incomparable capacitat de penetraci\u00f3 psicol\u00f2gica de Dostoievski arriba al fons esfere\u00efdor de l&#8221;\u00e0nima del seu personatge, l&#8221;indret de l&#8221;home en qu\u00e8 tan sols un mat\u00eds separa el b\u00e9 i el mal. Sobre una trama polic\u00edaca, Dostoievski planteja amb terrible lucidesa la lluita entre el desig de poder i l&#8221;ideal d&#8221;amor absolut. Nietzsche afirmava que nom\u00e9s Dostoievski li havia ensenyat alguna cosa sobre la psicologia humana.<\/p>\n","protected":false},"excerpt":{"rendered":"<p>DOSTOIEVSKI, FI\u00d2DOR M.<\/p>\n","protected":false},"featured_media":977922,"template":"","meta":{"_acf_changed":false,"om_disable_all_campaigns":false,"rs_blank_template":"","rs_page_bg_color":"","slide_template_v7":"","inline_featured_image":false,"_monsterinsights_skip_tracking":false,"_monsterinsights_sitenote_active":false,"_monsterinsights_sitenote_note":"","_monsterinsights_sitenote_category":0},"product_brand":[],"product_cat":[354,123],"product_tag":[],"class_list":{"0":"post-977921","1":"product","2":"type-product","3":"status-publish","4":"has-post-thumbnail","6":"product_cat-clasica","7":"product_cat-classica","9":"first","10":"instock","11":"taxable","12":"shipping-taxable","13":"purchasable","14":"product-type-simple"},"acf":{"autor":"DOSTOIEVSKI, FI\u00d2DOR M.","codart":"849930965","libros-coleccion":"","ediciones":"1","encuadernacion":"R\u00fastica","fecha_de_publicacion":"01\/03\/2015","novedad":"0","paginas":"602","subtitulo":"","orden":"999","portada":"0","idioma":"cat","editorial":[{"ID":6281,"post_author":"3","post_date":"2022-07-28 17:48:50","post_date_gmt":"2022-07-28 15:48:50","post_content":"","post_title":"LABUTXACA","post_excerpt":"","post_status":"publish","comment_status":"closed","ping_status":"closed","post_password":"","post_name":"labutxaca","to_ping":"","pinged":"","post_modified":"2022-07-28 17:48:50","post_modified_gmt":"2022-07-28 15:48:50","post_content_filtered":"","post_parent":0,"guid":"http:\/\/dev.claret.cat\/editorial\/labutxaca\/","menu_order":0,"post_type":"editorial","post_mime_type":"","comment_count":"0","filter":"raw"}],"autores-libros":[{"ID":155947,"post_author":"3","post_date":"2022-10-14 15:16:54","post_date_gmt":"2022-10-14 13:16:54","post_content":"","post_title":"FIODOR M. DOSTOIEVSKI","post_excerpt":"","post_status":"publish","comment_status":"closed","ping_status":"closed","post_password":"","post_name":"fiodor-m-dostoievski","to_ping":"","pinged":"","post_modified":"2022-10-14 15:16:54","post_modified_gmt":"2022-10-14 13:16:54","post_content_filtered":"","post_parent":0,"guid":"http:\/\/dev.claret.cat\/autor\/fiodor-m-dostoievski\/","menu_order":0,"post_type":"autor","post_mime_type":"","comment_count":"0","filter":"raw"}],"booktrailer":"","resenas":""},"aioseo_notices":[],"_links":{"self":[{"href":"https:\/\/www.claret.cat\/es\/wp-json\/wp\/v2\/product\/977921","targetHints":{"allow":["GET"]}}],"collection":[{"href":"https:\/\/www.claret.cat\/es\/wp-json\/wp\/v2\/product"}],"about":[{"href":"https:\/\/www.claret.cat\/es\/wp-json\/wp\/v2\/types\/product"}],"wp:featuredmedia":[{"embeddable":true,"href":"https:\/\/www.claret.cat\/es\/wp-json\/wp\/v2\/media\/977922"}],"wp:attachment":[{"href":"https:\/\/www.claret.cat\/es\/wp-json\/wp\/v2\/media?parent=977921"}],"wp:term":[{"taxonomy":"product_brand","embeddable":true,"href":"https:\/\/www.claret.cat\/es\/wp-json\/wp\/v2\/product_brand?post=977921"},{"taxonomy":"product_cat","embeddable":true,"href":"https:\/\/www.claret.cat\/es\/wp-json\/wp\/v2\/product_cat?post=977921"},{"taxonomy":"product_tag","embeddable":true,"href":"https:\/\/www.claret.cat\/es\/wp-json\/wp\/v2\/product_tag?post=977921"}],"curies":[{"name":"wp","href":"https:\/\/api.w.org\/{rel}","templated":true}]}}