{"id":978055,"date":"2024-09-04T13:51:09","date_gmt":"2024-09-04T11:51:09","guid":{"rendered":"https:\/\/www.claret.cat\/llibre\/apunts-sobre-pintura-del-monjo-carbassa-amarga-9788412847710\/"},"modified":"2024-10-01T19:25:06","modified_gmt":"2024-10-01T17:25:06","slug":"apunts-sobre-pintura-del-monjo-carbassa-amarga-9788412847710","status":"publish","type":"product","link":"https:\/\/www.claret.cat\/es\/libro\/apunts-sobre-pintura-del-monjo-carbassa-amarga-9788412847710\/","title":{"rendered":"APUNTS SOBRE PINTURA DEL MONJO CARBASSA AMARGA"},"content":{"rendered":"<p>Breu tractat sobre filosofia de la pintura xinesa escrit a principis del segle XVIII. Shitao presenta l\u2019actitud espiritual que el pintor ha de tenir a l\u2019hora d\u2019executar el seu art, de manera que l\u2019artista, pintant, aconsegueixi la comunio\u00b4 amb l\u2019univers i amb ell mateix.<\/p>\n<p>Shitao. 1642-1707.<br \/>Pintor i cal\u00b7l\u00edgraf. Va viure les primeres d\u00e8cades dela seva vida com a monjo, transitant entre diferents monestirs budistes icreuant els boscos, els rius i les serralades que m\u00e9s tard reflectiria a les seves pintures. Despr\u00e9s d\u2019haver-se allunyat de la vida mon\u00e0stica, va entrar en els cercles art\u00edstics i lletrats independents de la regi\u00f3 del Yangzi, i es va acostar a l\u2019espiritualitat taoista. La seva obra pict\u00f2rica s\u2019allunya de l\u2019academicisme decoratiu dels seus predecessors i connecta amb l\u2019al\u00e8 creatiu i vital dels primers cl\u00e0ssics del paisatgisme xin\u00e8s. Al llarg dels darrers anys de la seva vida va compondre els Apunts sobre pintura del monjo Carbassa Amarga. Shitao converteix el que es podria haver quedat en un humil tractat sobre l\u2019art de pintar en una porta lluminosa i privilegiada d\u2019acc\u00e9s a la plasmaci\u00f3 art\u00edstica del pensament i l\u2019espiritualitat xinesa en el seu per\u00edode de maduresa. En aquests Apunts conflueixen accents taoistes, neoconfucians, budistes i del Cl\u00e0ssic dels Canvis.<\/p>\n","protected":false},"excerpt":{"rendered":"<p>SHITAO<\/p>\n","protected":false},"featured_media":978966,"template":"","meta":{"_acf_changed":false,"om_disable_all_campaigns":false,"rs_blank_template":"","rs_page_bg_color":"","slide_template_v7":"","inline_featured_image":false,"_monsterinsights_skip_tracking":false,"_monsterinsights_sitenote_active":false,"_monsterinsights_sitenote_note":"","_monsterinsights_sitenote_category":0},"product_brand":[],"product_cat":[110,560,354,123],"product_tag":[],"class_list":{"0":"post-978055","1":"product","2":"type-product","3":"status-publish","4":"has-post-thumbnail","6":"product_cat-art","7":"product_cat-arte","8":"product_cat-clasica","9":"product_cat-classica","11":"first","12":"instock","13":"taxable","14":"shipping-taxable","15":"purchasable","16":"product-type-simple"},"acf":{"autor":"SHITAO","codart":"841284771","libros-coleccion":"","ediciones":"1","encuadernacion":"R\u00fastica","fecha_de_publicacion":"01\/09\/2024","novedad":"1","paginas":"188","subtitulo":"","orden":"0","portada":"0","idioma":"cat","editorial":[{"ID":967257,"post_author":"3","post_date":"2024-05-29 13:20:01","post_date_gmt":"2024-05-29 11:20:01","post_content":"","post_title":"Tres Portals","post_excerpt":"","post_status":"publish","comment_status":"closed","ping_status":"closed","post_password":"","post_name":"tres-portals","to_ping":"","pinged":"","post_modified":"2024-05-29 13:20:01","post_modified_gmt":"2024-05-29 11:20:01","post_content_filtered":"","post_parent":0,"guid":"https:\/\/www.claret.cat\/editorial\/tres-portals\/","menu_order":0,"post_type":"editorial","post_mime_type":"","comment_count":"0","filter":"raw"}]},"aioseo_notices":[],"_links":{"self":[{"href":"https:\/\/www.claret.cat\/es\/wp-json\/wp\/v2\/product\/978055","targetHints":{"allow":["GET"]}}],"collection":[{"href":"https:\/\/www.claret.cat\/es\/wp-json\/wp\/v2\/product"}],"about":[{"href":"https:\/\/www.claret.cat\/es\/wp-json\/wp\/v2\/types\/product"}],"wp:featuredmedia":[{"embeddable":true,"href":"https:\/\/www.claret.cat\/es\/wp-json\/wp\/v2\/media\/978966"}],"wp:attachment":[{"href":"https:\/\/www.claret.cat\/es\/wp-json\/wp\/v2\/media?parent=978055"}],"wp:term":[{"taxonomy":"product_brand","embeddable":true,"href":"https:\/\/www.claret.cat\/es\/wp-json\/wp\/v2\/product_brand?post=978055"},{"taxonomy":"product_cat","embeddable":true,"href":"https:\/\/www.claret.cat\/es\/wp-json\/wp\/v2\/product_cat?post=978055"},{"taxonomy":"product_tag","embeddable":true,"href":"https:\/\/www.claret.cat\/es\/wp-json\/wp\/v2\/product_tag?post=978055"}],"curies":[{"name":"wp","href":"https:\/\/api.w.org\/{rel}","templated":true}]}}