{"id":978159,"date":"2024-09-05T10:15:14","date_gmt":"2024-09-05T08:15:14","guid":{"rendered":"https:\/\/www.claret.cat\/llibre\/revista-serra-dor-777-setembre-2024-9788778261922\/"},"modified":"2024-10-01T12:55:10","modified_gmt":"2024-10-01T10:55:10","slug":"revista-serra-dor-777-setembre-2024-9788778261922","status":"publish","type":"product","link":"https:\/\/www.claret.cat\/es\/libro\/revista-serra-dor-777-setembre-2024-9788778261922\/","title":{"rendered":"REVISTA SERRA D&#8217;OR &#8211; 777. SETEMBRE 2024"},"content":{"rendered":"<p>La revista&nbsp;<strong style='background-color: transparent'>\u201cSerra d\u2019Or\u201d<\/strong>&nbsp;es va iniciar l\u2019any 1955 i, amb la seva orientaci\u00f3 actual de publicaci\u00f3 d\u2019alta cultura, va comen\u00e7ar l\u2019activitat a finals de 1959.<\/p>\n<p>Des d\u2019un principi, es va proposar crear un espai efica\u00e7 de di\u00e0leg i col\u00b7laboraci\u00f3, oferint les seves p\u00e0gines a un nombre extraordinari de col\u00b7laboradors, de proced\u00e8ncies ideol\u00f2giques molt diverses i amb un temari molt ampli: religi\u00f3 i pensament, opini\u00f3, pol\u00edtica, economia, arts pl\u00e0stiques, llengua i literatura,&nbsp;disseny, arquitectura i urbanisme, teatre,&nbsp;cinema, televisi\u00f3, cr\u00edtica liter\u00e0ria, etc.&nbsp;La revista ha fet possible la incorporaci\u00f3 dels estudiosos m\u00e9s joves a un mitj\u00e0 de difusi\u00f3 cultural d\u2019un prestigi reconegut, i ha contribu\u00eft a una renovaci\u00f3 en general dels esquemes de la cr\u00edtica, tant liter\u00e0ria com art\u00edstica i, de manera especial, en el camp musical, del teatre i del cinema i la televisi\u00f3.<\/p>\n<p>En aquests darrers anys ha pres una nova empenta, visible en la puntualitat d\u2019aparici\u00f3, en la renovaci\u00f3 dels col\u00b7laboradors i en l\u2019edici\u00f3 dels temes.<\/p>\n<p>Tot plegat en fa una revista molt atraient en el seu g\u00e8nere arreu dels Pa\u00efsos Catalans\u2026<\/p>\n","protected":false},"excerpt":{"rendered":"<p>PUBLICACIONS DE L&#8217;ABADIA DE MONTSERRAT<\/p>\n","protected":false},"featured_media":978160,"template":"","meta":{"_acf_changed":false,"om_disable_all_campaigns":false,"rs_blank_template":"","rs_page_bg_color":"","slide_template_v7":"","inline_featured_image":false,"_monsterinsights_skip_tracking":false,"_monsterinsights_sitenote_active":false,"_monsterinsights_sitenote_note":"","_monsterinsights_sitenote_category":0},"product_brand":[],"product_cat":[92,542],"product_tag":[],"class_list":{"0":"post-978159","1":"product","2":"type-product","3":"status-publish","4":"has-post-thumbnail","6":"product_cat-vida-religiosa","7":"product_cat-vida-religiosa-1_espiritualidad-spa","9":"first","10":"instock","11":"taxable","12":"shipping-taxable","13":"purchasable","14":"product-type-simple"},"acf":{"autor":"PUBLICACIONS DE L'ABADIA DE MONTSERRAT","codart":"877826192","libros-coleccion":"","ediciones":"1","encuadernacion":"R\u00fastica","fecha_de_publicacion":"05\/09\/2024","novedad":"1","paginas":"80","subtitulo":"","orden":"0","portada":"1","idioma":"cat","editorial":[{"ID":8266,"post_author":"3","post_date":"2022-09-30 09:21:36","post_date_gmt":"2022-09-30 07:21:36","post_content":"","post_title":"PUBLICACIONS DE L'ABADIA DE MONTSERRAT","post_excerpt":"","post_status":"publish","comment_status":"closed","ping_status":"closed","post_password":"","post_name":"publicacions-de-labadia-de-montserrat-5","to_ping":"","pinged":"","post_modified":"2022-09-30 09:21:36","post_modified_gmt":"2022-09-30 07:21:36","post_content_filtered":"","post_parent":0,"guid":"http:\/\/dev.claret.cat\/editorial\/publicacions-de-labadia-de-montserrat-5\/","menu_order":0,"post_type":"editorial","post_mime_type":"","comment_count":"0","filter":"raw"}]},"aioseo_notices":[],"_links":{"self":[{"href":"https:\/\/www.claret.cat\/es\/wp-json\/wp\/v2\/product\/978159","targetHints":{"allow":["GET"]}}],"collection":[{"href":"https:\/\/www.claret.cat\/es\/wp-json\/wp\/v2\/product"}],"about":[{"href":"https:\/\/www.claret.cat\/es\/wp-json\/wp\/v2\/types\/product"}],"wp:featuredmedia":[{"embeddable":true,"href":"https:\/\/www.claret.cat\/es\/wp-json\/wp\/v2\/media\/978160"}],"wp:attachment":[{"href":"https:\/\/www.claret.cat\/es\/wp-json\/wp\/v2\/media?parent=978159"}],"wp:term":[{"taxonomy":"product_brand","embeddable":true,"href":"https:\/\/www.claret.cat\/es\/wp-json\/wp\/v2\/product_brand?post=978159"},{"taxonomy":"product_cat","embeddable":true,"href":"https:\/\/www.claret.cat\/es\/wp-json\/wp\/v2\/product_cat?post=978159"},{"taxonomy":"product_tag","embeddable":true,"href":"https:\/\/www.claret.cat\/es\/wp-json\/wp\/v2\/product_tag?post=978159"}],"curies":[{"name":"wp","href":"https:\/\/api.w.org\/{rel}","templated":true}]}}