{"id":978291,"date":"2024-09-06T12:15:05","date_gmt":"2024-09-06T10:15:05","guid":{"rendered":"https:\/\/www.claret.cat\/llibre\/investigaciones-filosoficas-9788413640204\/"},"modified":"2024-09-12T16:15:24","modified_gmt":"2024-09-12T14:15:24","slug":"investigaciones-filosoficas-9788413640204","status":"publish","type":"product","link":"https:\/\/www.claret.cat\/es\/libro\/investigaciones-filosoficas-9788413640204\/","title":{"rendered":"INVESTIGACIONES FILOS\u00d3FICAS"},"content":{"rendered":"<p>Las Investigaciones filos\u00f3ficas dan a la luz en forma de libro observaciones que conforman, en palabras de su autor, \u00abun conjunto de bosquejos de paisajes\u00bb, fruto de \u00abrecorrer en zigzag un amplio \u00e1mbito del pensamiento en todas las direcciones\u00bb. Tratan del concepto de significado, de comprensi\u00f3n, de proposici\u00f3n, reglas y gram\u00e1tica, necesidad, intencionalidad, justificaci\u00f3n y experiencia, sobre voluntad y los estados de conciencia, entre otros asuntos.<br \/>    Sobre el trasfondo del Tractatus logico-philosophicus, y en contraste con \u00e9l, Wittgenstein trata de dilucidar los problemas filos\u00f3ficos generados por el uso y el abuso del lenguaje ordinario. Esta labor de desenmascaramiento recurre a un m\u00e9todo de \u00abentrelazado\u00bb o \u00abtrenzado\u00bb de los argumentos, en que \u00abse superponen muchas fibras\u00bb. El minimalismo expresivo y el estilo \u00abafor\u00edstico\u00bb del texto son as\u00ed producto de la concisi\u00f3n y la intensidad del pensamiento. Este trabajo reflexivo suscita una pluralidad de lecturas, dejando al lector que siga indagando por su cuenta los problemas y aporte su soluci\u00f3n. Como dice Wittgenstein: \u00abNo quisiera con mi escrito ahorrarles a otros el pensar. Acaso, si fuera posible, estimular a alguien a tener pensamientos propios\u00bb.<br \/>    La presente traducci\u00f3n, basada en la cuarta edici\u00f3n revisada de la obra, ha tenido en cuenta los \u00faltimos resultados de la investigaci\u00f3n sobre los manuscritos originales y las distintas versiones previas del texto publicado p\u00f3stumamente en 1953.<\/p>\n","protected":false},"excerpt":{"rendered":"<p>WITTGENSTEIN, LUDWIG<\/p>\n","protected":false},"featured_media":978292,"template":"","meta":{"_acf_changed":false,"om_disable_all_campaigns":false,"rs_blank_template":"","rs_page_bg_color":"","slide_template_v7":"","inline_featured_image":false,"_monsterinsights_skip_tracking":false,"_monsterinsights_sitenote_active":false,"_monsterinsights_sitenote_note":"","_monsterinsights_sitenote_category":0},"product_brand":[],"product_cat":[173,444],"product_tag":[],"class_list":{"0":"post-978291","1":"product","2":"type-product","3":"status-publish","4":"has-post-thumbnail","6":"product_cat-logica","7":"product_cat-logica-filosofia-2_humanidades","9":"first","10":"instock","11":"taxable","12":"shipping-taxable","13":"purchasable","14":"product-type-simple"},"acf":{"autor":"WITTGENSTEIN, LUDWIG","codart":"841364020","libros-coleccion":"Estructuras y procesos. Filosof\u00eda","ediciones":"1","encuadernacion":"R\u00fastica","fecha_de_publicacion":"01\/09\/2021","novedad":"1","paginas":"332","subtitulo":"","orden":"0","portada":"0","idioma":"spa","editorial":[{"ID":6237,"post_author":"3","post_date":"2022-07-28 17:47:53","post_date_gmt":"2022-07-28 15:47:53","post_content":"","post_title":"Editorial Trotta","post_excerpt":"","post_status":"publish","comment_status":"closed","ping_status":"closed","post_password":"","post_name":"editorial-trotta","to_ping":"","pinged":"","post_modified":"2022-07-28 17:47:53","post_modified_gmt":"2022-07-28 15:47:53","post_content_filtered":"","post_parent":0,"guid":"http:\/\/dev.claret.cat\/editorial\/editorial-trotta\/","menu_order":0,"post_type":"editorial","post_mime_type":"","comment_count":"0","filter":"raw"}]},"aioseo_notices":[],"_links":{"self":[{"href":"https:\/\/www.claret.cat\/es\/wp-json\/wp\/v2\/product\/978291","targetHints":{"allow":["GET"]}}],"collection":[{"href":"https:\/\/www.claret.cat\/es\/wp-json\/wp\/v2\/product"}],"about":[{"href":"https:\/\/www.claret.cat\/es\/wp-json\/wp\/v2\/types\/product"}],"wp:featuredmedia":[{"embeddable":true,"href":"https:\/\/www.claret.cat\/es\/wp-json\/wp\/v2\/media\/978292"}],"wp:attachment":[{"href":"https:\/\/www.claret.cat\/es\/wp-json\/wp\/v2\/media?parent=978291"}],"wp:term":[{"taxonomy":"product_brand","embeddable":true,"href":"https:\/\/www.claret.cat\/es\/wp-json\/wp\/v2\/product_brand?post=978291"},{"taxonomy":"product_cat","embeddable":true,"href":"https:\/\/www.claret.cat\/es\/wp-json\/wp\/v2\/product_cat?post=978291"},{"taxonomy":"product_tag","embeddable":true,"href":"https:\/\/www.claret.cat\/es\/wp-json\/wp\/v2\/product_tag?post=978291"}],"curies":[{"name":"wp","href":"https:\/\/api.w.org\/{rel}","templated":true}]}}