{"id":978436,"date":"2024-09-09T12:00:46","date_gmt":"2024-09-09T10:00:46","guid":{"rendered":"https:\/\/www.claret.cat\/llibre\/apocrifos-del-antiguo-testamento-volumen-vii-9788470576898\/"},"modified":"2026-03-04T18:01:01","modified_gmt":"2026-03-04T17:01:01","slug":"apocrifos-del-antiguo-testamento-volumen-vii-9788470576898","status":"publish","type":"product","link":"https:\/\/www.claret.cat\/es\/libro\/apocrifos-del-antiguo-testamento-volumen-vii-9788470576898\/","title":{"rendered":"AP\u00d3CRIFOS DEL ANTIGUO TESTAMENTO &#8211;  VOLUMEN VII"},"content":{"rendered":"<p>El presente volumen cierra la edici\u00f3n espa\u00f1ola de los \u201cAp\u00f3crifos del Antiguo Testamento\u201d, un conjunto compuesto por cerca de 70 obras m\u00e1s una extensa Introducci\u00f3n general y copiosos \u00edndices. Esta literatura ap\u00f3crifa pertenece a la producci\u00f3n teol\u00f3gica e hist\u00f3rica jud\u00eda de la \u00e9poca del \u201cSegundo Templo\u201d, en concreto desde el a\u00f1o 300 a. C. hasta el 100 d. C. Un equipo de casi 25 profesores de universidad han sido los traductores al espa\u00f1ol de los textos desde las diferentes lenguas en las que se han transmitido en los manuscritos, conservados en diferentes bibliotecas e instituciones de Europa, \u00c1frica y Am\u00e9rica: lat\u00edn, griego, hebreo, arameo, sir\u00edaco, copto, eslavo antiguo y et\u00edope cl\u00e1sico. La importancia de estas obras ap\u00f3crifas es inmensa para la comprensi\u00f3n del Nuevo Testamento, en especial de su teolog\u00eda apocal\u00edptica. En la \u00e9poca de Jes\u00fas de Nazaret, la Biblia hebrea, transmitida tambi\u00e9n en versiones griegas y arameas, era entendida por el pueblo de Israel y sus doctores de la Ley no solo en s\u00ed misma sino a trav\u00e9s de estos escritos ap\u00f3crifos que complementaban y ampliaban la teolog\u00eda de su Biblia. Los ap\u00f3crifos del Antiguo Testamento son absolutamente fundamentales para la comprensi\u00f3n del Nuevo Testamento, especialmente en los \u00e1mbitos de la idea de Dios, de los \u00e1ngeles y demonios, de la escatolog\u00eda, de la concepci\u00f3n del Mes\u00edas y de la apocal\u00edptica en general. La presente edici\u00f3n es la \u00fanica en lengua espa\u00f1ola elaborada seg\u00fan criterios de la interpretaci\u00f3n cient\u00edfica universitaria.<\/p>\n","protected":false},"excerpt":{"rendered":"<p>D\u00cdEZ MACHO, ALEJANDRO; PI\u00d1ERO, ANTONIO<\/p>\n","protected":false},"featured_media":1079668,"template":"","meta":{"_acf_changed":false,"om_disable_all_campaigns":false,"rs_blank_template":"","rs_page_bg_color":"","slide_template_v7":"","inline_featured_image":false,"_monsterinsights_skip_tracking":false,"_monsterinsights_sitenote_active":false,"_monsterinsights_sitenote_note":"","_monsterinsights_sitenote_category":0},"product_brand":[],"product_cat":[385,208],"product_tag":[],"class_list":{"0":"post-978436","1":"product","2":"type-product","3":"status-publish","4":"has-post-thumbnail","6":"product_cat-apocrifos","7":"product_cat-apocrifs","9":"first","10":"instock","11":"taxable","12":"shipping-taxable","13":"purchasable","14":"product-type-simple"},"acf":{"autor":"D\u00cdEZ MACHO, ALEJANDRO; PI\u00d1ERO, ANTONIO","codart":"847057689","libros-coleccion":"AP\u00d3CRIFOS","ediciones":"1","encuadernacion":"R\u00fastica","fecha_de_publicacion":"05\/07\/2024","novedad":"1","paginas":"921","subtitulo":"","orden":"999","portada":"0","idioma":"spa","editorial":[{"ID":6173,"post_author":"3","post_date":"2022-07-28 17:46:28","post_date_gmt":"2022-07-28 15:46:28","post_content":"","post_title":"Cristiandad","post_excerpt":"","post_status":"publish","comment_status":"closed","ping_status":"closed","post_password":"","post_name":"cristiandad","to_ping":"","pinged":"","post_modified":"2022-07-28 17:46:28","post_modified_gmt":"2022-07-28 15:46:28","post_content_filtered":"","post_parent":0,"guid":"http:\/\/dev.claret.cat\/editorial\/cristiandad\/","menu_order":0,"post_type":"editorial","post_mime_type":"","comment_count":"0","filter":"raw"}],"booktrailer":"","resenas":""},"aioseo_notices":[],"_links":{"self":[{"href":"https:\/\/www.claret.cat\/es\/wp-json\/wp\/v2\/product\/978436","targetHints":{"allow":["GET"]}}],"collection":[{"href":"https:\/\/www.claret.cat\/es\/wp-json\/wp\/v2\/product"}],"about":[{"href":"https:\/\/www.claret.cat\/es\/wp-json\/wp\/v2\/types\/product"}],"wp:featuredmedia":[{"embeddable":true,"href":"https:\/\/www.claret.cat\/es\/wp-json\/wp\/v2\/media\/1079668"}],"wp:attachment":[{"href":"https:\/\/www.claret.cat\/es\/wp-json\/wp\/v2\/media?parent=978436"}],"wp:term":[{"taxonomy":"product_brand","embeddable":true,"href":"https:\/\/www.claret.cat\/es\/wp-json\/wp\/v2\/product_brand?post=978436"},{"taxonomy":"product_cat","embeddable":true,"href":"https:\/\/www.claret.cat\/es\/wp-json\/wp\/v2\/product_cat?post=978436"},{"taxonomy":"product_tag","embeddable":true,"href":"https:\/\/www.claret.cat\/es\/wp-json\/wp\/v2\/product_tag?post=978436"}],"curies":[{"name":"wp","href":"https:\/\/api.w.org\/{rel}","templated":true}]}}