{"id":978474,"date":"2024-09-09T13:25:17","date_gmt":"2024-09-09T11:25:17","guid":{"rendered":"https:\/\/www.claret.cat\/llibre\/ibai-y-porcinos-cuestion-de-cerdos-9788419975171\/"},"modified":"2024-09-13T09:45:24","modified_gmt":"2024-09-13T07:45:24","slug":"ibai-y-porcinos-cuestion-de-cerdos-9788419975171","status":"publish","type":"product","link":"https:\/\/www.claret.cat\/es\/libro\/ibai-y-porcinos-cuestion-de-cerdos-9788419975171\/","title":{"rendered":"IBAI Y PORCINOS &#8211; CUESTI\u00d3N DE CERDOS"},"content":{"rendered":"<p>El esperad\u00edsimo primer c\u00f3mic oficial protagonizado por Ibai Llanos, el streamer m\u00e1s querido por la comunidad hispana, y su equipo Porcinos FC. Todo el mundo lo conoce. A \u00e9l y a su equipo de la Kings League. S\u00ed, son Ibai Llanos y Porcinos. Lo que solo unos afortunados saben es que, cuando el bal\u00f3n deja de rodar, jugadores y presidente se convierten en h\u00e9roes en las sombras. Mientras Porcinos se prepara para la final de la competici\u00f3n, de repente, una pieza clave del equipo desaparece. Un rastro de olor a brie y baguette reci\u00e9n horneada nos lleva a R\u00e9my, un franc\u00e9s muy franc\u00e9s. Un villano sin coraz\u00f3n cuyo \u00fanico objetivo es el de destruir a Ibai y a los suyos. En el momento de la desaparici\u00f3n comienza una fren\u00e9tica carrera contrarreloj para salvar al mundo de un ser malvado que amenaza a la humanidad como nunca antes.Amistad, traici\u00f3n, el peso demoledor de tener que ser un l\u00edder, un cerdo que habla, mucho humor y todos los improperios (merecidos) hacia Francia que te puedas imaginar. Presta atenci\u00f3n y no te pierdas nada: si parpadeas, eres franc\u00e9s.<\/p>\n","protected":false},"excerpt":{"rendered":"<p>LLANOS, IBAI<\/p>\n","protected":false},"featured_media":979188,"template":"","meta":{"_acf_changed":false,"om_disable_all_campaigns":false,"rs_blank_template":"","rs_page_bg_color":"","slide_template_v7":"","inline_featured_image":false,"_monsterinsights_skip_tracking":false,"_monsterinsights_sitenote_active":false,"_monsterinsights_sitenote_note":"","_monsterinsights_sitenote_category":0},"product_brand":[],"product_cat":[132,134,364,362],"product_tag":[],"class_list":{"0":"post-978474","1":"product","2":"type-product","3":"status-publish","4":"has-post-thumbnail","6":"product_cat-lectures-per-preadolescents-6-12-anys","7":"product_cat-comics","8":"product_cat-comics-infantil-3_infantil-juvenil-spa","9":"product_cat-libros-preadolescentes-6-12-anos","11":"first","12":"instock","13":"taxable","14":"shipping-taxable","15":"purchasable","16":"product-type-simple"},"acf":{"autor":"LLANOS, IBAI","codart":"841997517","libros-coleccion":"FORA DE COL.LECCI\u00d3","ediciones":"1","encuadernacion":"R\u00fastica","fecha_de_publicacion":"12\/09\/2024","novedad":"1","paginas":"120","subtitulo":"","orden":"0","portada":"0","idioma":"spa","editorial":[{"ID":6310,"post_author":"3","post_date":"2022-07-28 17:49:26","post_date_gmt":"2022-07-28 15:49:26","post_content":"","post_title":"MONTENA","post_excerpt":"","post_status":"publish","comment_status":"closed","ping_status":"closed","post_password":"","post_name":"montena","to_ping":"","pinged":"","post_modified":"2022-07-28 17:49:26","post_modified_gmt":"2022-07-28 15:49:26","post_content_filtered":"","post_parent":0,"guid":"http:\/\/dev.claret.cat\/editorial\/montena\/","menu_order":0,"post_type":"editorial","post_mime_type":"","comment_count":"0","filter":"raw"}]},"aioseo_notices":[],"_links":{"self":[{"href":"https:\/\/www.claret.cat\/es\/wp-json\/wp\/v2\/product\/978474","targetHints":{"allow":["GET"]}}],"collection":[{"href":"https:\/\/www.claret.cat\/es\/wp-json\/wp\/v2\/product"}],"about":[{"href":"https:\/\/www.claret.cat\/es\/wp-json\/wp\/v2\/types\/product"}],"wp:featuredmedia":[{"embeddable":true,"href":"https:\/\/www.claret.cat\/es\/wp-json\/wp\/v2\/media\/979188"}],"wp:attachment":[{"href":"https:\/\/www.claret.cat\/es\/wp-json\/wp\/v2\/media?parent=978474"}],"wp:term":[{"taxonomy":"product_brand","embeddable":true,"href":"https:\/\/www.claret.cat\/es\/wp-json\/wp\/v2\/product_brand?post=978474"},{"taxonomy":"product_cat","embeddable":true,"href":"https:\/\/www.claret.cat\/es\/wp-json\/wp\/v2\/product_cat?post=978474"},{"taxonomy":"product_tag","embeddable":true,"href":"https:\/\/www.claret.cat\/es\/wp-json\/wp\/v2\/product_tag?post=978474"}],"curies":[{"name":"wp","href":"https:\/\/api.w.org\/{rel}","templated":true}]}}