{"id":978638,"date":"2024-09-09T16:15:27","date_gmt":"2024-09-09T14:15:27","guid":{"rendered":"https:\/\/www.claret.cat\/llibre\/palabra-sacramento-carisma-9788479667993\/"},"modified":"2024-09-09T16:15:55","modified_gmt":"2024-09-09T14:15:55","slug":"palabra-sacramento-carisma-9788479667993","status":"publish","type":"product","link":"https:\/\/www.claret.cat\/es\/libro\/palabra-sacramento-carisma-9788479667993\/","title":{"rendered":"PALABRA, SACRAMENTO, CARISMA"},"content":{"rendered":"<p>\u00bfQu\u00e9 le depara el futuro a una Iglesia sinodal? \u00bfConversi\u00f3n misionera o confusi\u00f3n? Estas preguntas agitan los esp\u00edritus. Por eso, estamos ocupados y preocupados en transformar o reformar esta Iglesia seg\u00fan las necesidades de los tiempos, seg\u00fan las cr\u00edticas de los adversarios y de nuestros propios modelos, como escribi\u00f3 von Balthasar: \u00abPero, \u00bfno estaremos perdiendo de vista el \u00fanico modelo perfecto, el arquetipo? \u00bfNo deber\u00edamos, en nuestras reformas, mantener constantemente la mirada fija en Mar\u00eda, para conocer nosotros mismos lo que son realmente la Iglesia, el esp\u00edritu eclesial, el comportamiento eclesial?\u00bb. \u00a1Preguntas transversales que cuestionan las opciones que hay que tomar para repensar las estructuras y el lugar de las mujeres en la Iglesia!<\/p>\n","protected":false},"excerpt":{"rendered":"<p>OUELLET, MARC <\/p>\n","protected":false},"featured_media":978639,"template":"","meta":{"_acf_changed":false,"om_disable_all_campaigns":false,"rs_blank_template":"","rs_page_bg_color":"","slide_template_v7":"","inline_featured_image":false,"_monsterinsights_skip_tracking":false,"_monsterinsights_sitenote_active":false,"_monsterinsights_sitenote_note":"","_monsterinsights_sitenote_category":0},"product_brand":[],"product_cat":[283,511],"product_tag":[],"class_list":{"0":"post-978638","1":"product","2":"type-product","3":"status-publish","4":"has-post-thumbnail","6":"product_cat-eclesiologia-teologia","7":"product_cat-eclesiologia-teologia-1_espiritualidad","9":"first","10":"instock","11":"taxable","12":"shipping-taxable","13":"purchasable","14":"product-type-simple"},"acf":{"autor":"OUELLET, MARC ","codart":"847966799","libros-coleccion":"","ediciones":"1","encuadernacion":"R\u00fastica","fecha_de_publicacion":"05\/09\/2024","novedad":"1","paginas":"248","subtitulo":"RIESGOS Y OPORTUNIDADES DE UNA IGLESIA SINODAL ","orden":"0","portada":"0","idioma":"spa","editorial":[{"ID":6337,"post_author":"3","post_date":"2022-07-28 17:50:01","post_date_gmt":"2022-07-28 15:50:01","post_content":"","post_title":"Publicaciones Claretianas","post_excerpt":"","post_status":"publish","comment_status":"closed","ping_status":"closed","post_password":"","post_name":"publicaciones-claretianas","to_ping":"","pinged":"","post_modified":"2022-07-28 17:50:01","post_modified_gmt":"2022-07-28 15:50:01","post_content_filtered":"","post_parent":0,"guid":"http:\/\/dev.claret.cat\/editorial\/publicaciones-claretianas\/","menu_order":0,"post_type":"editorial","post_mime_type":"","comment_count":"0","filter":"raw"}]},"aioseo_notices":[],"_links":{"self":[{"href":"https:\/\/www.claret.cat\/es\/wp-json\/wp\/v2\/product\/978638","targetHints":{"allow":["GET"]}}],"collection":[{"href":"https:\/\/www.claret.cat\/es\/wp-json\/wp\/v2\/product"}],"about":[{"href":"https:\/\/www.claret.cat\/es\/wp-json\/wp\/v2\/types\/product"}],"wp:featuredmedia":[{"embeddable":true,"href":"https:\/\/www.claret.cat\/es\/wp-json\/wp\/v2\/media\/978639"}],"wp:attachment":[{"href":"https:\/\/www.claret.cat\/es\/wp-json\/wp\/v2\/media?parent=978638"}],"wp:term":[{"taxonomy":"product_brand","embeddable":true,"href":"https:\/\/www.claret.cat\/es\/wp-json\/wp\/v2\/product_brand?post=978638"},{"taxonomy":"product_cat","embeddable":true,"href":"https:\/\/www.claret.cat\/es\/wp-json\/wp\/v2\/product_cat?post=978638"},{"taxonomy":"product_tag","embeddable":true,"href":"https:\/\/www.claret.cat\/es\/wp-json\/wp\/v2\/product_tag?post=978638"}],"curies":[{"name":"wp","href":"https:\/\/api.w.org\/{rel}","templated":true}]}}