{"id":978739,"date":"2024-09-09T17:40:14","date_gmt":"2024-09-09T15:40:14","guid":{"rendered":"https:\/\/www.claret.cat\/llibre\/sylvia-beach-9788410158146\/"},"modified":"2024-09-09T17:55:15","modified_gmt":"2024-09-09T15:55:15","slug":"sylvia-beach-9788410158146","status":"publish","type":"product","link":"https:\/\/www.claret.cat\/es\/libro\/sylvia-beach-9788410158146\/","title":{"rendered":"SYLVIA BEACH"},"content":{"rendered":"<p>Frase destacada: Una historia de amor, a los libros.<\/p>\n<p> Cualquiera que haya visitado Par\u00eds alguna vez se habr\u00e1 dado cuenta de que la librer\u00eda inglesa Shakespeare and Co. es una aut\u00e9ntica instituci\u00f3n de la ciudad. Pero quiz\u00e1s no todo el mundo sepa que no se trata de la original, sino de la librer\u00eda abierta en 1951 por George Whitman, Le Mistral, que cambi\u00f3 el nombre en homenaje a la abierta en 1919 por Sylvia Beach. \u00bfQui\u00e9n era Sylvia Beach? Emilia Cinzia Perri y Silvia Vanni le dedicaron una novela gr\u00e1fica de colores c\u00e1lidos y l\u00edneas suaves, con una atm\u00f3sfera de ensue\u00f1o.<br \/> Par\u00eds, abril de 1919. Una joven americana enamorada de Europa persigue un sue\u00f1o: se llama Sylvia Beach y el sue\u00f1o es crear una librer\u00eda de literatura americana cuyo nombre es Shakespeare &amp; Co. Es una apuesta arriesgada: La guerra acaba de terminar, Europa parece estar ya abrumada por nuevos horrores y Sylvia tiene poca experiencia. Sin embargo, gracias al incesante boca a boca, la librer\u00eda se convierte en un referente para lectores y autores. Hasta que un autor desesperado llama a la puerta de Shakespeare &amp; Co, al no encontrar editor para su libro. El autor no es otro que James Joyce, y el libro es el que hoy conocemos como la obra maestra eterna de Ulises. Sylvia decide hacerse cargo de la edici\u00f3n y publicaci\u00f3n, afrontando una de las etapas m\u00e1s intensas y exigentes de su vida.<br \/> Emilia Cinzia Perri y Silvia Vanni alternan el rigor hist\u00f3rico con el tono po\u00e9tico para contar, a trav\u00e9s de los ojos de una chica que busca trabajo en la librer\u00eda de Sylvia Beach en sus \u00faltimos a\u00f1os, la historia de una mujer que, tratando de encontrar su lugar en el mundo, asegur\u00f3 una inmortalidad a las obras maestras de la literatura mundial.<br \/> Una historia contada desde el m\u00e1s profundo amor por los libros, fusionando hechos hist\u00f3ricos, sentimientos humanos y una dimensi\u00f3n on\u00edrica: la historia de la que posiblemente sea la librer\u00eda m\u00e1s famosa del mundo, y de la mujer que la cre\u00f3.<\/p>\n","protected":false},"excerpt":{"rendered":"<p>PERRI, EMILIA CINZIA<\/p>\n","protected":false},"featured_media":978740,"template":"","meta":{"_acf_changed":false,"om_disable_all_campaigns":false,"rs_blank_template":"","rs_page_bg_color":"","slide_template_v7":"","inline_featured_image":false,"_monsterinsights_skip_tracking":false,"_monsterinsights_sitenote_active":false,"_monsterinsights_sitenote_note":"","_monsterinsights_sitenote_category":0},"product_brand":[],"product_cat":[108,558],"product_tag":[],"class_list":{"0":"post-978739","1":"product","2":"type-product","3":"status-publish","4":"has-post-thumbnail","6":"product_cat-comic","7":"product_cat-comic-3_infantil-juvenil-spa-spa","9":"first","10":"instock","11":"taxable","12":"shipping-taxable","13":"purchasable","14":"product-type-simple"},"acf":{"autor":"PERRI, EMILIA CINZIA","codart":"841015814","libros-coleccion":"BROMELIA","ediciones":"1","encuadernacion":"Carton\u00e9","fecha_de_publicacion":"01\/09\/2024","novedad":"1","paginas":"176","subtitulo":"","orden":"0","portada":"0","idioma":"spa","editorial":[{"ID":148415,"post_author":"3","post_date":"2022-10-14 11:58:04","post_date_gmt":"2022-10-14 09:58:04","post_content":"","post_title":"Liana Editorial","post_excerpt":"","post_status":"publish","comment_status":"closed","ping_status":"closed","post_password":"","post_name":"liana-editorial","to_ping":"","pinged":"","post_modified":"2022-10-14 11:58:04","post_modified_gmt":"2022-10-14 09:58:04","post_content_filtered":"","post_parent":0,"guid":"http:\/\/dev.claret.cat\/editorial\/liana-editorial\/","menu_order":0,"post_type":"editorial","post_mime_type":"","comment_count":"0","filter":"raw"}]},"aioseo_notices":[],"_links":{"self":[{"href":"https:\/\/www.claret.cat\/es\/wp-json\/wp\/v2\/product\/978739","targetHints":{"allow":["GET"]}}],"collection":[{"href":"https:\/\/www.claret.cat\/es\/wp-json\/wp\/v2\/product"}],"about":[{"href":"https:\/\/www.claret.cat\/es\/wp-json\/wp\/v2\/types\/product"}],"wp:featuredmedia":[{"embeddable":true,"href":"https:\/\/www.claret.cat\/es\/wp-json\/wp\/v2\/media\/978740"}],"wp:attachment":[{"href":"https:\/\/www.claret.cat\/es\/wp-json\/wp\/v2\/media?parent=978739"}],"wp:term":[{"taxonomy":"product_brand","embeddable":true,"href":"https:\/\/www.claret.cat\/es\/wp-json\/wp\/v2\/product_brand?post=978739"},{"taxonomy":"product_cat","embeddable":true,"href":"https:\/\/www.claret.cat\/es\/wp-json\/wp\/v2\/product_cat?post=978739"},{"taxonomy":"product_tag","embeddable":true,"href":"https:\/\/www.claret.cat\/es\/wp-json\/wp\/v2\/product_tag?post=978739"}],"curies":[{"name":"wp","href":"https:\/\/api.w.org\/{rel}","templated":true}]}}