{"id":978946,"date":"2024-09-10T17:45:02","date_gmt":"2024-09-10T15:45:02","guid":{"rendered":"https:\/\/www.claret.cat\/llibre\/redes-invisible-2-9788418050350\/"},"modified":"2026-01-04T11:05:05","modified_gmt":"2026-01-04T10:05:05","slug":"redes-invisible-2-9788418050350","status":"publish","type":"product","link":"https:\/\/www.claret.cat\/es\/libro\/redes-invisible-2-9788418050350\/","title":{"rendered":"REDES (INVISIBLE 2)"},"content":{"rendered":"<p>Descubre la continuaci\u00f3n de Invisible de Eloy Moreno.  Emotiva, conmovedora, diferente&#8230; Redes narra, a trav\u00e9s de los ojos de una adolescente, una historia que se ha convertido en la realidad de todos nosotros. \u00bfCu\u00e1ntos likes vale tu felicidad? Sepasa unas horas m\u00e1s viendo los viajes maravillosos, los cuerpos perfectos y todos los outfits que se prueban cada d\u00eda los influencers. Y se siente mal porque ella no puede llevar la vida que ve en las redes, sabe que nunca podr\u00e1 alcanzar una felicidad as\u00ed.<\/p>\n","protected":false},"excerpt":{"rendered":"<p>MORENO, ELOY<\/p>\n","protected":false},"featured_media":979777,"template":"","meta":{"_acf_changed":false,"om_disable_all_campaigns":false,"rs_blank_template":"","rs_page_bg_color":"","slide_template_v7":"","inline_featured_image":false,"_monsterinsights_skip_tracking":false,"_monsterinsights_sitenote_active":false,"_monsterinsights_sitenote_note":"","_monsterinsights_sitenote_category":0},"product_brand":[],"product_cat":[132,362],"product_tag":[],"class_list":{"0":"post-978946","1":"product","2":"type-product","3":"status-publish","4":"has-post-thumbnail","6":"product_cat-lectures-per-preadolescents-6-12-anys","7":"product_cat-libros-preadolescentes-6-12-anos","9":"first","10":"instock","11":"taxable","12":"shipping-taxable","13":"purchasable","14":"product-type-simple"},"acf":{"autor":"MORENO, ELOY","codart":"841805035","libros-coleccion":"NUBE DE TINTA","ediciones":"1","encuadernacion":"R\u00fastica","fecha_de_publicacion":"19\/09\/2024","novedad":"1","paginas":"288","subtitulo":"","orden":"0","portada":"0","idioma":"spa","editorial":[{"ID":148591,"post_author":"3","post_date":"2022-10-14 11:59:26","post_date_gmt":"2022-10-14 09:59:26","post_content":"","post_title":"NUBE DE TINTA","post_excerpt":"","post_status":"publish","comment_status":"closed","ping_status":"closed","post_password":"","post_name":"nube-de-tinta","to_ping":"","pinged":"","post_modified":"2022-10-14 11:59:26","post_modified_gmt":"2022-10-14 09:59:26","post_content_filtered":"","post_parent":0,"guid":"http:\/\/dev.claret.cat\/editorial\/nube-de-tinta\/","menu_order":0,"post_type":"editorial","post_mime_type":"","comment_count":"0","filter":"raw"}],"booktrailer":"","resenas":""},"aioseo_notices":[],"_links":{"self":[{"href":"https:\/\/www.claret.cat\/es\/wp-json\/wp\/v2\/product\/978946","targetHints":{"allow":["GET"]}}],"collection":[{"href":"https:\/\/www.claret.cat\/es\/wp-json\/wp\/v2\/product"}],"about":[{"href":"https:\/\/www.claret.cat\/es\/wp-json\/wp\/v2\/types\/product"}],"wp:featuredmedia":[{"embeddable":true,"href":"https:\/\/www.claret.cat\/es\/wp-json\/wp\/v2\/media\/979777"}],"wp:attachment":[{"href":"https:\/\/www.claret.cat\/es\/wp-json\/wp\/v2\/media?parent=978946"}],"wp:term":[{"taxonomy":"product_brand","embeddable":true,"href":"https:\/\/www.claret.cat\/es\/wp-json\/wp\/v2\/product_brand?post=978946"},{"taxonomy":"product_cat","embeddable":true,"href":"https:\/\/www.claret.cat\/es\/wp-json\/wp\/v2\/product_cat?post=978946"},{"taxonomy":"product_tag","embeddable":true,"href":"https:\/\/www.claret.cat\/es\/wp-json\/wp\/v2\/product_tag?post=978946"}],"curies":[{"name":"wp","href":"https:\/\/api.w.org\/{rel}","templated":true}]}}