{"id":979003,"date":"2024-09-12T12:50:01","date_gmt":"2024-09-12T10:50:01","guid":{"rendered":"https:\/\/www.claret.cat\/llibre\/la-imaginacion-simbolica-9789505183708\/"},"modified":"2024-09-17T12:00:07","modified_gmt":"2024-09-17T10:00:07","slug":"la-imaginacion-simbolica-9789505183708","status":"publish","type":"product","link":"https:\/\/www.claret.cat\/es\/libro\/la-imaginacion-simbolica-9789505183708\/","title":{"rendered":"LA IMAGINACION SIMBOLICA"},"content":{"rendered":"<p>Cada vez que se estudian los problemas del s\u00edmbolo, del simbolismo y su desciframiento, se presenta una ambig\u00fcedad fundamental. El s\u00edmbolo no solamente posee un doble sentido \u2013 uno, concreto, propio; el otro, alusivo y figurado\u2013, sino que incluso la clasificaci\u00f3n de los s\u00edmbolos nos revela los \u00abreg\u00edmenes\u00bb antag\u00f3nicos bajo los cuales se ordenan las im\u00e1genes. La imaginaci\u00f3n simb\u00f3lica es negaci\u00f3n vital de manera din\u00e1mica, negaci\u00f3n de la nada de la muerte y del tiempo. La esencia dial\u00e9ctica del s\u00edmbolo se manifiesta en muchos planos, y Gilbert Durand la examina partiendo del psicoan\u00e1lisis freudiano y llegando a la teofan\u00eda, para encontrar a la imaginaci\u00f3n simb\u00f3lica confundi\u00e9ndose con la marcha de toda la cultura humana. Pues es en el irremediable desgarramiento entre la fugacidad de la imagen y la perennidad del sentido que constituye el s\u00edmbolo donde se refugia la totalidad de la cultura de los hombres, como una mediaci\u00f3n perpetua entre su Esperanza y su condici\u00f3n temporal.<\/p>\n","protected":false},"excerpt":{"rendered":"<p>DURAND, GILBERT<\/p>\n","protected":false},"featured_media":979004,"template":"","meta":{"_acf_changed":false,"om_disable_all_campaigns":false,"rs_blank_template":"","rs_page_bg_color":"","slide_template_v7":"","inline_featured_image":false,"_monsterinsights_skip_tracking":false,"_monsterinsights_sitenote_active":false,"_monsterinsights_sitenote_note":"","_monsterinsights_sitenote_category":0},"product_brand":[],"product_cat":[90,540],"product_tag":[],"class_list":{"0":"post-979003","1":"product","2":"type-product","3":"status-publish","4":"has-post-thumbnail","6":"product_cat-altres","7":"product_cat-otros","9":"first","10":"instock","11":"taxable","12":"shipping-taxable","13":"purchasable","14":"product-type-simple"},"acf":{"autor":"DURAND, GILBERT","codart":"950518370","libros-coleccion":"","ediciones":"1","encuadernacion":"R\u00fastica","fecha_de_publicacion":"07\/02\/2011","novedad":"0","paginas":"152","subtitulo":"","orden":"999","portada":"0","idioma":"spa","editorial":[{"ID":261807,"post_author":"3","post_date":"2022-10-24 11:16:06","post_date_gmt":"2022-10-24 09:16:06","post_content":"","post_title":"AMORRORTU, EDITORES","post_excerpt":"","post_status":"publish","comment_status":"closed","ping_status":"closed","post_password":"","post_name":"amorrortu-editores","to_ping":"","pinged":"","post_modified":"2022-10-24 11:16:06","post_modified_gmt":"2022-10-24 09:16:06","post_content_filtered":"","post_parent":0,"guid":"http:\/\/dev.claret.cat\/editorial\/amorrortu-editores\/","menu_order":0,"post_type":"editorial","post_mime_type":"","comment_count":"0","filter":"raw"}],"autores-libros":[{"ID":447159,"post_author":"3","post_date":"2023-06-13 15:55:40","post_date_gmt":"2023-06-13 13:55:40","post_content":"","post_title":"GILBERT DURAND","post_excerpt":"","post_status":"publish","comment_status":"closed","ping_status":"closed","post_password":"","post_name":"gilbert-durand","to_ping":"","pinged":"","post_modified":"2023-06-13 15:55:40","post_modified_gmt":"2023-06-13 13:55:40","post_content_filtered":"","post_parent":0,"guid":"https:\/\/www.claret.cat\/autor\/gilbert-durand\/","menu_order":0,"post_type":"autor","post_mime_type":"","comment_count":"0","filter":"raw"}]},"aioseo_notices":[],"_links":{"self":[{"href":"https:\/\/www.claret.cat\/es\/wp-json\/wp\/v2\/product\/979003","targetHints":{"allow":["GET"]}}],"collection":[{"href":"https:\/\/www.claret.cat\/es\/wp-json\/wp\/v2\/product"}],"about":[{"href":"https:\/\/www.claret.cat\/es\/wp-json\/wp\/v2\/types\/product"}],"wp:featuredmedia":[{"embeddable":true,"href":"https:\/\/www.claret.cat\/es\/wp-json\/wp\/v2\/media\/979004"}],"wp:attachment":[{"href":"https:\/\/www.claret.cat\/es\/wp-json\/wp\/v2\/media?parent=979003"}],"wp:term":[{"taxonomy":"product_brand","embeddable":true,"href":"https:\/\/www.claret.cat\/es\/wp-json\/wp\/v2\/product_brand?post=979003"},{"taxonomy":"product_cat","embeddable":true,"href":"https:\/\/www.claret.cat\/es\/wp-json\/wp\/v2\/product_cat?post=979003"},{"taxonomy":"product_tag","embeddable":true,"href":"https:\/\/www.claret.cat\/es\/wp-json\/wp\/v2\/product_tag?post=979003"}],"curies":[{"name":"wp","href":"https:\/\/api.w.org\/{rel}","templated":true}]}}