{"id":979115,"date":"2024-09-12T16:35:35","date_gmt":"2024-09-12T14:35:35","guid":{"rendered":"https:\/\/www.claret.cat\/llibre\/lo-tengo-en-vinilo-9788419509147\/"},"modified":"2024-09-16T10:55:21","modified_gmt":"2024-09-16T08:55:21","slug":"lo-tengo-en-vinilo-9788419509147","status":"publish","type":"product","link":"https:\/\/www.claret.cat\/es\/libro\/lo-tengo-en-vinilo-9788419509147\/","title":{"rendered":"\u00a1LO TENGO EN VINILO!"},"content":{"rendered":"<p> Una historia sobre la fidelidad y el amor&#8230; a un formato<\/p>\n<p> M\u00e1s que un libro de noventa cap\u00edtulos dedicados a noventa discos, \u00a1Lo tengo en vinilo! es una banda sonora. La de la vida de su autor, m\u00fasico y fan que, desde su infancia, recuerda haber estado rodeado de discos. Discos que han trazado una cartograf\u00eda musical y emocional a lo largo de sus cincuenta a\u00f1os de existencia y cuyos estilos fluct\u00faan tanto como cualquier trayectoria vital. Discos tristes, alegres, salvajes, intimistas o juerguistas que le han acompa\u00f1ado durante momentos tan<br \/> importantes como sus primeros pasos profesionales, sus amores y desamores, el fallecimiento de sus padres o incluso una pandemia mundial. Y es que, a entender de Oscar Avenda\u00f1o, miembro del grupo Siniestro Total durante 21 a\u00f1os, el rock &#x2018;n&#x2019; roll es la m\u00fasica perfecta para acompa\u00f1ar \u00e9xitos y fracasos.<\/p>\n","protected":false},"excerpt":{"rendered":"<p>AVENDA\u00d1O, OSCAR<\/p>\n","protected":false},"featured_media":979517,"template":"","meta":{"_acf_changed":false,"om_disable_all_campaigns":false,"rs_blank_template":"","rs_page_bg_color":"","slide_template_v7":"","inline_featured_image":false,"_monsterinsights_skip_tracking":false,"_monsterinsights_sitenote_active":false,"_monsterinsights_sitenote_note":"","_monsterinsights_sitenote_category":0},"product_brand":[],"product_cat":[111,332],"product_tag":[],"class_list":{"0":"post-979115","1":"product","2":"type-product","3":"status-publish","4":"has-post-thumbnail","6":"product_cat-musica","7":"product_cat-musica-4_escolar-spa","9":"first","10":"instock","11":"taxable","12":"shipping-taxable","13":"purchasable","14":"product-type-simple"},"acf":{"autor":"AVENDA\u00d1O, OSCAR","codart":"841950914","libros-coleccion":"FORA DE COL.LECCI\u00d3","ediciones":"1","encuadernacion":"R\u00fastica","fecha_de_publicacion":"01\/09\/2024","novedad":"1","paginas":"282","subtitulo":"UNA HISTORIA SOBRE LA FIDELIDAD Y EL AMOR... A UN FORMATO","orden":"0","portada":"0","idioma":"spa","editorial":[{"ID":148568,"post_author":"3","post_date":"2022-10-14 11:59:15","post_date_gmt":"2022-10-14 09:59:15","post_content":"","post_title":"NEO PERSON","post_excerpt":"","post_status":"publish","comment_status":"closed","ping_status":"closed","post_password":"","post_name":"neo-person","to_ping":"","pinged":"","post_modified":"2022-10-14 11:59:15","post_modified_gmt":"2022-10-14 09:59:15","post_content_filtered":"","post_parent":0,"guid":"http:\/\/dev.claret.cat\/editorial\/neo-person\/","menu_order":0,"post_type":"editorial","post_mime_type":"","comment_count":"0","filter":"raw"}]},"aioseo_notices":[],"_links":{"self":[{"href":"https:\/\/www.claret.cat\/es\/wp-json\/wp\/v2\/product\/979115","targetHints":{"allow":["GET"]}}],"collection":[{"href":"https:\/\/www.claret.cat\/es\/wp-json\/wp\/v2\/product"}],"about":[{"href":"https:\/\/www.claret.cat\/es\/wp-json\/wp\/v2\/types\/product"}],"wp:featuredmedia":[{"embeddable":true,"href":"https:\/\/www.claret.cat\/es\/wp-json\/wp\/v2\/media\/979517"}],"wp:attachment":[{"href":"https:\/\/www.claret.cat\/es\/wp-json\/wp\/v2\/media?parent=979115"}],"wp:term":[{"taxonomy":"product_brand","embeddable":true,"href":"https:\/\/www.claret.cat\/es\/wp-json\/wp\/v2\/product_brand?post=979115"},{"taxonomy":"product_cat","embeddable":true,"href":"https:\/\/www.claret.cat\/es\/wp-json\/wp\/v2\/product_cat?post=979115"},{"taxonomy":"product_tag","embeddable":true,"href":"https:\/\/www.claret.cat\/es\/wp-json\/wp\/v2\/product_tag?post=979115"}],"curies":[{"name":"wp","href":"https:\/\/api.w.org\/{rel}","templated":true}]}}