{"id":97916,"date":"2022-10-12T07:18:35","date_gmt":"2022-10-12T05:18:35","guid":{"rendered":"http:\/\/dev.claret.cat\/producte\/petit-gran-jean-michel-basquiat\/"},"modified":"2026-02-26T14:47:47","modified_gmt":"2026-02-26T13:47:47","slug":"petit-gran-jeanmichel-basquiat-9788490657331","status":"publish","type":"product","link":"https:\/\/www.claret.cat\/es\/libro\/petit-gran-jeanmichel-basquiat-9788490657331\/","title":{"rendered":"PETIT &amp; GRAN JEAN-MICHEL BASQUIAT"},"content":{"rendered":"<p>Jean-Michel Basquiat es una de las figuras m\u00e1s reconocidas del arte contempor\u00e1neo del siglo pasado. Naci\u00f3 en el barrio neoyorquino de Brooklyn. Con su amigo Al D\u00edaz, pintaba grafitis en paredes y edificios de la parte sur de Manhattan como expresi\u00f3n de protesta. Sus obras denunciaban el racismo y la desigualdad y adquirieron un enorme valor.<br \/> Peque\u00f1o&amp;Grande Jean-Michel Basquiat es un nuevo t\u00edtulo de la colecci\u00f3n Peque\u00f1a&amp;Grande de biograf\u00edas ilustradas de grandes figuras de la historia. Personas extraordinarias del mundo del arte, la ciencia, el deporte, la m\u00fasica, el activismo, la literatura&#8230; con la que ni\u00f1as y ni\u00f1os aprendan y puedan identificarse.<\/p>\n","protected":false},"excerpt":{"rendered":"<p>S\u00c1NCHEZ VEGARA, MAR\u00cdA ISABEL<\/p>\n","protected":false},"featured_media":97917,"template":"","meta":{"_acf_changed":false,"om_disable_all_campaigns":false,"rs_blank_template":"","rs_page_bg_color":"","slide_template_v7":"","inline_featured_image":false,"_monsterinsights_skip_tracking":false,"_monsterinsights_sitenote_active":false,"_monsterinsights_sitenote_note":"","_monsterinsights_sitenote_category":0},"product_brand":[],"product_cat":[132,362],"product_tag":[],"class_list":{"0":"post-97916","1":"product","2":"type-product","3":"status-publish","4":"has-post-thumbnail","6":"product_cat-lectures-per-preadolescents-6-12-anys","7":"product_cat-libros-preadolescentes-6-12-anos","9":"first","10":"instock","11":"taxable","12":"shipping-taxable","13":"purchasable","14":"product-type-simple"},"acf":{"editorial":[{"ID":147382,"post_author":"3","post_date":"2022-10-14 11:50:09","post_date_gmt":"2022-10-14 09:50:09","post_content":"","post_title":"Alba Editorial","post_excerpt":"","post_status":"publish","comment_status":"closed","ping_status":"closed","post_password":"","post_name":"alba-editorial","to_ping":"","pinged":"","post_modified":"2022-10-14 11:50:09","post_modified_gmt":"2022-10-14 09:50:09","post_content_filtered":"","post_parent":0,"guid":"http:\/\/dev.claret.cat\/editorial\/alba-editorial\/","menu_order":0,"post_type":"editorial","post_mime_type":"","comment_count":"0","filter":"raw"}],"autor":"S\u00c1NCHEZ VEGARA, MAR\u00cdA ISABEL","codart":"849065733","libros-coleccion":"Peque\u00f1a & Grande","ediciones":"1","encuadernacion":"Carton\u00e9","fecha_de_publicacion":"01\/01\/2021","novedad":"1","paginas":"45","subtitulo":"","orden":"0","portada":"0","idioma":"cat","autores-libros":[{"ID":163648,"post_author":"3","post_date":"2022-10-14 17:40:43","post_date_gmt":"2022-10-14 15:40:43","post_content":"","post_title":"MAR\u00cdA ISABEL S\u00c1NCHEZ VEGARA","post_excerpt":"","post_status":"publish","comment_status":"closed","ping_status":"closed","post_password":"","post_name":"maria-isabel-sanchez-vegara","to_ping":"","pinged":"","post_modified":"2022-10-14 17:40:43","post_modified_gmt":"2022-10-14 15:40:43","post_content_filtered":"","post_parent":0,"guid":"http:\/\/dev.claret.cat\/autor\/maria-isabel-sanchez-vegara\/","menu_order":0,"post_type":"autor","post_mime_type":"","comment_count":"0","filter":"raw"}],"booktrailer":"","resenas":""},"aioseo_notices":[],"_links":{"self":[{"href":"https:\/\/www.claret.cat\/es\/wp-json\/wp\/v2\/product\/97916","targetHints":{"allow":["GET"]}}],"collection":[{"href":"https:\/\/www.claret.cat\/es\/wp-json\/wp\/v2\/product"}],"about":[{"href":"https:\/\/www.claret.cat\/es\/wp-json\/wp\/v2\/types\/product"}],"wp:featuredmedia":[{"embeddable":true,"href":"https:\/\/www.claret.cat\/es\/wp-json\/wp\/v2\/media\/97917"}],"wp:attachment":[{"href":"https:\/\/www.claret.cat\/es\/wp-json\/wp\/v2\/media?parent=97916"}],"wp:term":[{"taxonomy":"product_brand","embeddable":true,"href":"https:\/\/www.claret.cat\/es\/wp-json\/wp\/v2\/product_brand?post=97916"},{"taxonomy":"product_cat","embeddable":true,"href":"https:\/\/www.claret.cat\/es\/wp-json\/wp\/v2\/product_cat?post=97916"},{"taxonomy":"product_tag","embeddable":true,"href":"https:\/\/www.claret.cat\/es\/wp-json\/wp\/v2\/product_tag?post=97916"}],"curies":[{"name":"wp","href":"https:\/\/api.w.org\/{rel}","templated":true}]}}