{"id":97928,"date":"2022-10-12T07:18:44","date_gmt":"2022-10-12T05:18:44","guid":{"rendered":"http:\/\/dev.claret.cat\/producte\/despegar\/"},"modified":"2023-01-28T19:40:28","modified_gmt":"2023-01-28T18:40:28","slug":"despegar-9788416904211","status":"publish","type":"product","link":"https:\/\/www.claret.cat\/es\/libro\/despegar-9788416904211\/","title":{"rendered":"DESPEGAR"},"content":{"rendered":"<p>Empezar una aventura empresarial puede ser de todo menos<br \/> f\u00e1cil. Por eso con este libro aprender\u00e1s de una manera amena<br \/> y muy realista los pasos y etapas que vivir\u00e1s y los principales<br \/> retos a los que deber\u00e1s enfrentarte. De la idea hasta el final de<br \/> tu proyecto, pasando por el\/los socio\/s, el equipo, el mercado<br \/> o los inversores. Su autor, Christian Rodr\u00edguez, es experto en tendencias cualitativas<br \/> de mercado, emprendedor desde los 17 a\u00f1os, fundador<br \/> de m\u00e1s de seis compa\u00f1\u00edas en sectores muy distintos pero<br \/> con un com\u00fan denominador: la innovaci\u00f3n y revoluci\u00f3n de<br \/> dicho sector. Es mentor y colaborador en reconocidas aceleradoras<br \/> digitales, profesor, conferenciante y, lo m\u00e1s relevante<br \/> para \u00e9l, un so\u00f1ador. Est\u00e1 feliz de vivir en la era de la revoluci\u00f3n<br \/> tecnol\u00f3gica, donde la revoluci\u00f3n en los negocios y mercados<br \/> actuales solo acaba de empezar. Este libro te ayudar\u00e1 a<br \/> tomar todas tus decisiones. Prep\u00e1rate, porque en 5, 4, 3, 2, 1? \u00a1despega tu proyecto!<\/p>\n","protected":false},"excerpt":{"rendered":"<p>RODR\u00cdGUEZ FORN\u00d3S, CHRISTIAN<\/p>\n","protected":false},"featured_media":317384,"template":"","meta":{"_acf_changed":false,"om_disable_all_campaigns":false,"rs_blank_template":"","rs_page_bg_color":"","slide_template_v7":"","inline_featured_image":false,"_monsterinsights_skip_tracking":false,"_monsterinsights_sitenote_active":false,"_monsterinsights_sitenote_note":"","_monsterinsights_sitenote_category":0},"product_brand":[],"product_cat":[90,540],"product_tag":[],"class_list":{"0":"post-97928","1":"product","2":"type-product","3":"status-publish","4":"has-post-thumbnail","6":"product_cat-altres","7":"product_cat-otros","9":"first","10":"instock","11":"taxable","12":"shipping-taxable","13":"purchasable","14":"product-type-simple"},"acf":{"editorial":[{"ID":148698,"post_author":"3","post_date":"2022-10-14 12:00:17","post_date_gmt":"2022-10-14 10:00:17","post_content":"","post_title":"PROFIT EDITORIAL","post_excerpt":"","post_status":"publish","comment_status":"closed","ping_status":"closed","post_password":"","post_name":"profit-editorial","to_ping":"","pinged":"","post_modified":"2022-10-14 12:00:17","post_modified_gmt":"2022-10-14 10:00:17","post_content_filtered":"","post_parent":0,"guid":"http:\/\/dev.claret.cat\/editorial\/profit-editorial\/","menu_order":0,"post_type":"editorial","post_mime_type":"","comment_count":"0","filter":"raw"}],"autores-libros":[{"ID":152911,"post_author":"3","post_date":"2022-10-14 14:52:34","post_date_gmt":"2022-10-14 12:52:34","post_content":"","post_title":"CHRISTIAN RODR\u00cdGUEZ FORN\u00d3S","post_excerpt":"","post_status":"publish","comment_status":"closed","ping_status":"closed","post_password":"","post_name":"christian-rodriguez-fornos","to_ping":"","pinged":"","post_modified":"2022-10-14 14:52:34","post_modified_gmt":"2022-10-14 12:52:34","post_content_filtered":"","post_parent":0,"guid":"http:\/\/dev.claret.cat\/autor\/christian-rodriguez-fornos\/","menu_order":0,"post_type":"autor","post_mime_type":"","comment_count":"0","filter":"raw"}],"autor":"RODR\u00cdGUEZ FORN\u00d3S, CHRISTIAN","codart":"841690421","libros-coleccion":"FORA DE COL.LECCI\u00d3","ediciones":"1","encuadernacion":"R\u00fastica","fecha_de_publicacion":"01\/03\/2017","novedad":"1","paginas":"0","subtitulo":"PONLE ALAS A TU PROYECTO","orden":"0","portada":"0","idioma":"spa"},"aioseo_notices":[],"_links":{"self":[{"href":"https:\/\/www.claret.cat\/es\/wp-json\/wp\/v2\/product\/97928","targetHints":{"allow":["GET"]}}],"collection":[{"href":"https:\/\/www.claret.cat\/es\/wp-json\/wp\/v2\/product"}],"about":[{"href":"https:\/\/www.claret.cat\/es\/wp-json\/wp\/v2\/types\/product"}],"wp:featuredmedia":[{"embeddable":true,"href":"https:\/\/www.claret.cat\/es\/wp-json\/wp\/v2\/media\/317384"}],"wp:attachment":[{"href":"https:\/\/www.claret.cat\/es\/wp-json\/wp\/v2\/media?parent=97928"}],"wp:term":[{"taxonomy":"product_brand","embeddable":true,"href":"https:\/\/www.claret.cat\/es\/wp-json\/wp\/v2\/product_brand?post=97928"},{"taxonomy":"product_cat","embeddable":true,"href":"https:\/\/www.claret.cat\/es\/wp-json\/wp\/v2\/product_cat?post=97928"},{"taxonomy":"product_tag","embeddable":true,"href":"https:\/\/www.claret.cat\/es\/wp-json\/wp\/v2\/product_tag?post=97928"}],"curies":[{"name":"wp","href":"https:\/\/api.w.org\/{rel}","templated":true}]}}