{"id":979391,"date":"2024-09-13T18:50:02","date_gmt":"2024-09-13T16:50:02","guid":{"rendered":"https:\/\/www.claret.cat\/llibre\/lalex-del-somriure-9788419721242\/"},"modified":"2025-02-01T00:04:44","modified_gmt":"2025-01-31T23:04:44","slug":"lalex-del-somriure-9788419721242","status":"publish","type":"product","link":"https:\/\/www.claret.cat\/es\/libro\/lalex-del-somriure-9788419721242\/","title":{"rendered":"L&#8217;\u00c0LEX DEL SOMRIURE"},"content":{"rendered":"<p>PREMI ROC BORONAT 2024<\/p>\n<p> Un puzle narratiu en qu\u00e8 totes les peces encaixen a la perfecci\u00f3 per aconseguir una novel\u00b7la potent i emotiva.<\/p>\n<p> L&#x2019;\u00c0lex t\u00e9 disset anys i li han diagnosticat un quist de tipus II al rony\u00f3. Aquest llibre \u00e9s la hist\u00f2ria d&#x2019;aquell nen que, des de ben petit, sempre havia dut una pilota cosida als peus; que mirava la mateixa pel\u00b7l\u00edcula una vegada i una altra, i que endrapava el menjar com qui devora la vida a mossegades. Com si el temps mai no fos suficient. Per\u00f2 tamb\u00e9 \u00e9s la hist\u00f2ria de l&#x2019;adolescent que busca fer-se un lloc al m\u00f3n: la pilota ha estat substitu\u00efda per una c\u00e0mera de fotos; l&#x2019;habitaci\u00f3 s&#x2019;omple de retrats de la gent que estima, de desconeguts que ha captat la seva mirada i de fotografies de la seva primera novia i de concerts de m\u00fasica. Els cabells que cauen, el seu divuit\u00e8 aniversari, la selectivitat, els dinou que ja s&#x2019;albiren, les rapades conjuntes de pare i fill, els silencis acompanyats, l&#x2019;habitaci\u00f3 buida&#8230; el seu somriure.<\/p>\n","protected":false},"excerpt":{"rendered":"<p>DUR\u00c0 I HERRERO, CARLES<\/p>\n","protected":false},"featured_media":979392,"template":"","meta":{"_acf_changed":false,"om_disable_all_campaigns":false,"rs_blank_template":"","rs_page_bg_color":"","slide_template_v7":"","inline_featured_image":false,"_monsterinsights_skip_tracking":false,"_monsterinsights_sitenote_active":false,"_monsterinsights_sitenote_note":"","_monsterinsights_sitenote_category":0},"product_brand":[],"product_cat":[127,357],"product_tag":[],"class_list":{"0":"post-979391","1":"product","2":"type-product","3":"status-publish","4":"has-post-thumbnail","6":"product_cat-novella-contemporania","7":"product_cat-novela-contemporanea","9":"first","10":"instock","11":"taxable","12":"shipping-taxable","13":"purchasable","14":"product-type-simple"},"acf":{"autor":"DUR\u00c0 I HERRERO, CARLES","codart":"841972124","libros-coleccion":"Narrativa","ediciones":"1","encuadernacion":"R\u00fastica","fecha_de_publicacion":"01\/09\/2024","novedad":"1","paginas":"214","subtitulo":"PREMI ROC BORONAT 2024","orden":"0","portada":"0","idioma":"cat","editorial":[{"ID":6384,"post_author":"3","post_date":"2022-07-28 17:51:02","post_date_gmt":"2022-07-28 15:51:02","post_content":"","post_title":"Univers Llibres","post_excerpt":"","post_status":"publish","comment_status":"closed","ping_status":"closed","post_password":"","post_name":"univers-llibres","to_ping":"","pinged":"","post_modified":"2022-07-28 17:51:02","post_modified_gmt":"2022-07-28 15:51:02","post_content_filtered":"","post_parent":0,"guid":"http:\/\/dev.claret.cat\/editorial\/univers-llibres\/","menu_order":0,"post_type":"editorial","post_mime_type":"","comment_count":"0","filter":"raw"}]},"aioseo_notices":[],"_links":{"self":[{"href":"https:\/\/www.claret.cat\/es\/wp-json\/wp\/v2\/product\/979391","targetHints":{"allow":["GET"]}}],"collection":[{"href":"https:\/\/www.claret.cat\/es\/wp-json\/wp\/v2\/product"}],"about":[{"href":"https:\/\/www.claret.cat\/es\/wp-json\/wp\/v2\/types\/product"}],"wp:featuredmedia":[{"embeddable":true,"href":"https:\/\/www.claret.cat\/es\/wp-json\/wp\/v2\/media\/979392"}],"wp:attachment":[{"href":"https:\/\/www.claret.cat\/es\/wp-json\/wp\/v2\/media?parent=979391"}],"wp:term":[{"taxonomy":"product_brand","embeddable":true,"href":"https:\/\/www.claret.cat\/es\/wp-json\/wp\/v2\/product_brand?post=979391"},{"taxonomy":"product_cat","embeddable":true,"href":"https:\/\/www.claret.cat\/es\/wp-json\/wp\/v2\/product_cat?post=979391"},{"taxonomy":"product_tag","embeddable":true,"href":"https:\/\/www.claret.cat\/es\/wp-json\/wp\/v2\/product_tag?post=979391"}],"curies":[{"name":"wp","href":"https:\/\/api.w.org\/{rel}","templated":true}]}}