{"id":979440,"date":"2024-09-14T11:20:43","date_gmt":"2024-09-14T09:20:43","guid":{"rendered":"https:\/\/www.claret.cat\/llibre\/dichos-y-hechos-de-las-mujeres-del-desierto-9788430122141\/"},"modified":"2025-12-27T11:56:40","modified_gmt":"2025-12-27T10:56:40","slug":"dichos-y-hechos-de-las-mujeres-del-desierto-9788430122141","status":"publish","type":"product","link":"https:\/\/www.claret.cat\/es\/libro\/dichos-y-hechos-de-las-mujeres-del-desierto-9788430122141\/","title":{"rendered":"DICHOS Y HECHOS DE LAS MUJERES DEL DESIERTO"},"content":{"rendered":"<p><span>Siempre se ha repetido que en la Antig\u00fcedad la mujer no ten\u00eda voz. Se denuncia la opresi\u00f3n a la que estaba sometida y el poco peso que siempre tuvo y sigue teniendo en la Iglesia. Sin embargo, sumergi\u00e9ndose en una escucha m\u00e1s atenta, en una investigaci\u00f3n m\u00e1s profunda, se pueden descubrir huellas femeninas en la Iglesia a lo largo de la historia.<\/span><\/p>\n<p><span>En esto consiste el prop\u00f3sito de esta obra, en la que hemos dejado hablar a las mujeres: monjas, eremitas, madres, nobles? que vivieron entre los siglos IV y VI en distintas regiones de Occidente y Oriente.<\/span><\/p>\n<p><span>En ocasiones se trata de frases cortas o relatos de gestos sencillos, pero que son le\u00eddos situ\u00e1ndolos en su contexto y liber\u00e1ndolos de los prejuicios con los que se han ido cargando a lo largo del tiempo.<\/span><\/p>\n","protected":false},"excerpt":{"rendered":"<p>CREMASCHI, LISA<\/p>\n","protected":false},"featured_media":990976,"template":"","meta":{"_acf_changed":false,"om_disable_all_campaigns":false,"rs_blank_template":"","rs_page_bg_color":"","slide_template_v7":"","inline_featured_image":false,"_monsterinsights_skip_tracking":false,"_monsterinsights_sitenote_active":false,"_monsterinsights_sitenote_note":"","_monsterinsights_sitenote_category":0},"product_brand":[],"product_cat":[485,232,490,239],"product_tag":[],"class_list":{"0":"post-979440","1":"product","2":"type-product","3":"status-publish","4":"has-post-thumbnail","6":"product_cat-autores-espiritualidad-1_espiritualidad","7":"product_cat-autors-espiritualitat","8":"product_cat-monastica-espiritualidad-1_espiritualidad","9":"product_cat-monastica","11":"first","12":"instock","13":"taxable","14":"shipping-taxable","15":"purchasable","16":"product-type-simple"},"acf":{"autor":"CREMASCHI, LISA","codart":"843012214","libros-coleccion":"ICTHYS","ediciones":"1","encuadernacion":"R\u00fastica","fecha_de_publicacion":"12\/09\/2024","novedad":"1","paginas":"288","subtitulo":"","orden":"0","portada":"1","idioma":"spa","editorial":[{"ID":6364,"post_author":"3","post_date":"2022-07-28 17:50:36","post_date_gmt":"2022-07-28 15:50:36","post_content":"","post_title":"S\u00edgueme","post_excerpt":"","post_status":"publish","comment_status":"closed","ping_status":"closed","post_password":"","post_name":"sigueme","to_ping":"","pinged":"","post_modified":"2022-07-28 17:50:36","post_modified_gmt":"2022-07-28 15:50:36","post_content_filtered":"","post_parent":0,"guid":"http:\/\/dev.claret.cat\/editorial\/sigueme\/","menu_order":0,"post_type":"editorial","post_mime_type":"","comment_count":"0","filter":"raw"}],"booktrailer":"","resenas":""},"aioseo_notices":[],"_links":{"self":[{"href":"https:\/\/www.claret.cat\/es\/wp-json\/wp\/v2\/product\/979440","targetHints":{"allow":["GET"]}}],"collection":[{"href":"https:\/\/www.claret.cat\/es\/wp-json\/wp\/v2\/product"}],"about":[{"href":"https:\/\/www.claret.cat\/es\/wp-json\/wp\/v2\/types\/product"}],"wp:featuredmedia":[{"embeddable":true,"href":"https:\/\/www.claret.cat\/es\/wp-json\/wp\/v2\/media\/990976"}],"wp:attachment":[{"href":"https:\/\/www.claret.cat\/es\/wp-json\/wp\/v2\/media?parent=979440"}],"wp:term":[{"taxonomy":"product_brand","embeddable":true,"href":"https:\/\/www.claret.cat\/es\/wp-json\/wp\/v2\/product_brand?post=979440"},{"taxonomy":"product_cat","embeddable":true,"href":"https:\/\/www.claret.cat\/es\/wp-json\/wp\/v2\/product_cat?post=979440"},{"taxonomy":"product_tag","embeddable":true,"href":"https:\/\/www.claret.cat\/es\/wp-json\/wp\/v2\/product_tag?post=979440"}],"curies":[{"name":"wp","href":"https:\/\/api.w.org\/{rel}","templated":true}]}}