{"id":97946,"date":"2022-10-12T07:18:59","date_gmt":"2022-10-12T05:18:59","guid":{"rendered":"http:\/\/dev.claret.cat\/producte\/vae-victus-edicio-en-catala\/"},"modified":"2023-01-28T13:27:50","modified_gmt":"2023-01-28T12:27:50","slug":"vae-victus-edicio-en-catala-9788418132803","status":"publish","type":"product","link":"https:\/\/www.claret.cat\/es\/libro\/vae-victus-edicio-en-catala-9788418132803\/","title":{"rendered":"VAE VICTUS (EDICI\u00d3 EN CATAL\u00c0)"},"content":{"rendered":"<p>S\u00e1nchez Pi\u00f1ol confirma amb Vae Victus el seu pols  narratiu, un equilibri prodigi\u00f3s entre el rigor hist\u00f2ric, la  imaginaci\u00f3  m\u00e9s desbordant i un sentit de l&#8221;humor que converteixen la seva prosa en  una de les m\u00e9s modernes i alhora populars del nostre temps. Vae Victus narra quatre noves aventures de l&#8221;enginyer Mart\u00ed Zuvir\u00eda. El llibre comen\u00e7a el 12 de setembre de 1714, l&#8221;endem\u00e0 de la caiguda de  Barcelona i poc abans que Zuvir\u00eda fugi a l&#8221;Am\u00e8rica del Nord,  on ajudar\u00e0 els indis yames en la guerra contra els colons anglesos. Despr\u00e9s  de l&#8221;aventura americana tornarem a Catalunya, per\u00f2 tamb\u00e9 anirem a Londres, Alemanya i fins i tot Nova Zelanda. Hi retrobarem personatges hist\u00f2rics que ja vam con\u00e8ixer a Victus, com l&#8221;ambigu duc de Berwick, el seu ac\u00e8rrim enemic Verboom o l&#8221;admirat general Villarroel, alhora que en descobrirem de nous, com   el fam\u00f3s guerriller antiborb\u00f2nic Pere Joan Barcel\u00f3 -\u00e0lies Carrasclet- o l&#8221;explorador angl\u00e8s James Cook.<\/p>\n","protected":false},"excerpt":{"rendered":"<p>S\u00c1NCHEZ PI\u00d1OL, ALBERT<\/p>\n","protected":false},"featured_media":97947,"template":"","meta":{"_acf_changed":false,"om_disable_all_campaigns":false,"rs_blank_template":"","rs_page_bg_color":"","slide_template_v7":"","inline_featured_image":false,"_monsterinsights_skip_tracking":false,"_monsterinsights_sitenote_active":false,"_monsterinsights_sitenote_note":"","_monsterinsights_sitenote_category":0},"product_brand":[],"product_cat":[130],"product_tag":[],"class_list":{"0":"post-97946","1":"product","2":"type-product","3":"status-publish","4":"has-post-thumbnail","6":"product_cat-novella-historica-i-ficcio","8":"first","9":"instock","10":"taxable","11":"shipping-taxable","12":"purchasable","13":"product-type-simple"},"acf":{"autor":"S\u00c1NCHEZ PI\u00d1OL, ALBERT","codart":"841813280","libros-coleccion":"Narrativa","ediciones":"1","encuadernacion":"R\u00fastica","fecha_de_publicacion":"01\/01\/2021","novedad":"1","paginas":"524","subtitulo":"","orden":"0","portada":"0","idioma":"cat","editorial":[{"ID":147699,"post_author":"3","post_date":"2022-10-14 11:52:34","post_date_gmt":"2022-10-14 09:52:34","post_content":"","post_title":"Debutxaca","post_excerpt":"","post_status":"publish","comment_status":"closed","ping_status":"closed","post_password":"","post_name":"debutxaca","to_ping":"","pinged":"","post_modified":"2022-10-14 11:52:34","post_modified_gmt":"2022-10-14 09:52:34","post_content_filtered":"","post_parent":0,"guid":"http:\/\/dev.claret.cat\/editorial\/debutxaca\/","menu_order":0,"post_type":"editorial","post_mime_type":"","comment_count":"0","filter":"raw"}],"autores-libros":[{"ID":149450,"post_author":"3","post_date":"2022-10-14 14:24:58","post_date_gmt":"2022-10-14 12:24:58","post_content":"","post_title":"ALBERT S\u00c1NCHEZ PI\u00d1OL","post_excerpt":"","post_status":"publish","comment_status":"closed","ping_status":"closed","post_password":"","post_name":"albert-sanchez-pinol","to_ping":"","pinged":"","post_modified":"2022-10-14 14:24:58","post_modified_gmt":"2022-10-14 12:24:58","post_content_filtered":"","post_parent":0,"guid":"http:\/\/dev.claret.cat\/autor\/albert-sanchez-pinol\/","menu_order":0,"post_type":"autor","post_mime_type":"","comment_count":"0","filter":"raw"}]},"aioseo_notices":[],"_links":{"self":[{"href":"https:\/\/www.claret.cat\/es\/wp-json\/wp\/v2\/product\/97946","targetHints":{"allow":["GET"]}}],"collection":[{"href":"https:\/\/www.claret.cat\/es\/wp-json\/wp\/v2\/product"}],"about":[{"href":"https:\/\/www.claret.cat\/es\/wp-json\/wp\/v2\/types\/product"}],"wp:featuredmedia":[{"embeddable":true,"href":"https:\/\/www.claret.cat\/es\/wp-json\/wp\/v2\/media\/97947"}],"wp:attachment":[{"href":"https:\/\/www.claret.cat\/es\/wp-json\/wp\/v2\/media?parent=97946"}],"wp:term":[{"taxonomy":"product_brand","embeddable":true,"href":"https:\/\/www.claret.cat\/es\/wp-json\/wp\/v2\/product_brand?post=97946"},{"taxonomy":"product_cat","embeddable":true,"href":"https:\/\/www.claret.cat\/es\/wp-json\/wp\/v2\/product_cat?post=97946"},{"taxonomy":"product_tag","embeddable":true,"href":"https:\/\/www.claret.cat\/es\/wp-json\/wp\/v2\/product_tag?post=97946"}],"curies":[{"name":"wp","href":"https:\/\/api.w.org\/{rel}","templated":true}]}}