{"id":979587,"date":"2024-09-16T12:30:14","date_gmt":"2024-09-16T10:30:14","guid":{"rendered":"https:\/\/www.claret.cat\/llibre\/como-ser-una-iglesia-sinodal-misionera-instrumentum-laboris-segunda-sesion-octubre-de-2024-9788428571951\/"},"modified":"2025-12-10T14:37:56","modified_gmt":"2025-12-10T13:37:56","slug":"como-ser-una-iglesia-sinodal-misionera-instrumentum-laboris-segunda-sesion-octubre-de-2024-9788428571951","status":"publish","type":"product","link":"https:\/\/www.claret.cat\/es\/libro\/como-ser-una-iglesia-sinodal-misionera-instrumentum-laboris-segunda-sesion-octubre-de-2024-9788428571951\/","title":{"rendered":"COMO SER UNA IGLESIA SINODAL MISIONERA : INSTRUMENTUM LABORIS SEGUNDA SESI\u00d3N (OCTUBRE DE 2024)"},"content":{"rendered":"<p><span>Este Instrumentum laboris para la segunda sesi\u00f3n de la XVI Asamblea General Ordinaria del S\u00ednodo de los Obispos, que tendr\u00e1 lugar en octubre de 2024, se interroga y nos interroga sobre c\u00f3mo ser una Iglesia sinodal misionera, c\u00f3mo comprometernos en una escucha y un di\u00e1logo profundos, c\u00f3mo ser corresponsables a la luz del dinamismo de nuestra vocaci\u00f3n bautismal personal y comunitaria, c\u00f3mo transformar las estructuras y los procesos para que todos puedan participar y compartir los carismas que el Esp\u00edritu derrama sobre cada uno para el bien com\u00fan y c\u00f3mo ejercer el poder y la autoridad como servicio. Cada una de estas preguntas es un servicio a la Iglesia y, a trav\u00e9s de su acci\u00f3n, a la posibilidad de curar las heridas m\u00e1s profundas de nuestro tiempo.<\/span><\/p>\n","protected":false},"excerpt":{"rendered":"<p>S\u00cdNODO DE LOS OBISPOS<\/p>\n","protected":false},"featured_media":979674,"template":"","meta":{"_acf_changed":false,"om_disable_all_campaigns":false,"rs_blank_template":"","rs_page_bg_color":"","slide_template_v7":"","inline_featured_image":false,"_monsterinsights_skip_tracking":false,"_monsterinsights_sitenote_active":false,"_monsterinsights_sitenote_note":"","_monsterinsights_sitenote_category":0},"product_brand":[],"product_cat":[283,511],"product_tag":[],"class_list":{"0":"post-979587","1":"product","2":"type-product","3":"status-publish","4":"has-post-thumbnail","6":"product_cat-eclesiologia-teologia","7":"product_cat-eclesiologia-teologia-1_espiritualidad","9":"first","10":"instock","11":"taxable","12":"shipping-taxable","13":"purchasable","14":"product-type-simple"},"acf":{"autor":"S\u00cdNODO DE LOS OBISPOS","codart":"842857195","libros-coleccion":"ENC\u00cdCLICAS  Y DOCUMENTOS ","ediciones":"1","encuadernacion":"R\u00fastica","fecha_de_publicacion":"10\/09\/2024","novedad":"1","paginas":"96","subtitulo":"XVI ASAMBLEA GENERAL ORDINARIA DEL S\u00cdNODO DE LOS OBISPOS ","orden":"0","portada":"0","idioma":"spa","editorial":[{"ID":6356,"post_author":"3","post_date":"2022-07-28 17:50:26","post_date_gmt":"2022-07-28 15:50:26","post_content":"","post_title":"SAN PABLO COMUNICACI\u00d3N","post_excerpt":"","post_status":"publish","comment_status":"closed","ping_status":"closed","post_password":"","post_name":"san-pablo-comunicacion","to_ping":"","pinged":"","post_modified":"2022-07-28 17:50:26","post_modified_gmt":"2022-07-28 15:50:26","post_content_filtered":"","post_parent":0,"guid":"http:\/\/dev.claret.cat\/editorial\/san-pablo-comunicacion\/","menu_order":0,"post_type":"editorial","post_mime_type":"","comment_count":"0","filter":"raw"}],"booktrailer":"","resenas":""},"aioseo_notices":[],"_links":{"self":[{"href":"https:\/\/www.claret.cat\/es\/wp-json\/wp\/v2\/product\/979587","targetHints":{"allow":["GET"]}}],"collection":[{"href":"https:\/\/www.claret.cat\/es\/wp-json\/wp\/v2\/product"}],"about":[{"href":"https:\/\/www.claret.cat\/es\/wp-json\/wp\/v2\/types\/product"}],"wp:featuredmedia":[{"embeddable":true,"href":"https:\/\/www.claret.cat\/es\/wp-json\/wp\/v2\/media\/979674"}],"wp:attachment":[{"href":"https:\/\/www.claret.cat\/es\/wp-json\/wp\/v2\/media?parent=979587"}],"wp:term":[{"taxonomy":"product_brand","embeddable":true,"href":"https:\/\/www.claret.cat\/es\/wp-json\/wp\/v2\/product_brand?post=979587"},{"taxonomy":"product_cat","embeddable":true,"href":"https:\/\/www.claret.cat\/es\/wp-json\/wp\/v2\/product_cat?post=979587"},{"taxonomy":"product_tag","embeddable":true,"href":"https:\/\/www.claret.cat\/es\/wp-json\/wp\/v2\/product_tag?post=979587"}],"curies":[{"name":"wp","href":"https:\/\/api.w.org\/{rel}","templated":true}]}}