{"id":979596,"date":"2024-09-16T12:30:51","date_gmt":"2024-09-16T10:30:51","guid":{"rendered":"https:\/\/www.claret.cat\/llibre\/mi-agenda-2025-mod-2-rustica-9788428571296\/"},"modified":"2025-05-12T10:56:13","modified_gmt":"2025-05-12T08:56:13","slug":"mi-agenda-2025-mod-2-rustica-9788428571296","status":"publish","type":"product","link":"https:\/\/www.claret.cat\/es\/libro\/mi-agenda-2025-mod-2-rustica-9788428571296\/","title":{"rendered":"MI AGENDA 2025 &#8211; MOD. 2 &#8211; R\u00daSTICA"},"content":{"rendered":"<p><span>Pr\u00e1ctica agenda de bolsillo, ideal para llevar siempre encima, con fotograf\u00edas y frases para reflexionar, con amplia informaci\u00f3n tanto del a\u00f1o lit\u00fargico como civil (santoral, citas b\u00edblicas, fase lunar\u2026).<\/span><\/p>\n<p><span>Encuadernada en r\u00fastica con cubierta impresa y estampaci\u00f3n en oro.<\/span><\/p>\n","protected":false},"excerpt":{"rendered":"<p>EQUIPO SAN PABLO<\/p>\n","protected":false},"featured_media":1020851,"template":"","meta":{"_acf_changed":false,"om_disable_all_campaigns":false,"rs_blank_template":"","rs_page_bg_color":"","slide_template_v7":"","inline_featured_image":false,"_monsterinsights_skip_tracking":false,"_monsterinsights_sitenote_active":false,"_monsterinsights_sitenote_note":"","_monsterinsights_sitenote_category":0},"product_brand":[],"product_cat":[552,102],"product_tag":[],"class_list":{"0":"post-979596","1":"product","2":"type-product","3":"status-publish","4":"has-post-thumbnail","6":"product_cat-calendarios-y-agendas","7":"product_cat-calendaris-i-agendes","9":"first","10":"outofstock","11":"taxable","12":"shipping-taxable","13":"purchasable","14":"product-type-simple"},"acf":{"autor":"EQUIPO SAN PABLO","codart":"842857129","libros-coleccion":"SAN PABLO - AGENDAS","ediciones":"1","encuadernacion":"R\u00fastica","fecha_de_publicacion":"02\/07\/2024","novedad":"1","paginas":"272","subtitulo":"R\u00daSTICA","orden":"0","portada":"0","idioma":"spa","editorial":[{"ID":6356,"post_author":"3","post_date":"2022-07-28 17:50:26","post_date_gmt":"2022-07-28 15:50:26","post_content":"","post_title":"SAN PABLO COMUNICACI\u00d3N","post_excerpt":"","post_status":"publish","comment_status":"closed","ping_status":"closed","post_password":"","post_name":"san-pablo-comunicacion","to_ping":"","pinged":"","post_modified":"2022-07-28 17:50:26","post_modified_gmt":"2022-07-28 15:50:26","post_content_filtered":"","post_parent":0,"guid":"http:\/\/dev.claret.cat\/editorial\/san-pablo-comunicacion\/","menu_order":0,"post_type":"editorial","post_mime_type":"","comment_count":"0","filter":"raw"}],"booktrailer":"","resenas":""},"aioseo_notices":[],"_links":{"self":[{"href":"https:\/\/www.claret.cat\/es\/wp-json\/wp\/v2\/product\/979596","targetHints":{"allow":["GET"]}}],"collection":[{"href":"https:\/\/www.claret.cat\/es\/wp-json\/wp\/v2\/product"}],"about":[{"href":"https:\/\/www.claret.cat\/es\/wp-json\/wp\/v2\/types\/product"}],"wp:featuredmedia":[{"embeddable":true,"href":"https:\/\/www.claret.cat\/es\/wp-json\/wp\/v2\/media\/1020851"}],"wp:attachment":[{"href":"https:\/\/www.claret.cat\/es\/wp-json\/wp\/v2\/media?parent=979596"}],"wp:term":[{"taxonomy":"product_brand","embeddable":true,"href":"https:\/\/www.claret.cat\/es\/wp-json\/wp\/v2\/product_brand?post=979596"},{"taxonomy":"product_cat","embeddable":true,"href":"https:\/\/www.claret.cat\/es\/wp-json\/wp\/v2\/product_cat?post=979596"},{"taxonomy":"product_tag","embeddable":true,"href":"https:\/\/www.claret.cat\/es\/wp-json\/wp\/v2\/product_tag?post=979596"}],"curies":[{"name":"wp","href":"https:\/\/api.w.org\/{rel}","templated":true}]}}