{"id":979599,"date":"2024-09-16T12:36:06","date_gmt":"2024-09-16T10:36:06","guid":{"rendered":"https:\/\/www.claret.cat\/llibre\/la-biblia-con-pictogramas-9788428569880\/"},"modified":"2025-10-20T13:45:10","modified_gmt":"2025-10-20T11:45:10","slug":"la-biblia-con-pictogramas-9788428569880","status":"publish","type":"product","link":"https:\/\/www.claret.cat\/es\/libro\/la-biblia-con-pictogramas-9788428569880\/","title":{"rendered":"LA BIBLIA CON PICTOGRAMAS"},"content":{"rendered":"<p><span>Las historias de la Biblia \u00a1con pictogramas! Los pictogramas son una herramienta para la ayuda a la lectura de los m\u00e1s peque\u00f1os, que reconocer\u00e1n en ellos figuras b\u00e1sicas tanto de personajes como de objetos y lugares. As\u00ed podr\u00e1n seguir la trama del libro, desde la creaci\u00f3n del mundo o la aventura del arca de No\u00e9 hasta el nacimiento de Jes\u00fas y su resurrecci\u00f3n. Con ilustraciones sencillas y tiernas y texto adaptado en letra escolar y pictogramas intercalados, este es el libro ideal para que los j\u00f3venes lectores hagan su primera aproximaci\u00f3n a la Biblia. Adem\u00e1s, incluye un glosario de pictogramas para resolver dudas.<\/span><\/p>\n","protected":false},"excerpt":{"rendered":"<p>EQUIPO SAN PABLO<\/p>\n","protected":false},"featured_media":979600,"template":"","meta":{"_acf_changed":false,"om_disable_all_campaigns":false,"rs_blank_template":"","rs_page_bg_color":"","slide_template_v7":"","inline_featured_image":false,"_monsterinsights_skip_tracking":false,"_monsterinsights_sitenote_active":false,"_monsterinsights_sitenote_note":"","_monsterinsights_sitenote_category":0},"product_brand":[],"product_cat":[131,361],"product_tag":[],"class_list":{"0":"post-979599","1":"product","2":"type-product","3":"status-publish","4":"has-post-thumbnail","6":"product_cat-contes-per-infants-0-6-anys","7":"product_cat-cuentos-para-ninos-0-6-anos","9":"first","10":"instock","11":"taxable","12":"shipping-taxable","13":"purchasable","14":"product-type-simple"},"acf":{"autor":"EQUIPO SAN PABLO","codart":"842856988","libros-coleccion":"","ediciones":"1","encuadernacion":"R\u00fastica","fecha_de_publicacion":"10\/09\/2024","novedad":"1","paginas":"32","subtitulo":"","orden":"0","portada":"0","idioma":"spa","editorial":[{"ID":6356,"post_author":"3","post_date":"2022-07-28 17:50:26","post_date_gmt":"2022-07-28 15:50:26","post_content":"","post_title":"SAN PABLO COMUNICACI\u00d3N","post_excerpt":"","post_status":"publish","comment_status":"closed","ping_status":"closed","post_password":"","post_name":"san-pablo-comunicacion","to_ping":"","pinged":"","post_modified":"2022-07-28 17:50:26","post_modified_gmt":"2022-07-28 15:50:26","post_content_filtered":"","post_parent":0,"guid":"http:\/\/dev.claret.cat\/editorial\/san-pablo-comunicacion\/","menu_order":0,"post_type":"editorial","post_mime_type":"","comment_count":"0","filter":"raw"}],"booktrailer":"","resenas":""},"aioseo_notices":[],"_links":{"self":[{"href":"https:\/\/www.claret.cat\/es\/wp-json\/wp\/v2\/product\/979599","targetHints":{"allow":["GET"]}}],"collection":[{"href":"https:\/\/www.claret.cat\/es\/wp-json\/wp\/v2\/product"}],"about":[{"href":"https:\/\/www.claret.cat\/es\/wp-json\/wp\/v2\/types\/product"}],"wp:featuredmedia":[{"embeddable":true,"href":"https:\/\/www.claret.cat\/es\/wp-json\/wp\/v2\/media\/979600"}],"wp:attachment":[{"href":"https:\/\/www.claret.cat\/es\/wp-json\/wp\/v2\/media?parent=979599"}],"wp:term":[{"taxonomy":"product_brand","embeddable":true,"href":"https:\/\/www.claret.cat\/es\/wp-json\/wp\/v2\/product_brand?post=979599"},{"taxonomy":"product_cat","embeddable":true,"href":"https:\/\/www.claret.cat\/es\/wp-json\/wp\/v2\/product_cat?post=979599"},{"taxonomy":"product_tag","embeddable":true,"href":"https:\/\/www.claret.cat\/es\/wp-json\/wp\/v2\/product_tag?post=979599"}],"curies":[{"name":"wp","href":"https:\/\/api.w.org\/{rel}","templated":true}]}}