{"id":979631,"date":"2024-09-16T13:10:12","date_gmt":"2024-09-16T11:10:12","guid":{"rendered":"https:\/\/www.claret.cat\/llibre\/mi-primer-libro-de-historias-de-la-biblia-9788428569866\/"},"modified":"2026-03-25T19:15:10","modified_gmt":"2026-03-25T18:15:10","slug":"mi-primer-libro-de-historias-de-la-biblia-9788428569866","status":"publish","type":"product","link":"https:\/\/www.claret.cat\/es\/libro\/mi-primer-libro-de-historias-de-la-biblia-9788428569866\/","title":{"rendered":"MI PRIMER LIBRO DE&#8230; HISTORIAS DE LA BIBLIA"},"content":{"rendered":"<p><span>Esta atractiva Biblia presenta, en cada doble p\u00e1gina, 13 historias seleccionadas, desde Ad\u00e1n y Eva hasta la Resurrecci\u00f3n, incluyendo cap\u00edtulos emocionantes como David y Goliat, el nacimiento de Jes\u00fas y el milagro de los panes y los peces. Se presenta en una edici\u00f3n hermosa y manejable, con cubierta acolchada y p\u00e1ginas de cart\u00f3n. Los textos adaptados, f\u00e1ciles de seguir, van acompa\u00f1ados de ilustraciones coloridas y expresivas, que dan vida a personajes y acontecimientos.<\/span><\/p>\n","protected":false},"excerpt":{"rendered":"<p>EQUIPO SAN PABLO<\/p>\n","protected":false},"featured_media":979632,"template":"","meta":{"_acf_changed":false,"om_disable_all_campaigns":false,"rs_blank_template":"","rs_page_bg_color":"","slide_template_v7":"","inline_featured_image":false,"_monsterinsights_skip_tracking":false,"_monsterinsights_sitenote_active":false,"_monsterinsights_sitenote_note":"","_monsterinsights_sitenote_category":0},"product_brand":[],"product_cat":[420,296],"product_tag":[],"class_list":{"0":"post-979631","1":"product","2":"type-product","3":"status-publish","4":"has-post-thumbnail","6":"product_cat-biblias","7":"product_cat-biblies","9":"first","10":"instock","11":"taxable","12":"shipping-taxable","13":"purchasable","14":"product-type-simple"},"acf":{"autor":"EQUIPO SAN PABLO","codart":"842856986","libros-coleccion":"BIBLIA INFANTIL","ediciones":"1","encuadernacion":"Carton\u00e9","fecha_de_publicacion":"10\/09\/2024","novedad":"1","paginas":"28","subtitulo":"","orden":"0","portada":"0","idioma":"spa","editorial":[{"ID":6356,"post_author":"3","post_date":"2022-07-28 17:50:26","post_date_gmt":"2022-07-28 15:50:26","post_content":"","post_title":"SAN PABLO COMUNICACI\u00d3N","post_excerpt":"","post_status":"publish","comment_status":"closed","ping_status":"closed","post_password":"","post_name":"san-pablo-comunicacion","to_ping":"","pinged":"","post_modified":"2022-07-28 17:50:26","post_modified_gmt":"2022-07-28 15:50:26","post_content_filtered":"","post_parent":0,"guid":"http:\/\/dev.claret.cat\/editorial\/san-pablo-comunicacion\/","menu_order":0,"post_type":"editorial","post_mime_type":"","comment_count":"0","filter":"raw"}],"booktrailer":"","resenas":""},"aioseo_notices":[],"_links":{"self":[{"href":"https:\/\/www.claret.cat\/es\/wp-json\/wp\/v2\/product\/979631","targetHints":{"allow":["GET"]}}],"collection":[{"href":"https:\/\/www.claret.cat\/es\/wp-json\/wp\/v2\/product"}],"about":[{"href":"https:\/\/www.claret.cat\/es\/wp-json\/wp\/v2\/types\/product"}],"wp:featuredmedia":[{"embeddable":true,"href":"https:\/\/www.claret.cat\/es\/wp-json\/wp\/v2\/media\/979632"}],"wp:attachment":[{"href":"https:\/\/www.claret.cat\/es\/wp-json\/wp\/v2\/media?parent=979631"}],"wp:term":[{"taxonomy":"product_brand","embeddable":true,"href":"https:\/\/www.claret.cat\/es\/wp-json\/wp\/v2\/product_brand?post=979631"},{"taxonomy":"product_cat","embeddable":true,"href":"https:\/\/www.claret.cat\/es\/wp-json\/wp\/v2\/product_cat?post=979631"},{"taxonomy":"product_tag","embeddable":true,"href":"https:\/\/www.claret.cat\/es\/wp-json\/wp\/v2\/product_tag?post=979631"}],"curies":[{"name":"wp","href":"https:\/\/api.w.org\/{rel}","templated":true}]}}