{"id":979636,"date":"2024-09-16T13:20:02","date_gmt":"2024-09-16T11:20:02","guid":{"rendered":"https:\/\/www.claret.cat\/llibre\/la-biblia-palabra-de-vida-estandar-rustica-funda-plastico-9788490739808\/"},"modified":"2026-03-02T12:30:32","modified_gmt":"2026-03-02T11:30:32","slug":"la-biblia-palabra-de-vida-estandar-rustica-funda-plastico-9788490739808","status":"publish","type":"product","link":"https:\/\/www.claret.cat\/es\/libro\/la-biblia-palabra-de-vida-estandar-rustica-funda-plastico-9788490739808\/","title":{"rendered":"LA BIBLIA (PALABRA DE VIDA) &#8211; [EST\u00c1NDAR &#8211; R\u00daSTICA &#8211; FUNDA PL\u00c1STICO]"},"content":{"rendered":"<p><span>Versi\u00f3n est\u00e1ndar con cubierta en r\u00fastica de&nbsp;<\/span><em>La Biblia<\/em><span>. Una edici\u00f3n de la Biblia con una traducci\u00f3n de calidad, una alta legibilidad y precios muy asequibles; una nueva apuesta de Editorial Verbo Divino para hacer llegar la Palabra a todos los hogares de Am\u00e9rica.<\/span><\/p>\n<p><\/p>\n<p><em>Caracter\u00edsticas de la obra:<\/em><\/p>\n<p>Traducci\u00f3n interconfesional de&nbsp;<em>La Biblia (BH)<\/em>, realizada a partir de las lenguas originales hebrea, aramea y griega.<\/p>\n<p>Introducciones a cada uno de los libros de la Biblia.<\/p>\n<p>Un completo vocabulario b\u00edblico.<\/p>\n<p>Mapas a todo color de Palestina en tiempos del Antiguo Testamento<\/p>\n<p>Ilustraciones a color de importantes pasajes de la Biblia acompa\u00f1adas de las oraciones cat\u00f3licas m\u00e1s importantes.<\/p>\n<p>Ap\u00e9ndice con instrucciones para la Lectio Divina.<\/p>\n<p>Lecturas del leccionario para domingos y festividades importantes.<\/p>\n<p>L\u00e1mina ilustrada con la imagen del Papa Francisco acompa\u00f1ada de citas de la enc\u00edclica&nbsp;<em>Evangelii Gaudium<\/em>&nbsp;que invitan a la lectura de la Biblia.<\/p>\n","protected":false},"excerpt":{"rendered":"<p>EQUIPO B\u00cdBLICO VERBO <\/p>\n","protected":false},"featured_media":979637,"template":"","meta":{"_acf_changed":false,"om_disable_all_campaigns":false,"rs_blank_template":"","rs_page_bg_color":"","slide_template_v7":"","inline_featured_image":false,"_monsterinsights_skip_tracking":false,"_monsterinsights_sitenote_active":false,"_monsterinsights_sitenote_note":"","_monsterinsights_sitenote_category":0},"product_brand":[],"product_cat":[420,296],"product_tag":[],"class_list":{"0":"post-979636","1":"product","2":"type-product","3":"status-publish","4":"has-post-thumbnail","6":"product_cat-biblias","7":"product_cat-biblies","9":"first","10":"instock","11":"taxable","12":"shipping-taxable","13":"purchasable","14":"product-type-simple"},"acf":{"autor":"EQUIPO B\u00cdBLICO VERBO ","codart":"849073980","libros-coleccion":"","ediciones":"1","encuadernacion":"R\u00fastica","fecha_de_publicacion":"12\/09\/2024","novedad":"1","paginas":"1600","subtitulo":"[EST\u00c1NDAR - R\u00daSTICA - FUNDA PL\u00c1STICO]","orden":"0","portada":"0","idioma":"spa","editorial":[{"ID":6390,"post_author":"3","post_date":"2022-07-28 17:51:08","post_date_gmt":"2022-07-28 15:51:08","post_content":"","post_title":"VERBO DIVINO","post_excerpt":"","post_status":"publish","comment_status":"closed","ping_status":"closed","post_password":"","post_name":"verbo-divino","to_ping":"","pinged":"","post_modified":"2022-07-28 17:51:08","post_modified_gmt":"2022-07-28 15:51:08","post_content_filtered":"","post_parent":0,"guid":"http:\/\/dev.claret.cat\/editorial\/verbo-divino\/","menu_order":0,"post_type":"editorial","post_mime_type":"","comment_count":"0","filter":"raw"}],"booktrailer":"","resenas":""},"aioseo_notices":[],"_links":{"self":[{"href":"https:\/\/www.claret.cat\/es\/wp-json\/wp\/v2\/product\/979636","targetHints":{"allow":["GET"]}}],"collection":[{"href":"https:\/\/www.claret.cat\/es\/wp-json\/wp\/v2\/product"}],"about":[{"href":"https:\/\/www.claret.cat\/es\/wp-json\/wp\/v2\/types\/product"}],"wp:featuredmedia":[{"embeddable":true,"href":"https:\/\/www.claret.cat\/es\/wp-json\/wp\/v2\/media\/979637"}],"wp:attachment":[{"href":"https:\/\/www.claret.cat\/es\/wp-json\/wp\/v2\/media?parent=979636"}],"wp:term":[{"taxonomy":"product_brand","embeddable":true,"href":"https:\/\/www.claret.cat\/es\/wp-json\/wp\/v2\/product_brand?post=979636"},{"taxonomy":"product_cat","embeddable":true,"href":"https:\/\/www.claret.cat\/es\/wp-json\/wp\/v2\/product_cat?post=979636"},{"taxonomy":"product_tag","embeddable":true,"href":"https:\/\/www.claret.cat\/es\/wp-json\/wp\/v2\/product_tag?post=979636"}],"curies":[{"name":"wp","href":"https:\/\/api.w.org\/{rel}","templated":true}]}}