{"id":979770,"date":"2024-09-16T16:35:38","date_gmt":"2024-09-16T14:35:38","guid":{"rendered":"https:\/\/www.claret.cat\/llibre\/casi-9788427243958\/"},"modified":"2025-04-07T11:31:39","modified_gmt":"2025-04-07T09:31:39","slug":"casi-9788427243958","status":"publish","type":"product","link":"https:\/\/www.claret.cat\/es\/libro\/casi-9788427243958\/","title":{"rendered":"CASI"},"content":{"rendered":"<p>Un encantador \u00e1lbum ilustrado sobre el pensamiento creativo. Ram\u00f3n se pasa el d\u00eda dibujando. \u00a1Le encanta! Pero cuando su hermano mayor critica su dibujo, empieza a dudar de sus habilidades&#8230; hasta que descubre, con ayuda de su hermana peque\u00f1a, que el CASI puede ser una fuente de inspiraci\u00f3n muy poderosa.Una obra tierna para dar rienda suelta a la creatividad y disfrutar de los procesos art\u00edsticos.<\/p>\n","protected":false},"excerpt":{"rendered":"<p>REYNOLDS, PETER H.<\/p>\n","protected":false},"featured_media":979771,"template":"","meta":{"_acf_changed":false,"om_disable_all_campaigns":false,"rs_blank_template":"","rs_page_bg_color":"","slide_template_v7":"","inline_featured_image":false,"_monsterinsights_skip_tracking":false,"_monsterinsights_sitenote_active":false,"_monsterinsights_sitenote_note":"","_monsterinsights_sitenote_category":0},"product_brand":[],"product_cat":[131,361],"product_tag":[],"class_list":{"0":"post-979770","1":"product","2":"type-product","3":"status-publish","4":"has-post-thumbnail","6":"product_cat-contes-per-infants-0-6-anys","7":"product_cat-cuentos-para-ninos-0-6-anos","9":"first","10":"instock","11":"taxable","12":"shipping-taxable","13":"purchasable","14":"product-type-simple"},"acf":{"autor":"REYNOLDS, PETER H.","codart":"842724395","libros-coleccion":"FORA DE COL.LECCI\u00d3","ediciones":"1","encuadernacion":"Carton\u00e9","fecha_de_publicacion":"01\/09\/2024","novedad":"1","paginas":"45","subtitulo":"NO TODO TIENE QUE SER PERFECTO, Y EST\u00c1 BIEN AS\u00cd.","orden":"0","portada":"0","idioma":"spa","editorial":[{"ID":6346,"post_author":"3","post_date":"2022-07-28 17:50:13","post_date_gmt":"2022-07-28 15:50:13","post_content":"","post_title":"RBA Molino","post_excerpt":"","post_status":"publish","comment_status":"closed","ping_status":"closed","post_password":"","post_name":"rba-molino","to_ping":"","pinged":"","post_modified":"2022-07-28 17:50:13","post_modified_gmt":"2022-07-28 15:50:13","post_content_filtered":"","post_parent":0,"guid":"http:\/\/dev.claret.cat\/editorial\/rba-molino\/","menu_order":0,"post_type":"editorial","post_mime_type":"","comment_count":"0","filter":"raw"}]},"aioseo_notices":[],"_links":{"self":[{"href":"https:\/\/www.claret.cat\/es\/wp-json\/wp\/v2\/product\/979770","targetHints":{"allow":["GET"]}}],"collection":[{"href":"https:\/\/www.claret.cat\/es\/wp-json\/wp\/v2\/product"}],"about":[{"href":"https:\/\/www.claret.cat\/es\/wp-json\/wp\/v2\/types\/product"}],"wp:featuredmedia":[{"embeddable":true,"href":"https:\/\/www.claret.cat\/es\/wp-json\/wp\/v2\/media\/979771"}],"wp:attachment":[{"href":"https:\/\/www.claret.cat\/es\/wp-json\/wp\/v2\/media?parent=979770"}],"wp:term":[{"taxonomy":"product_brand","embeddable":true,"href":"https:\/\/www.claret.cat\/es\/wp-json\/wp\/v2\/product_brand?post=979770"},{"taxonomy":"product_cat","embeddable":true,"href":"https:\/\/www.claret.cat\/es\/wp-json\/wp\/v2\/product_cat?post=979770"},{"taxonomy":"product_tag","embeddable":true,"href":"https:\/\/www.claret.cat\/es\/wp-json\/wp\/v2\/product_tag?post=979770"}],"curies":[{"name":"wp","href":"https:\/\/api.w.org\/{rel}","templated":true}]}}