{"id":979797,"date":"2024-09-16T16:50:38","date_gmt":"2024-09-16T14:50:38","guid":{"rendered":"https:\/\/www.claret.cat\/llibre\/afganistan-9788410523357\/"},"modified":"2024-09-16T18:30:49","modified_gmt":"2024-09-16T16:30:49","slug":"afganistan-9788410523357","status":"publish","type":"product","link":"https:\/\/www.claret.cat\/es\/libro\/afganistan-9788410523357\/","title":{"rendered":"AFGANIST\u00c1N"},"content":{"rendered":"<p>Afganist\u00e1n es un pa\u00eds envuelto en una mara\u00f1a de estereotipos y prejuicios que lo hacen \u00fanico entre el resto de naciones. Este libro explora el complejo proceso de formaci\u00f3n del Estado a finales del siglo XIX, utilizando tango fuentes de locales como inglesas, con una profunda mirada a las narraciones hist\u00f3ricas y expediciones cient\u00edficas de la \u00e9poca. <br \/>    Desde los escritos de historiadores afganos Faiz Katib y Mohamed Shah hasta las vastas recopilaciones de James Mill o las memorias de expediciones como la de Monstuart Elphinstone, estas p\u00e1ginas ofrecen una visi\u00f3n integral del desarrollo pol\u00edtico y militar del pa\u00eds. Las biograf\u00edas de figuras clave como el emir Abdur Rahman Khan, as\u00ed como las memorias de militares y mujeres como Lady Sale, proporcionan una comprensi\u00f3n detallada de los eventos que moldearon la naci\u00f3n. <br \/>    La obra tambi\u00e9n destaca la influencia del poder brit\u00e1nico y ruso en la configuraci\u00f3n de Afganist\u00e1n como \u00abestado tap\u00f3n\u00bb, y c\u00f3mo el emir Abdur Rahman Khan consolid\u00f3 su poder mediante un r\u00e9gimen de represi\u00f3n y terror, apoyado en una red de espionaje y tortura, con la ayuda de modernas f\u00e1bricas de armas brit\u00e1nicas y dependiente de la financiaci\u00f3n brit\u00e1nica debido a su incapacidad para generar ingresos internos. <br \/>    Finalmente, se analizan los intentos fallidos de modernizaci\u00f3n de Afganist\u00e1n bajo distintos reg\u00edmenes, todos impulsados desde el exterior, y c\u00f3mo los elementos estructurales y la influencia de la religi\u00f3n isl\u00e1mica siguen presentes en la sociedad afgana actual. Es una lectura esencial para comprender las ra\u00edces y los desaf\u00edos actuales de un pa\u00eds cuya historia es tan compleja como su geograf\u00eda. <\/p>\n<p> \u00abEste libro ofrece un profundo an\u00e1lisis de la historia de Afganist\u00e1n, iluminando aspectos fundamentales hasta ahora poco conocidos. Un libro de obligada lectura para quien desee entender el pasado y presente de Afganist\u00e1n\u00bb. Ali Kosha, historiador y escritor refugiado<br \/> \u00abUna investigaci\u00f3n profunda, que saca a la luz hechos hasta ahora ocultos y muestra una nueva visi\u00f3n de las realidades hist\u00f3ricas. Es novedosa su exposici\u00f3n de la tr\u00e1gica situaci\u00f3n de las mujeres afganas\u00bb. Rahila Raya, fil\u00f3loga persa, refugiada.<\/p>\n","protected":false},"excerpt":{"rendered":"<p>JOS\u00c9 CARLOS BERMEJO BARRERA<\/p>\n","protected":false},"featured_media":979900,"template":"","meta":{"_acf_changed":false,"om_disable_all_campaigns":false,"rs_blank_template":"","rs_page_bg_color":"","slide_template_v7":"","inline_featured_image":false,"_monsterinsights_skip_tracking":false,"_monsterinsights_sitenote_active":false,"_monsterinsights_sitenote_note":"","_monsterinsights_sitenote_category":0},"product_brand":[],"product_cat":[157,370],"product_tag":[],"class_list":{"0":"post-979797","1":"product","2":"type-product","3":"status-publish","4":"has-post-thumbnail","6":"product_cat-investigacio-i-corrents","7":"product_cat-investigacion-y-corrientes","9":"first","10":"instock","11":"taxable","12":"shipping-taxable","13":"purchasable","14":"product-type-simple"},"acf":{"autor":"JOS\u00c9 CARLOS BERMEJO BARRERA","codart":"841052335","libros-coleccion":"Historia","ediciones":"1","encuadernacion":"R\u00fastica","fecha_de_publicacion":"01\/09\/2024","novedad":"1","paginas":"286","subtitulo":"HISTORIA DE UN ESTADO FALLIDO","orden":"0","portada":"0","idioma":"spa","editorial":[{"ID":147919,"post_author":"3","post_date":"2022-10-14 11:54:15","post_date_gmt":"2022-10-14 09:54:15","post_content":"","post_title":"EDITORIAL ALMUZARA","post_excerpt":"","post_status":"publish","comment_status":"closed","ping_status":"closed","post_password":"","post_name":"editorial-almuzara","to_ping":"","pinged":"","post_modified":"2022-10-14 11:54:15","post_modified_gmt":"2022-10-14 09:54:15","post_content_filtered":"","post_parent":0,"guid":"http:\/\/dev.claret.cat\/editorial\/editorial-almuzara\/","menu_order":0,"post_type":"editorial","post_mime_type":"","comment_count":"0","filter":"raw"}]},"aioseo_notices":[],"_links":{"self":[{"href":"https:\/\/www.claret.cat\/es\/wp-json\/wp\/v2\/product\/979797","targetHints":{"allow":["GET"]}}],"collection":[{"href":"https:\/\/www.claret.cat\/es\/wp-json\/wp\/v2\/product"}],"about":[{"href":"https:\/\/www.claret.cat\/es\/wp-json\/wp\/v2\/types\/product"}],"wp:featuredmedia":[{"embeddable":true,"href":"https:\/\/www.claret.cat\/es\/wp-json\/wp\/v2\/media\/979900"}],"wp:attachment":[{"href":"https:\/\/www.claret.cat\/es\/wp-json\/wp\/v2\/media?parent=979797"}],"wp:term":[{"taxonomy":"product_brand","embeddable":true,"href":"https:\/\/www.claret.cat\/es\/wp-json\/wp\/v2\/product_brand?post=979797"},{"taxonomy":"product_cat","embeddable":true,"href":"https:\/\/www.claret.cat\/es\/wp-json\/wp\/v2\/product_cat?post=979797"},{"taxonomy":"product_tag","embeddable":true,"href":"https:\/\/www.claret.cat\/es\/wp-json\/wp\/v2\/product_tag?post=979797"}],"curies":[{"name":"wp","href":"https:\/\/api.w.org\/{rel}","templated":true}]}}