{"id":979839,"date":"2024-09-16T17:15:38","date_gmt":"2024-09-16T15:15:38","guid":{"rendered":"https:\/\/www.claret.cat\/llibre\/trilogia-iremonger-2-la-caiguda-de-foulsham-9788410025752\/"},"modified":"2025-11-17T12:55:14","modified_gmt":"2025-11-17T11:55:14","slug":"trilogia-iremonger-2-la-caiguda-de-foulsham-9788410025752","status":"publish","type":"product","link":"https:\/\/www.claret.cat\/es\/libro\/trilogia-iremonger-2-la-caiguda-de-foulsham-9788410025752\/","title":{"rendered":"TRILOGIA IREMONGER 2: LA CAIGUDA DE FOULSHAM"},"content":{"rendered":"<p>LES COSES NO S\u00d3N EL QUE SEMBLEN. NO ET REFI\u00cfS MAI DE LES COSES.<\/p>\n<p>Despr\u00e9s de la primera part d&#8217;Iremonger: Els secrets de Heap House, arriba el segon volum de la trilogia.<\/p>\n<p>Els Iremonger s\u00f3n una fam\u00edlia peculiar. <\/p>\n<p>La mansi\u00f3 de HEAP HOUSE i les seves mentides han quedat enrere. Ara en Clod, l&#x2019;escoltador, i la serventa Lucy Pennant han sucumbit a la maledicci\u00f3 familiar i s&#x2019;han convertit en uns objectes indefensos: en Clod, que ara \u00e9s una moneda d&#x2019;or que molts es volen apropiar, va cap a FOULSHAM, la ciutat infecta de l&#x2019;altra banda del mur; la Lucy, transformada en un bot\u00f3 insignificant, espera abandonada en la immund\u00edcia dels C\u00daMULS que alg\u00fa es fixi en ella i la tregui d&#x2019;all\u00e0.\u00a0Si com a m\u00ednim poguessin continuar junts. <\/p>\n<p>Si com a m\u00ednim trobessin ajuda i poguessin, per fi, enfrontar-se als que volen eliminar-los. Com tots els llocs male\u00efts, FOULSHAM ha creat molts monstres. Alguns ni tan sols recorden qui s\u00f3n. Per\u00f2 all\u00e0 no hi ha just\u00edcia ni esperan\u00e7a, all\u00e0 on uns pocs decideixen el futur dels innocents, els monstres poden ser els millors aliats.<\/p>\n","protected":false},"excerpt":{"rendered":"<p>CAREY, EDWARD<\/p>\n","protected":false},"featured_media":981500,"template":"","meta":{"_acf_changed":false,"om_disable_all_campaigns":false,"rs_blank_template":"","rs_page_bg_color":"","slide_template_v7":"","inline_featured_image":false,"_monsterinsights_skip_tracking":false,"_monsterinsights_sitenote_active":false,"_monsterinsights_sitenote_note":"","_monsterinsights_sitenote_category":0},"product_brand":[],"product_cat":[127,357],"product_tag":[],"class_list":{"0":"post-979839","1":"product","2":"type-product","3":"status-publish","4":"has-post-thumbnail","6":"product_cat-novella-contemporania","7":"product_cat-novela-contemporanea","9":"first","10":"instock","11":"taxable","12":"shipping-taxable","13":"purchasable","14":"product-type-simple"},"acf":{"autor":"CAREY, EDWARD","codart":"841002575","libros-coleccion":"Novel\u00b7la","ediciones":"1","encuadernacion":"Carton\u00e9","fecha_de_publicacion":"01\/09\/2024","novedad":"1","paginas":"328","subtitulo":"","orden":"0","portada":"0","idioma":"cat","editorial":[{"ID":6146,"post_author":"3","post_date":"2022-07-28 17:45:52","post_date_gmt":"2022-07-28 15:45:52","post_content":"","post_title":"Blackie Books","post_excerpt":"","post_status":"publish","comment_status":"closed","ping_status":"closed","post_password":"","post_name":"blackie-books","to_ping":"","pinged":"","post_modified":"2022-07-28 17:45:52","post_modified_gmt":"2022-07-28 15:45:52","post_content_filtered":"","post_parent":0,"guid":"http:\/\/dev.claret.cat\/editorial\/blackie-books\/","menu_order":0,"post_type":"editorial","post_mime_type":"","comment_count":"0","filter":"raw"}],"booktrailer":"","resenas":""},"aioseo_notices":[],"_links":{"self":[{"href":"https:\/\/www.claret.cat\/es\/wp-json\/wp\/v2\/product\/979839","targetHints":{"allow":["GET"]}}],"collection":[{"href":"https:\/\/www.claret.cat\/es\/wp-json\/wp\/v2\/product"}],"about":[{"href":"https:\/\/www.claret.cat\/es\/wp-json\/wp\/v2\/types\/product"}],"wp:featuredmedia":[{"embeddable":true,"href":"https:\/\/www.claret.cat\/es\/wp-json\/wp\/v2\/media\/981500"}],"wp:attachment":[{"href":"https:\/\/www.claret.cat\/es\/wp-json\/wp\/v2\/media?parent=979839"}],"wp:term":[{"taxonomy":"product_brand","embeddable":true,"href":"https:\/\/www.claret.cat\/es\/wp-json\/wp\/v2\/product_brand?post=979839"},{"taxonomy":"product_cat","embeddable":true,"href":"https:\/\/www.claret.cat\/es\/wp-json\/wp\/v2\/product_cat?post=979839"},{"taxonomy":"product_tag","embeddable":true,"href":"https:\/\/www.claret.cat\/es\/wp-json\/wp\/v2\/product_tag?post=979839"}],"curies":[{"name":"wp","href":"https:\/\/api.w.org\/{rel}","templated":true}]}}