{"id":979933,"date":"2024-09-17T11:50:02","date_gmt":"2024-09-17T09:50:02","guid":{"rendered":"https:\/\/www.claret.cat\/llibre\/muerte-de-un-librero-los-clasicos-de-la-novela-negra-de-la-british-library-9788419834782\/"},"modified":"2024-11-06T12:10:23","modified_gmt":"2024-11-06T11:10:23","slug":"muerte-de-un-librero-los-clasicos-de-la-novela-negra-de-la-british-library-9788419834782","status":"publish","type":"product","link":"https:\/\/www.claret.cat\/es\/libro\/muerte-de-un-librero-los-clasicos-de-la-novela-negra-de-la-british-library-9788419834782\/","title":{"rendered":"MUERTE DE UN LIBRERO. LOS CL\u00c1SICOS DE LA NOVELA NEGRA DE LA BRITISH LIBRARY"},"content":{"rendered":"<p>LOS CL\u00c1SICOS DE LA NOVELA NEGRA DE LA BRITISH LIBRARY<br \/>LO MEJOR DEL CRIMEN INGL\u00c9S SEG\u00daN LOS CR\u00cdTICOS M\u00c1S PRESTIGIOSOSUna joya de la literatura del crimen y el misterioUna noche de verano el sargento Wigan acompa\u00f1a a un hombre ebrio, un viejo librero hasta su casa. Impresionado por su colecci\u00f3n, decide empezar la suya propia con la ayuda de su nuevo amigo. Sin embargo, la relaci\u00f3n pronto se ver\u00e1 interrumpida cuando el librero aparece muerto. <br \/>Publicada por primera vez en 1956, es una investigaci\u00f3n apasionante sobre el mundo del coleccionismo de libros que deleitar\u00e1 tanto a los \u00e1vidos bibli\u00f3filos como a los amantes del misterio.\u00abPersigo continuamente primeras ediciones que revendo a otros libreros o a coleccionistas. ?Parece un trabajo tranquilo?. ?\u00bfLo cree??\u00bb Bernard J. Farmer<\/p>\n","protected":false},"excerpt":{"rendered":"<p>FARMER, BERNARD J,<\/p>\n","protected":false},"featured_media":980067,"template":"","meta":{"_acf_changed":false,"om_disable_all_campaigns":false,"rs_blank_template":"","rs_page_bg_color":"","slide_template_v7":"","inline_featured_image":false,"_monsterinsights_skip_tracking":false,"_monsterinsights_sitenote_active":false,"_monsterinsights_sitenote_note":"","_monsterinsights_sitenote_category":0},"product_brand":[],"product_cat":[127,357],"product_tag":[],"class_list":{"0":"post-979933","1":"product","2":"type-product","3":"status-publish","4":"has-post-thumbnail","6":"product_cat-novella-contemporania","7":"product_cat-novela-contemporanea","9":"first","10":"instock","11":"taxable","12":"shipping-taxable","13":"purchasable","14":"product-type-simple"},"acf":{"autor":"FARMER, BERNARD J,","codart":"841983478","libros-coleccion":"FORA DE COL.LECCI\u00d3","ediciones":"1","encuadernacion":"R\u00fastica","fecha_de_publicacion":"01\/09\/2024","novedad":"1","paginas":"313","subtitulo":"","orden":"0","portada":"0","idioma":"spa","editorial":[{"ID":6188,"post_author":"3","post_date":"2022-07-28 17:46:47","post_date_gmt":"2022-07-28 15:46:47","post_content":"","post_title":"Duomo ediciones","post_excerpt":"","post_status":"publish","comment_status":"closed","ping_status":"closed","post_password":"","post_name":"duomo-ediciones","to_ping":"","pinged":"","post_modified":"2022-07-28 17:46:47","post_modified_gmt":"2022-07-28 15:46:47","post_content_filtered":"","post_parent":0,"guid":"http:\/\/dev.claret.cat\/editorial\/duomo-ediciones\/","menu_order":0,"post_type":"editorial","post_mime_type":"","comment_count":"0","filter":"raw"}]},"aioseo_notices":[],"_links":{"self":[{"href":"https:\/\/www.claret.cat\/es\/wp-json\/wp\/v2\/product\/979933","targetHints":{"allow":["GET"]}}],"collection":[{"href":"https:\/\/www.claret.cat\/es\/wp-json\/wp\/v2\/product"}],"about":[{"href":"https:\/\/www.claret.cat\/es\/wp-json\/wp\/v2\/types\/product"}],"wp:featuredmedia":[{"embeddable":true,"href":"https:\/\/www.claret.cat\/es\/wp-json\/wp\/v2\/media\/980067"}],"wp:attachment":[{"href":"https:\/\/www.claret.cat\/es\/wp-json\/wp\/v2\/media?parent=979933"}],"wp:term":[{"taxonomy":"product_brand","embeddable":true,"href":"https:\/\/www.claret.cat\/es\/wp-json\/wp\/v2\/product_brand?post=979933"},{"taxonomy":"product_cat","embeddable":true,"href":"https:\/\/www.claret.cat\/es\/wp-json\/wp\/v2\/product_cat?post=979933"},{"taxonomy":"product_tag","embeddable":true,"href":"https:\/\/www.claret.cat\/es\/wp-json\/wp\/v2\/product_tag?post=979933"}],"curies":[{"name":"wp","href":"https:\/\/api.w.org\/{rel}","templated":true}]}}