{"id":97994,"date":"2022-10-12T07:19:37","date_gmt":"2022-10-12T05:19:37","guid":{"rendered":"http:\/\/dev.claret.cat\/producte\/procesos-en-el-codigo-de-derecho-canonico-los\/"},"modified":"2023-07-06T16:07:59","modified_gmt":"2023-07-06T14:07:59","slug":"procesos-en-el-codigo-de-derecho-canonico-los-9788422021742","status":"publish","type":"product","link":"https:\/\/www.claret.cat\/es\/libro\/procesos-en-el-codigo-de-derecho-canonico-los-9788422021742\/","title":{"rendered":"PROCESOS EN EL CODIGO DE DERECHO CANONICO, LOS"},"content":{"rendered":"<p>Comentario sistem\u00e1tico al libro VII despu\u00e9s de la reforma del papa Francisco con el M.p. Mitis Iudex Dominus Iesus<br \/>Esta obra presenta, a los treinta y siete a\u00f1os de la promulgaci\u00f3n del C\u00f3digo de Derecho Can\u00f3nico, y a los cinco de la promulgaci\u00f3n de los motu proprio Mitis Iudex Dominus Iesus y Mitis et Misericors Iesus, la exposici\u00f3n y el estudio de la ley procesal de la Iglesia, seg\u00fan el m\u00e9todo sistem\u00e1tico de los autores cl\u00e1sicos, bajo la luz, totalmente nueva, del Concilio Vaticano II, que quiere que todo el sistema de las leyes can\u00f3nicas \u2014no solo su derecho procesal\u2014 est\u00e9 dominado por una exigencia t\u00edpica de su ser: la primac\u00eda de la salus animarum. Entre las novedades que enriquecen esta publicaci\u00f3n se encuentra el comentario a los nuevos c\u00e1nones de la reforma del proceso matrimonial can\u00f3nico, llevada a cabo por el papa Francisco; esta constituye una verdadera y propia refundaci\u00f3n del proceso matrimonial, fruto de la necesidad de adecuar la legislaci\u00f3n procesal a las nuevas exigencias que han surgido en la vida y misi\u00f3n de la Iglesia, hoy interpelada por los nuevos desaf\u00edos que plantea la sociedad actual.<\/p>\n","protected":false},"excerpt":{"rendered":"<p>PIO PINTO, VITO<\/p>\n","protected":false},"featured_media":97995,"template":"","meta":{"_acf_changed":false,"om_disable_all_campaigns":false,"rs_blank_template":"","rs_page_bg_color":"","slide_template_v7":"","inline_featured_image":false,"_monsterinsights_skip_tracking":false,"_monsterinsights_sitenote_active":false,"_monsterinsights_sitenote_note":"","_monsterinsights_sitenote_category":0},"product_brand":[],"product_cat":[519,518,293,292],"product_tag":[],"class_list":{"0":"post-97994","1":"product","2":"type-product","3":"status-publish","4":"has-post-thumbnail","6":"product_cat-derecho-canonico-eclesial","7":"product_cat-derecho-canonico-en-general","8":"product_cat-dret-canonic-eclesial","9":"product_cat-dret-canonic-en-general","11":"first","12":"instock","13":"taxable","14":"shipping-taxable","15":"purchasable","16":"product-type-simple"},"acf":{"editorial":[{"ID":6142,"post_author":"3","post_date":"2022-07-28 17:45:47","post_date_gmt":"2022-07-28 15:45:47","post_content":"","post_title":"BIBLIOTECA AUTORES CRI   B.A.C","post_excerpt":"","post_status":"publish","comment_status":"closed","ping_status":"closed","post_password":"","post_name":"biblioteca-autores-cri-b-a-c","to_ping":"","pinged":"","post_modified":"2022-07-28 17:45:47","post_modified_gmt":"2022-07-28 15:45:47","post_content_filtered":"","post_parent":0,"guid":"http:\/\/dev.claret.cat\/editorial\/biblioteca-autores-cri-b-a-c\/","menu_order":0,"post_type":"editorial","post_mime_type":"","comment_count":"0","filter":"raw"}],"autor":"PIO PINTO, VITO","codart":"842202174","libros-coleccion":"BAC MAIOR","ediciones":"1","encuadernacion":"Carton\u00e9","fecha_de_publicacion":"01\/01\/2021","novedad":"1","paginas":"664","subtitulo":"","orden":"0","portada":"0","idioma":"spa","autores-libros":[{"ID":171175,"post_author":"3","post_date":"2022-10-14 22:41:17","post_date_gmt":"2022-10-14 20:41:17","post_content":"","post_title":"VITO PIO PINTO","post_excerpt":"","post_status":"publish","comment_status":"closed","ping_status":"closed","post_password":"","post_name":"vito-pio-pinto","to_ping":"","pinged":"","post_modified":"2022-10-14 22:41:17","post_modified_gmt":"2022-10-14 20:41:17","post_content_filtered":"","post_parent":0,"guid":"http:\/\/dev.claret.cat\/autor\/vito-pio-pinto\/","menu_order":0,"post_type":"autor","post_mime_type":"","comment_count":"0","filter":"raw"}]},"aioseo_notices":[],"_links":{"self":[{"href":"https:\/\/www.claret.cat\/es\/wp-json\/wp\/v2\/product\/97994","targetHints":{"allow":["GET"]}}],"collection":[{"href":"https:\/\/www.claret.cat\/es\/wp-json\/wp\/v2\/product"}],"about":[{"href":"https:\/\/www.claret.cat\/es\/wp-json\/wp\/v2\/types\/product"}],"wp:featuredmedia":[{"embeddable":true,"href":"https:\/\/www.claret.cat\/es\/wp-json\/wp\/v2\/media\/97995"}],"wp:attachment":[{"href":"https:\/\/www.claret.cat\/es\/wp-json\/wp\/v2\/media?parent=97994"}],"wp:term":[{"taxonomy":"product_brand","embeddable":true,"href":"https:\/\/www.claret.cat\/es\/wp-json\/wp\/v2\/product_brand?post=97994"},{"taxonomy":"product_cat","embeddable":true,"href":"https:\/\/www.claret.cat\/es\/wp-json\/wp\/v2\/product_cat?post=97994"},{"taxonomy":"product_tag","embeddable":true,"href":"https:\/\/www.claret.cat\/es\/wp-json\/wp\/v2\/product_tag?post=97994"}],"curies":[{"name":"wp","href":"https:\/\/api.w.org\/{rel}","templated":true}]}}