{"id":979987,"date":"2024-09-17T13:00:18","date_gmt":"2024-09-17T11:00:18","guid":{"rendered":"https:\/\/www.claret.cat\/llibre\/cuaderno-de-vida-buscamos-a-jesus-9788412354072\/"},"modified":"2025-12-29T18:10:27","modified_gmt":"2025-12-29T17:10:27","slug":"cuaderno-de-vida-buscamos-a-jesus-9788412354072","status":"publish","type":"product","link":"https:\/\/www.claret.cat\/es\/libro\/cuaderno-de-vida-buscamos-a-jesus-9788412354072\/","title":{"rendered":"CUADERNO DE VIDA. BUSCAMOS A JES\u00daS"},"content":{"rendered":"<p>\u00a1Aqu\u00ed tienes el Cuaderno de vida!<\/p>\n<p>\u00bfQu\u00e9 es el Cuaderno de vida? Es el instruemnto que utilizar\u00e1 el ni\u00f1o de la catequesis durante todo el itinerario catequ\u00e9tico.<\/p>\n<p>Junto al Cuaderno de vida tambi\u00e9n se utilizar\u00e1 la Biblia y el Catecismo Jes\u00fas es el Se\u00f1or, pero el Cuaderno de vida es el instrumento m\u00e1s personal del ni\u00f1o y le acompa\u00f1ar\u00e1 en su proceso de fe. <\/p>\n<p>\u00bfPara qu\u00e9 sirve? Para que el ni\u00f1o vaya recogiendo en cada sesi\u00f3n de catequesis (que lo llamaremos Cen\u00e1culo) o en cada momento de oraci\u00f3n (que la llamaremos Tabor) sus experiencias: pensamientos, sentimientos, oraciones, peque\u00f1as vivencias. Se trata de un Cuaderno que poco a poco el ni\u00f1o debe ir haciendo suyo, personalizando con sus dibujos y sus escritos. <\/p>\n<p>Al final del curso el Cuaderno ser\u00e1 una expresi\u00f3n de la vida que habr\u00e1 vivido el ni\u00f1o en la catequesis, con su grupo, acompa\u00f1ado de su catequista. En el Cuaderno encontraremos reflejado el itinerario espiritual personal de cada ni\u00f1o, ser\u00e1 un signo muy concreto de la relaci\u00f3n que habr\u00e1 ido tejiendo con el Se\u00f1or.<\/p>\n","protected":false},"excerpt":{"rendered":"<p>SECRETARIAT INTERDIOCES\u00c0 DE CATEQUESI DE CATALUNYA I LES ILLES BALEARS<\/p>\n","protected":false},"featured_media":979988,"template":"","meta":{"_acf_changed":false,"om_disable_all_campaigns":false,"rs_blank_template":"","rs_page_bg_color":"","slide_template_v7":"","inline_featured_image":false,"_monsterinsights_skip_tracking":false,"_monsterinsights_sitenote_active":false,"_monsterinsights_sitenote_note":"","_monsterinsights_sitenote_category":0},"product_brand":[],"product_cat":[216,475],"product_tag":[],"class_list":{"0":"post-979987","1":"product","2":"type-product","3":"status-publish","4":"has-post-thumbnail","6":"product_cat-primera-comunio-catequesi-1_espiritualitat","7":"product_cat-primera-comunion","9":"first","10":"instock","11":"taxable","12":"shipping-taxable","13":"purchasable","14":"product-type-simple"},"acf":{"autor":"SECRETARIAT INTERDIOCES\u00c0 DE CATEQUESI DE CATALUNYA I LES ILLES BALEARS","codart":"841235407","libros-coleccion":"","ediciones":"1","encuadernacion":"R\u00fastica","fecha_de_publicacion":"16\/09\/2024","novedad":"1","paginas":"46","subtitulo":"","orden":"0","portada":"0","idioma":"spa","editorial":[{"ID":148797,"post_author":"3","post_date":"2022-10-14 12:01:04","post_date_gmt":"2022-10-14 10:01:04","post_content":"","post_title":"SECRETARIAT INTERDIOCES\u00c0 DE CATEQUESI","post_excerpt":"","post_status":"publish","comment_status":"closed","ping_status":"closed","post_password":"","post_name":"secretariat-interdiocesa-de-catequesi","to_ping":"","pinged":"","post_modified":"2022-10-14 12:01:04","post_modified_gmt":"2022-10-14 10:01:04","post_content_filtered":"","post_parent":0,"guid":"http:\/\/dev.claret.cat\/editorial\/secretariat-interdiocesa-de-catequesi\/","menu_order":0,"post_type":"editorial","post_mime_type":"","comment_count":"0","filter":"raw"}],"booktrailer":"","resenas":""},"aioseo_notices":[],"_links":{"self":[{"href":"https:\/\/www.claret.cat\/es\/wp-json\/wp\/v2\/product\/979987","targetHints":{"allow":["GET"]}}],"collection":[{"href":"https:\/\/www.claret.cat\/es\/wp-json\/wp\/v2\/product"}],"about":[{"href":"https:\/\/www.claret.cat\/es\/wp-json\/wp\/v2\/types\/product"}],"wp:featuredmedia":[{"embeddable":true,"href":"https:\/\/www.claret.cat\/es\/wp-json\/wp\/v2\/media\/979988"}],"wp:attachment":[{"href":"https:\/\/www.claret.cat\/es\/wp-json\/wp\/v2\/media?parent=979987"}],"wp:term":[{"taxonomy":"product_brand","embeddable":true,"href":"https:\/\/www.claret.cat\/es\/wp-json\/wp\/v2\/product_brand?post=979987"},{"taxonomy":"product_cat","embeddable":true,"href":"https:\/\/www.claret.cat\/es\/wp-json\/wp\/v2\/product_cat?post=979987"},{"taxonomy":"product_tag","embeddable":true,"href":"https:\/\/www.claret.cat\/es\/wp-json\/wp\/v2\/product_tag?post=979987"}],"curies":[{"name":"wp","href":"https:\/\/api.w.org\/{rel}","templated":true}]}}