{"id":98024,"date":"2022-10-12T07:20:01","date_gmt":"2022-10-12T05:20:01","guid":{"rendered":"http:\/\/dev.claret.cat\/producte\/en-gus-no-vol-anar-de-caca\/"},"modified":"2023-01-28T05:43:07","modified_gmt":"2023-01-28T04:43:07","slug":"en-gus-no-vol-anar-de-caca-9788417989552","status":"publish","type":"product","link":"https:\/\/www.claret.cat\/es\/libro\/en-gus-no-vol-anar-de-caca-9788417989552\/","title":{"rendered":"EN GUS NO VOL ANAR DE CA\u00c7A"},"content":{"rendered":"<p>En Gus \u00e9s un gos de ca\u00e7a. En Gus no suporta que l?obliguin a fer el que no vol. En Gus ens ensenya a donar-ho tot sense esperar res a canvi. En Gus sols vol ser feli\u00e7. Tyto Alba, il\u00b7lustrador i autor de multitud de novel\u00b7les gr\u00e0fiques, ens regala el seu primer conte infantil, ple de bells dibuixos i amb una gran lli\u00e7\u00f3 d?amistat.<\/p>\n","protected":false},"excerpt":{"rendered":"<p>ALBA, TYTO<\/p>\n","protected":false},"featured_media":98025,"template":"","meta":{"_acf_changed":false,"om_disable_all_campaigns":false,"rs_blank_template":"","rs_page_bg_color":"","slide_template_v7":"","inline_featured_image":false,"_monsterinsights_skip_tracking":false,"_monsterinsights_sitenote_active":false,"_monsterinsights_sitenote_note":"","_monsterinsights_sitenote_category":0},"product_brand":[],"product_cat":[16],"product_tag":[],"class_list":{"0":"post-98024","1":"product","2":"type-product","3":"status-publish","4":"has-post-thumbnail","6":"product_cat-sense-categoria","8":"first","9":"instock","10":"taxable","11":"shipping-taxable","12":"purchasable","13":"product-type-simple"},"acf":{"autor":"ALBA, TYTO","codart":"841798955","libros-coleccion":"","ediciones":"1","encuadernacion":"Carton\u00e9","fecha_de_publicacion":"01\/12\/2020","novedad":"1","paginas":"45","subtitulo":"","orden":"0","portada":"0","idioma":"cat","editorial":[{"ID":148595,"post_author":"3","post_date":"2022-10-14 11:59:28","post_date_gmt":"2022-10-14 09:59:28","post_content":"","post_title":"Nuevo Nueve Editores","post_excerpt":"","post_status":"publish","comment_status":"closed","ping_status":"closed","post_password":"","post_name":"nuevo-nueve-editores","to_ping":"","pinged":"","post_modified":"2022-10-14 11:59:28","post_modified_gmt":"2022-10-14 09:59:28","post_content_filtered":"","post_parent":0,"guid":"http:\/\/dev.claret.cat\/editorial\/nuevo-nueve-editores\/","menu_order":0,"post_type":"editorial","post_mime_type":"","comment_count":"0","filter":"raw"}],"autores-libros":[{"ID":170671,"post_author":"3","post_date":"2022-10-14 22:37:14","post_date_gmt":"2022-10-14 20:37:14","post_content":"","post_title":"TYTO ALBA","post_excerpt":"","post_status":"publish","comment_status":"closed","ping_status":"closed","post_password":"","post_name":"tyto-alba","to_ping":"","pinged":"","post_modified":"2022-10-14 22:37:14","post_modified_gmt":"2022-10-14 20:37:14","post_content_filtered":"","post_parent":0,"guid":"http:\/\/dev.claret.cat\/autor\/tyto-alba\/","menu_order":0,"post_type":"autor","post_mime_type":"","comment_count":"0","filter":"raw"}]},"aioseo_notices":[],"_links":{"self":[{"href":"https:\/\/www.claret.cat\/es\/wp-json\/wp\/v2\/product\/98024","targetHints":{"allow":["GET"]}}],"collection":[{"href":"https:\/\/www.claret.cat\/es\/wp-json\/wp\/v2\/product"}],"about":[{"href":"https:\/\/www.claret.cat\/es\/wp-json\/wp\/v2\/types\/product"}],"wp:featuredmedia":[{"embeddable":true,"href":"https:\/\/www.claret.cat\/es\/wp-json\/wp\/v2\/media\/98025"}],"wp:attachment":[{"href":"https:\/\/www.claret.cat\/es\/wp-json\/wp\/v2\/media?parent=98024"}],"wp:term":[{"taxonomy":"product_brand","embeddable":true,"href":"https:\/\/www.claret.cat\/es\/wp-json\/wp\/v2\/product_brand?post=98024"},{"taxonomy":"product_cat","embeddable":true,"href":"https:\/\/www.claret.cat\/es\/wp-json\/wp\/v2\/product_cat?post=98024"},{"taxonomy":"product_tag","embeddable":true,"href":"https:\/\/www.claret.cat\/es\/wp-json\/wp\/v2\/product_tag?post=98024"}],"curies":[{"name":"wp","href":"https:\/\/api.w.org\/{rel}","templated":true}]}}