{"id":980247,"date":"2024-09-18T11:45:02","date_gmt":"2024-09-18T09:45:02","guid":{"rendered":"https:\/\/www.claret.cat\/llibre\/la-esencia-de-la-realidad-suprema-9786319015508\/"},"modified":"2024-09-18T12:55:45","modified_gmt":"2024-09-18T10:55:45","slug":"la-esencia-de-la-realidad-suprema-9786319015508","status":"publish","type":"product","link":"https:\/\/www.claret.cat\/es\/libro\/la-esencia-de-la-realidad-suprema-9786319015508\/","title":{"rendered":"LA ESENCIA DE LA REALIDAD SUPREMA"},"content":{"rendered":"<p>Swami Lakshmanjoo fue un fil\u00f3sofo y santo autorrealizado. Fue el \u00faltimo exponente de la tradici\u00f3n monista que ahora se conoce como shaivismo de Cachemira. Dedic\u00f3 su vida a elevar a sus disc\u00edpulos iluminando para ellos intelectual y pr\u00e1cticamente el camino que lleva a la autorrealizaci\u00f3n. Pata\u00f1jali, el autor de los Yoga Sutras, fue quien compuso originalmente el Paramarthasara, \u201cLa esencia de la Reali- dad suprema\u201d.<\/p>\n<p>Abhinavagupta, el exponente m\u00e1s venerado del shaivismo de Cachemira, revis\u00f3 y expandi\u00f3 este texto para revelar los puntos principales de esta profunda filosof\u00eda.<\/p>\n<p>En este libro, Swami Lakshmanjoo traduce y revela la obra de Abhinavagupta con una comprensi\u00f3n clara y profunda.<\/p>\n","protected":false},"excerpt":{"rendered":"<p>SWAMI LAKSHMANJOO<\/p>\n","protected":false},"featured_media":980343,"template":"","meta":{"_acf_changed":false,"om_disable_all_campaigns":false,"rs_blank_template":"","rs_page_bg_color":"","slide_template_v7":"","inline_featured_image":false,"_monsterinsights_skip_tracking":false,"_monsterinsights_sitenote_active":false,"_monsterinsights_sitenote_note":"","_monsterinsights_sitenote_category":0},"product_brand":[],"product_cat":[544,94],"product_tag":[],"class_list":{"0":"post-980247","1":"product","2":"type-product","3":"status-publish","4":"has-post-thumbnail","6":"product_cat-religiones","7":"product_cat-religions","9":"first","10":"instock","11":"taxable","12":"shipping-taxable","13":"purchasable","14":"product-type-simple"},"acf":{"autor":"SWAMI LAKSHMANJOO","codart":"631901550","libros-coleccion":"","ediciones":"1","encuadernacion":"R\u00fastica","fecha_de_publicacion":"18\/09\/2024","novedad":"1","paginas":"182","subtitulo":"","orden":"0","portada":"0","idioma":"spa","editorial":[{"ID":980250,"post_author":"3","post_date":"2024-09-18 11:45:17","post_date_gmt":"2024-09-18 09:45:17","post_content":"","post_title":"EMY EDICIONES MAHA YOGA","post_excerpt":"","post_status":"publish","comment_status":"closed","ping_status":"closed","post_password":"","post_name":"emy-ediciones-maha-yoga","to_ping":"","pinged":"","post_modified":"2024-09-18 11:45:17","post_modified_gmt":"2024-09-18 09:45:17","post_content_filtered":"","post_parent":0,"guid":"https:\/\/www.claret.cat\/editorial\/emy-ediciones-maha-yoga\/","menu_order":0,"post_type":"editorial","post_mime_type":"","comment_count":"0","filter":"raw"}]},"aioseo_notices":[],"_links":{"self":[{"href":"https:\/\/www.claret.cat\/es\/wp-json\/wp\/v2\/product\/980247","targetHints":{"allow":["GET"]}}],"collection":[{"href":"https:\/\/www.claret.cat\/es\/wp-json\/wp\/v2\/product"}],"about":[{"href":"https:\/\/www.claret.cat\/es\/wp-json\/wp\/v2\/types\/product"}],"wp:featuredmedia":[{"embeddable":true,"href":"https:\/\/www.claret.cat\/es\/wp-json\/wp\/v2\/media\/980343"}],"wp:attachment":[{"href":"https:\/\/www.claret.cat\/es\/wp-json\/wp\/v2\/media?parent=980247"}],"wp:term":[{"taxonomy":"product_brand","embeddable":true,"href":"https:\/\/www.claret.cat\/es\/wp-json\/wp\/v2\/product_brand?post=980247"},{"taxonomy":"product_cat","embeddable":true,"href":"https:\/\/www.claret.cat\/es\/wp-json\/wp\/v2\/product_cat?post=980247"},{"taxonomy":"product_tag","embeddable":true,"href":"https:\/\/www.claret.cat\/es\/wp-json\/wp\/v2\/product_tag?post=980247"}],"curies":[{"name":"wp","href":"https:\/\/api.w.org\/{rel}","templated":true}]}}