{"id":98030,"date":"2022-10-12T07:20:06","date_gmt":"2022-10-12T05:20:06","guid":{"rendered":"http:\/\/dev.claret.cat\/producte\/whitman\/"},"modified":"2023-01-28T17:56:52","modified_gmt":"2023-01-28T16:56:52","slug":"whitman-9788417575885","status":"publish","type":"product","link":"https:\/\/www.claret.cat\/es\/libro\/whitman-9788417575885\/","title":{"rendered":"WHITMAN"},"content":{"rendered":"<p>Walt Whitman, el poeta neoyorquino autor de &#8221;Hojas de hierba&#8221;, perdura en la memoria por su alabanza y exaltaci\u00f3n de la vida y los sentidos. Sus poemas, org\u00e1nicos, sensuales y sensoriales, son una aut\u00e9ntica oda a la naturaleza y al cuerpo propio. <\/p>\n<p> Pero Whitman no solo se cant\u00f3 y se celebr\u00f3 a s\u00ed mismo. En plena guerra de Secesi\u00f3n estadounidense (1861-1865), viaj\u00f3 en busca de su hermano e, impactado por la tremenda visi\u00f3n de los soldados heridos, decidi\u00f3 quedarse para cuidar de ellos. Se pas\u00f3 meses en hospitales de campa\u00f1a brind\u00e1ndoles compa\u00f1\u00eda, escribiendo cartas para sus familiares y consiguiendo donaciones para los soldados heridos. <\/p>\n<p> Tyto Alba, responsable de biograf\u00edas en c\u00f3mic de artistas como Picasso, Fellini o Balthus, se adentra esta vez en la vida del poeta Walt Whitman y en una de sus facetas quiz\u00e1s menos conocidas, para mostrar c\u00f3mo el autor del famoso poema dedicado a Abraham Lincoln, \u201c\u00a1Oh, Capit\u00e1n, mi Capit\u00e1n!\u201d, vio nacer Estados Unidos.<\/p>\n","protected":false},"excerpt":{"rendered":"<p>ALBA, TYTO<\/p>\n","protected":false},"featured_media":98031,"template":"","meta":{"_acf_changed":false,"om_disable_all_campaigns":false,"rs_blank_template":"","rs_page_bg_color":"","slide_template_v7":"","inline_featured_image":false,"_monsterinsights_skip_tracking":false,"_monsterinsights_sitenote_active":false,"_monsterinsights_sitenote_note":"","_monsterinsights_sitenote_category":0},"product_brand":[],"product_cat":[108],"product_tag":[],"class_list":{"0":"post-98030","1":"product","2":"type-product","3":"status-publish","4":"has-post-thumbnail","6":"product_cat-comic","8":"first","9":"instock","10":"taxable","11":"shipping-taxable","12":"purchasable","13":"product-type-simple"},"acf":{"editorial":[{"ID":6130,"post_author":"3","post_date":"2022-07-28 17:45:32","post_date_gmt":"2022-07-28 15:45:32","post_content":"","post_title":"ASTIBERRI EDICIONES","post_excerpt":"","post_status":"publish","comment_status":"closed","ping_status":"closed","post_password":"","post_name":"astiberri-ediciones","to_ping":"","pinged":"","post_modified":"2022-07-28 17:45:32","post_modified_gmt":"2022-07-28 15:45:32","post_content_filtered":"","post_parent":0,"guid":"http:\/\/dev.claret.cat\/editorial\/astiberri-ediciones\/","menu_order":0,"post_type":"editorial","post_mime_type":"","comment_count":"0","filter":"raw"}],"autor":"ALBA, TYTO","codart":"841757588","libros-coleccion":"Sill\u00f3n Orejero","ediciones":"1","encuadernacion":"Carton\u00e9","fecha_de_publicacion":"01\/01\/2021","novedad":"1","paginas":"96","subtitulo":"","orden":"0","portada":"0","idioma":"spa","autores-libros":[{"ID":170671,"post_author":"3","post_date":"2022-10-14 22:37:14","post_date_gmt":"2022-10-14 20:37:14","post_content":"","post_title":"TYTO ALBA","post_excerpt":"","post_status":"publish","comment_status":"closed","ping_status":"closed","post_password":"","post_name":"tyto-alba","to_ping":"","pinged":"","post_modified":"2022-10-14 22:37:14","post_modified_gmt":"2022-10-14 20:37:14","post_content_filtered":"","post_parent":0,"guid":"http:\/\/dev.claret.cat\/autor\/tyto-alba\/","menu_order":0,"post_type":"autor","post_mime_type":"","comment_count":"0","filter":"raw"}]},"aioseo_notices":[],"_links":{"self":[{"href":"https:\/\/www.claret.cat\/es\/wp-json\/wp\/v2\/product\/98030","targetHints":{"allow":["GET"]}}],"collection":[{"href":"https:\/\/www.claret.cat\/es\/wp-json\/wp\/v2\/product"}],"about":[{"href":"https:\/\/www.claret.cat\/es\/wp-json\/wp\/v2\/types\/product"}],"wp:featuredmedia":[{"embeddable":true,"href":"https:\/\/www.claret.cat\/es\/wp-json\/wp\/v2\/media\/98031"}],"wp:attachment":[{"href":"https:\/\/www.claret.cat\/es\/wp-json\/wp\/v2\/media?parent=98030"}],"wp:term":[{"taxonomy":"product_brand","embeddable":true,"href":"https:\/\/www.claret.cat\/es\/wp-json\/wp\/v2\/product_brand?post=98030"},{"taxonomy":"product_cat","embeddable":true,"href":"https:\/\/www.claret.cat\/es\/wp-json\/wp\/v2\/product_cat?post=98030"},{"taxonomy":"product_tag","embeddable":true,"href":"https:\/\/www.claret.cat\/es\/wp-json\/wp\/v2\/product_tag?post=98030"}],"curies":[{"name":"wp","href":"https:\/\/api.w.org\/{rel}","templated":true}]}}